{"id":872,"date":"2014-09-09T11:54:21","date_gmt":"2014-09-09T11:54:21","guid":{"rendered":"http:\/\/naehchstenliebe.de\/?page_id=872"},"modified":"2014-10-14T12:18:38","modified_gmt":"2014-10-14T12:18:38","slug":"kindertaschen","status":"publish","type":"page","link":"http:\/\/naehchstenliebe.de\/?page_id=872","title":{"rendered":"Kindertaschen"},"content":{"rendered":"<div class=\"fcbkbttn_buttons_block\" id=\"fcbkbttn_left\"><div class=\"fcbkbttn_like \"><fb:like href=\"http:\/\/naehchstenliebe.de\/?page_id=872\" action=\"like\" colorscheme=\"light\" layout=\"button_count\"  size=\"small\"><\/fb:like><\/div><\/div><p><a href=\"http:\/\/naehchstenliebe.de\/wp-content\/uploads\/2014\/09\/Collage2.jpg\"><img loading=\"lazy\" decoding=\"async\" class=\"alignleft wp-image-870 size-medium\" src=\"http:\/\/naehchstenliebe.de\/wp-content\/uploads\/2014\/09\/Collage2-300x229.jpg\" alt=\"Rucksack Orange-Bambi\" width=\"300\" height=\"229\" srcset=\"http:\/\/naehchstenliebe.de\/wp-content\/uploads\/2014\/09\/Collage2-300x229.jpg 300w, http:\/\/naehchstenliebe.de\/wp-content\/uploads\/2014\/09\/Collage2-1024x784.jpg 1024w, http:\/\/naehchstenliebe.de\/wp-content\/uploads\/2014\/09\/Collage2-391x300.jpg 391w\" sizes=\"auto, (max-width: 300px) 100vw, 300px\" \/><\/a><em><strong>Kinderrucksack &#8222;Orange-Bambi&#8220;<\/strong><\/em><\/p>\n<p style=\"text-align: justify;\">Dieser Kinderrucksack wurde nach dem Schnittmuster von <a href=\"http:\/\/www.liebeling.com\/\" target=\"_blank\">Liebeling<\/a> gen\u00e4ht.<\/p>\n<p>Mit aufgesetzter Tasche und einer Klappe wird ein Highligt gesetzt.<\/p>\n<p>&nbsp;<\/p>\n<p>&nbsp;<\/p>\n<p><a href=\"http:\/\/naehchstenliebe.de\/wp-content\/uploads\/2014\/09\/Kindergartentasche.jpg\"><img loading=\"lazy\" decoding=\"async\" class=\"alignleft wp-image-917 size-medium\" src=\"http:\/\/naehchstenliebe.de\/wp-content\/uploads\/2014\/09\/Kindergartentasche-224x300.jpg\" alt=\"Kindergartentasche Elephant\" width=\"224\" height=\"300\" srcset=\"http:\/\/naehchstenliebe.de\/wp-content\/uploads\/2014\/09\/Kindergartentasche-224x300.jpg 224w, http:\/\/naehchstenliebe.de\/wp-content\/uploads\/2014\/09\/Kindergartentasche-767x1024.jpg 767w, http:\/\/naehchstenliebe.de\/wp-content\/uploads\/2014\/09\/Kindergartentasche.jpg 1346w\" sizes=\"auto, (max-width: 224px) 100vw, 224px\" \/><\/a><em><strong>Kindergartentasche &#8222;Elephant&#8220;<\/strong><\/em><\/p>\n<p style=\"text-align: justify;\">Dieses kleine T\u00e4schchen ist f\u00fcr die kleine Lady. Genau richtig f\u00fcr den Kindergarten. Es passt das Fr\u00fchst\u00fcck rein und man k\u00f6nnte individuell ein Klettverschluss befestigen oder ein Rei\u00dfverschluss oder ein Druckknopf.<\/p>\n<p>&nbsp;<\/p>\n<p>&nbsp;<\/p>\n<p>&nbsp;<\/p>\n<p>&nbsp;<\/p>\n<p><a href=\"http:\/\/naehchstenliebe.de\/wp-content\/uploads\/2014\/09\/Little-Princess.jpg\"><img loading=\"lazy\" decoding=\"async\" class=\"alignleft wp-image-922 size-medium\" src=\"http:\/\/naehchstenliebe.de\/wp-content\/uploads\/2014\/09\/Little-Princess-300x247.jpg\" alt=\"Kinderrucksack Little Princess\" width=\"300\" height=\"247\" srcset=\"http:\/\/naehchstenliebe.de\/wp-content\/uploads\/2014\/09\/Little-Princess-300x247.jpg 300w, http:\/\/naehchstenliebe.de\/wp-content\/uploads\/2014\/09\/Little-Princess-1024x843.jpg 1024w, http:\/\/naehchstenliebe.de\/wp-content\/uploads\/2014\/09\/Little-Princess-364x300.jpg 364w\" sizes=\"auto, (max-width: 300px) 100vw, 300px\" \/><\/a><strong>Kinderrucksack &#8222;Little Princess&#8220;<\/strong><\/em><\/p>\n<p style=\"text-align: justify;\">Dieser Kinderrucksack wurde nach dem Schnittmuster von <a href=\"http:\/\/www.liebeling.com\/\" target=\"_blank\">Liebeling<\/a> gen\u00e4ht.<\/p>\n<p style=\"text-align: justify;\">Er wird durch ein Gummizug verschlossen und die Klappe mit einem Druckknopf verschlie\u00dft ihn zus\u00e4tzlich.<\/p>\n","protected":false},"excerpt":{"rendered":"<p>Kinderrucksack &#8222;Orange-Bambi&#8220; Dieser Kinderrucksack wurde nach dem Schnittmuster von Liebeling gen\u00e4ht. Mit aufgesetzter Tasche und einer Klappe wird ein Highligt gesetzt. &nbsp; &nbsp; Kindergartentasche &#8222;Elephant&#8220; Dieses kleine T\u00e4schchen ist f\u00fcr die kleine Lady. Genau richtig f\u00fcr den Kindergarten. Es passt &hellip; <a href=\"http:\/\/naehchstenliebe.de\/?page_id=872\">Weiterlesen <span class=\"meta-nav\">&rarr;<\/span><\/a><\/p>\n","protected":false},"author":2,"featured_media":0,"parent":0,"menu_order":0,"comment_status":"open","ping_status":"open","template":"","meta":{"footnotes":""},"class_list":["post-872","page","type-page","status-publish","hentry"],"_links":{"self":[{"href":"http:\/\/naehchstenliebe.de\/index.php?rest_route=\/wp\/v2\/pages\/872","targetHints":{"allow":["GET"]}}],"collection":[{"href":"http:\/\/naehchstenliebe.de\/index.php?rest_route=\/wp\/v2\/pages"}],"about":[{"href":"http:\/\/naehchstenliebe.de\/index.php?rest_route=\/wp\/v2\/types\/page"}],"author":[{"embeddable":true,"href":"http:\/\/naehchstenliebe.de\/index.php?rest_route=\/wp\/v2\/users\/2"}],"replies":[{"embeddable":true,"href":"http:\/\/naehchstenliebe.de\/index.php?rest_route=%2Fwp%2Fv2%2Fcomments&post=872"}],"version-history":[{"count":4,"href":"http:\/\/naehchstenliebe.de\/index.php?rest_route=\/wp\/v2\/pages\/872\/revisions"}],"predecessor-version":[{"id":923,"href":"http:\/\/naehchstenliebe.de\/index.php?rest_route=\/wp\/v2\/pages\/872\/revisions\/923"}],"wp:attachment":[{"href":"http:\/\/naehchstenliebe.de\/index.php?rest_route=%2Fwp%2Fv2%2Fmedia&parent=872"}],"curies":[{"name":"wp","href":"https:\/\/api.w.org\/{rel}","templated":true}]}}