{"id":79,"date":"2014-02-19T19:44:19","date_gmt":"2014-02-19T19:44:19","guid":{"rendered":"http:\/\/naehchstenliebe.de\/?page_id=79"},"modified":"2015-03-10T11:07:42","modified_gmt":"2015-03-10T11:07:42","slug":"taschen","status":"publish","type":"page","link":"http:\/\/naehchstenliebe.de\/?page_id=79","title":{"rendered":"Taschen"},"content":{"rendered":"<div class=\"fcbkbttn_buttons_block\" id=\"fcbkbttn_left\"><div class=\"fcbkbttn_like \"><fb:like href=\"http:\/\/naehchstenliebe.de\/?page_id=79\" action=\"like\" colorscheme=\"light\" layout=\"button_count\"  size=\"small\"><\/fb:like><\/div><\/div><table class=\"nl-manual-table\">\n<tbody>\n<tr>\n<td style=\"vertical-align: top; width: 120px;\" rowspan=\"2\">\n<div><img decoding=\"async\" class=\"nl-manual-item-image\" src=\"http:\/\/naehchstenliebe.de\/wp-content\/uploads\/2014\/02\/naehchstenliebe_tasche_tesoro-bag_thumb.jpg\" alt=\"Tasche\" \/><\/div>\n<\/td>\n<td><span class=\"nl-manual-item-title\">Kosmetiktasche &#8222;Tesoro-Bag&#8220;<\/span><\/td>\n<\/tr>\n<tr>\n<td><span class=\"nl-manual-item-description\">Eine kleine Kosmetiktasche<\/span><\/td>\n<\/tr>\n<tr class=\"nl-manual-linkrow\">\n<td colspan=\"2\">\n<div class=\"manual-youtube-link\"><a style=\"text-decoration: none;\" title=\"Anleitung als PDF\" href=\"http:\/\/naehchstenliebe.de\/wp-content\/uploads\/2014\/02\/Naehchstenliebe_Tasche_Tesoro-Bag.pdf\" target=\"_blank\"><img loading=\"lazy\" decoding=\"async\" style=\"border: 0;\" src=\"http:\/\/naehchstenliebe.de\/wp-content\/themes\/twentyeleven-child\/images\/icon_pdf_32.png\" alt=\"\" width=\"32\" height=\"32\" \/><\/a><\/div>\n<\/td>\n<\/tr>\n<\/tbody>\n<\/table>\n<table class=\"nl-manual-table\">\n<tbody>\n<tr>\n<td style=\"vertical-align: top; width: 120px;\" rowspan=\"2\">\n<div><img decoding=\"async\" class=\"nl-manual-item-image\" src=\"http:\/\/naehchstenliebe.de\/wp-content\/uploads\/2014\/03\/naehchstenliebe_tasche_dukeofburgundybag_thumb.jpg\" alt=\"Tasche\" \/><\/div>\n<\/td>\n<td><span class=\"nl-manual-item-title\">Duke of Burgundy-Bag<\/span><\/td>\n<\/tr>\n<tr>\n<td><span class=\"nl-manual-item-description\">Eine Kosmetiktasche auf Basis von Pattydoo&#8217;s Susie in etwas abgewandelter Form.<\/span><\/td>\n<\/tr>\n<tr class=\"nl-manual-linkrow\">\n<td colspan=\"2\">\n<div class=\"manual-youtube-link\"><a style=\"text-decoration: none;\" title=\"Anleitung als Video\" href=\"http:\/\/www.youtube.com\/watch?v=y_c4gp2BIe4&amp;feature=player_embedded\" target=\"_blank\"><img loading=\"lazy\" decoding=\"async\" style=\"border: 0;\" src=\"http:\/\/naehchstenliebe.de\/wp-content\/themes\/twentyeleven-child\/images\/icon_youtube_32.png\" alt=\"\" width=\"32\" height=\"32\" \/><\/a><\/div>\n<\/td>\n<\/tr>\n<\/tbody>\n<\/table>\n<table class=\"nl-manual-table\">\n<tbody>\n<tr>\n<td style=\"vertical-align: top; width: 120px;\" rowspan=\"2\">\n<div><img decoding=\"async\" class=\"nl-manual-item-image\" src=\"http:\/\/naehchstenliebe.de\/wp-content\/uploads\/2014\/03\/naehchstenliebe_tasche_fashionbag_thumb.jpg\" alt=\"Tasche\" \/><\/div>\n<\/td>\n<td><span class=\"nl-manual-item-title\">Fashion-Bag<\/span><\/td>\n<\/tr>\n<tr>\n<td><span class=\"nl-manual-item-description\">Diese Tasche ist nach meinem eigenen Schnittmuster gen\u00e4ht. Au\u00dfen habe ich eine kleine Tasche aufgesetzt und innen ist eine Rei\u00dfverschlusstasche zu finden. Das Schnittmuster ist exklusiv f\u00fcr die <a href=\"http:\/\/jochenlinnemann.de\/?page_id=892\" target=\"_blank\">Schnittmuster APP<\/a> verf\u00fcgbar.<\/span><\/td>\n<\/tr>\n<tr class=\"nl-manual-linkrow\">\n<td colspan=\"2\">\n<div class=\"manual-youtube-link\"><a style=\"text-decoration: none;\" title=\"Fashion-Bag Teil 1\" href=\"https:\/\/www.youtube.com\/watch?v=dcmk_uW0CzI\" target=\"_blank\"><img loading=\"lazy\" decoding=\"async\" style=\"border: 0;\" src=\"http:\/\/naehchstenliebe.de\/wp-content\/themes\/twentyeleven-child\/images\/icon_youtube_32.png\" alt=\"\" width=\"32\" height=\"32\" \/><\/a><\/div>\n<div class=\"manual-youtube-link\"><a style=\"text-decoration: none;\" title=\"Fashion-Bag Teil 2\" href=\"https:\/\/www.youtube.com\/watch?v=zvCIUbyOKww\" target=\"_blank\"><img loading=\"lazy\" decoding=\"async\" style=\"border: 0;\" src=\"http:\/\/naehchstenliebe.de\/wp-content\/themes\/twentyeleven-child\/images\/icon_youtube_32.png\" alt=\"\" width=\"32\" height=\"32\" \/><\/a><\/div>\n<div class=\"manual-youtube-link\"><a style=\"text-decoration: none;\" title=\"Fashion-Bag Teil 3\" href=\"https:\/\/www.youtube.com\/watch?v=fqPJB8LXXko\" target=\"_blank\"><img loading=\"lazy\" decoding=\"async\" style=\"border: 0;\" src=\"http:\/\/naehchstenliebe.de\/wp-content\/themes\/twentyeleven-child\/images\/icon_youtube_32.png\" alt=\"\" width=\"32\" height=\"32\" \/><\/a><\/div>\n<\/td>\n<\/tr>\n<\/tbody>\n<\/table>\n<table class=\"nl-manual-table\">\n<tbody>\n<tr>\n<td style=\"vertical-align: top; width: 120px;\" rowspan=\"2\">\n<div><a href=\"http:\/\/naehchstenliebe.de\/wp-content\/uploads\/2014\/02\/Party-Princess.jpg\"><img loading=\"lazy\" decoding=\"async\" class=\"alignnone  wp-image-1168\" src=\"http:\/\/naehchstenliebe.de\/wp-content\/uploads\/2014\/02\/Party-Princess-300x169.jpg\" alt=\"Party Princess\" width=\"224\" height=\"130\" \/><\/a><\/div>\n<\/td>\n<td><span class=\"nl-manual-item-title\">Handgelenktasche &#8222;Party Princess&#8220;<\/span><\/td>\n<\/tr>\n<tr>\n<td style=\"text-align: justify;\"><span class=\"nl-manual-item-description\"><span data-reactid=\".nf.1:3:1:$comment434511633392262_434512190058873:0.0.$right.0.$left.0.0.1\"><span data-ft=\"{&quot;tn&quot;:&quot;K&quot;}\" data-reactid=\".nf.1:3:1:$comment434511633392262_434512190058873:0.0.$right.0.$left.0.0.1.$comment-body\"><span class=\"UFICommentBody\" data-reactid=\".nf.1:3:1:$comment434511633392262_434512190058873:0.0.$right.0.$left.0.0.1.$comment-body.0\"><span data-reactid=\".nf.1:3:1:$comment434511633392262_434512190058873:0.0.$right.0.$left.0.0.1.$comment-body.0.$end:0:$0:0\">Eine schicke Tasche zum Ausgehen; man ben\u00f6tigt nicht viel und das, was ben\u00f6tigt wird (Handy, Geld, Ausweis, Lippenstift) passt hinein.<\/span><\/span><\/span><\/span><\/span><\/td>\n<\/tr>\n<tr class=\"nl-manual-linkrow\">\n<td colspan=\"2\">\n<div class=\"manual-youtube-link\"><a style=\"text-decoration: none;\" title=\"Anleitung als Video\" href=\"https:\/\/www.youtube.com\/watch?v=AE-Vg94_oOM\" target=\"_blank\"><img loading=\"lazy\" decoding=\"async\" style=\"border: 0;\" src=\"http:\/\/naehchstenliebe.de\/wp-content\/themes\/twentyeleven-child\/images\/icon_youtube_32.png\" alt=\"\" width=\"32\" height=\"32\" \/><\/a><\/div>\n<\/td>\n<\/tr>\n<\/tbody>\n<\/table>\n","protected":false},"excerpt":{"rendered":"<p>Kosmetiktasche &#8222;Tesoro-Bag&#8220; Eine kleine Kosmetiktasche Duke of Burgundy-Bag Eine Kosmetiktasche auf Basis von Pattydoo&#8217;s Susie in etwas abgewandelter Form. Fashion-Bag Diese Tasche ist nach meinem eigenen Schnittmuster gen\u00e4ht. Au\u00dfen habe ich eine kleine Tasche aufgesetzt und innen ist eine Rei\u00dfverschlusstasche &hellip; <a href=\"http:\/\/naehchstenliebe.de\/?page_id=79\">Weiterlesen <span class=\"meta-nav\">&rarr;<\/span><\/a><\/p>\n","protected":false},"author":1,"featured_media":0,"parent":0,"menu_order":0,"comment_status":"closed","ping_status":"closed","template":"","meta":{"footnotes":""},"class_list":["post-79","page","type-page","status-publish","hentry"],"_links":{"self":[{"href":"http:\/\/naehchstenliebe.de\/index.php?rest_route=\/wp\/v2\/pages\/79","targetHints":{"allow":["GET"]}}],"collection":[{"href":"http:\/\/naehchstenliebe.de\/index.php?rest_route=\/wp\/v2\/pages"}],"about":[{"href":"http:\/\/naehchstenliebe.de\/index.php?rest_route=\/wp\/v2\/types\/page"}],"author":[{"embeddable":true,"href":"http:\/\/naehchstenliebe.de\/index.php?rest_route=\/wp\/v2\/users\/1"}],"replies":[{"embeddable":true,"href":"http:\/\/naehchstenliebe.de\/index.php?rest_route=%2Fwp%2Fv2%2Fcomments&post=79"}],"version-history":[{"count":24,"href":"http:\/\/naehchstenliebe.de\/index.php?rest_route=\/wp\/v2\/pages\/79\/revisions"}],"predecessor-version":[{"id":1167,"href":"http:\/\/naehchstenliebe.de\/index.php?rest_route=\/wp\/v2\/pages\/79\/revisions\/1167"}],"wp:attachment":[{"href":"http:\/\/naehchstenliebe.de\/index.php?rest_route=%2Fwp%2Fv2%2Fmedia&parent=79"}],"curies":[{"name":"wp","href":"https:\/\/api.w.org\/{rel}","templated":true}]}}