{"id":693,"date":"2014-06-01T11:39:45","date_gmt":"2014-06-01T11:39:45","guid":{"rendered":"http:\/\/naehchstenliebe.de\/?page_id=693"},"modified":"2014-06-20T18:56:08","modified_gmt":"2014-06-20T18:56:08","slug":"wettbewerb-kissenparade","status":"publish","type":"page","link":"http:\/\/naehchstenliebe.de\/?page_id=693","title":{"rendered":"Wettbewerb &#8211; Kissenparade"},"content":{"rendered":"<div class=\"fcbkbttn_buttons_block\" id=\"fcbkbttn_left\"><div class=\"fcbkbttn_like \"><fb:like href=\"http:\/\/naehchstenliebe.de\/?page_id=693\" action=\"like\" colorscheme=\"light\" layout=\"button_count\"  size=\"small\"><\/fb:like><\/div><\/div><p style=\"font-size: 20pt;font-weight:bold;margin-bottom:2px;padding-bottom:2px;\">Die Gewinner stehen fest!<\/p>\n<p style=\"text-align: justify;\">Auch, wenn offiziell noch eine Stimme fehlt, &auml;ndert diese nichts mehr am Ergebnis. Einsendung Nr. 2 belegt den ersten Platz. Herzlichen Gl&uuml;ckwunsch. Hier das Siegertreppchen:<\/p>\n<p style=\"text-align: justify;\">\n<ul>\n<li><strong>Platz 1: <\/strong>Einsendung 2: Patchworkkissen mit Bambi. <\/li>\n<li><strong>Platz 2: <\/strong>Einsendung 6: Patchworkkissen mit Herz.<\/li>\n<li><strong>Platz 3: <\/strong>Einsendung 1,3 und 7: Traumwolke, Doppelkissen und R&uuml;schenkissen.<\/li>\n<\/ul>\n<p style=\"text-align: justify;\">Die Teilnehmerinnen auf dem Treppchen bitte ich herzlichst, mir per <a title=\"Mail\" href=\"mailto:nicole@naehchstenliebe.de?subject=Wettbewerb:%20Meine%20Adresse\"><strong>Mail<\/strong><\/a> ihre Adressen mitzuteilen, damit ich die Gewinne verschicken kann. \ud83d\ude42 Vielen Dank euch allen f&uuml;rs Mitmachen, es wird bestimmt nicht der letzte Wettbewerb gewesen sein.<\/p>\n<hr \/>\n<div style=\"background-color: rgba(70, 70, 70, 0.22);\">\n<p style=\"font-size: 20pt; color:#FF0000;font-weight:bold;margin-bottom:2px;padding-bottom:2px;\">Stichwahl<\/p>\n<p style=\"text-align: justify;\">Es ist vollbracht. Ihr habt Eure Stimmen abgegeben. Warum seht ihr hier keine Platzierungen? Ganz einfach, es haben mehrere Einsendungen die gleiche Stimmenzahl erhalten. Da der erste Platz aber nur an eine Einsendung gehen kann und soll und ich nicht unfair das Los entscheiden lassen will, kommt es zur <strong>Stichwahl<\/strong>.<\/p>\n<p style=\"text-align: justify;\"><strong>Jeder von Euch Teilnehmern (die Einsender der beiden Kissen nat&uuml;rlich ausgenommen) hat eine Stimme<\/strong>, die er wie gewohnt f&uuml;r eine der genannten Einsendungen abgeben kann. Bei f&uuml;nf verbleibenden stimmf&auml;higen Teilnehmern haben wir dann ein eindeutiges Ergebnis.<\/p>\n<p style=\"text-align: justify;\"><strong>Ich w&uuml;rde Euch bitten, Eure Stimmen f&uuml;r die Stichwahl schnellstm&ouml;glich abzugeben. \ud83d\ude42<\/strong><\/p>\n<div style=\"display: table;\">\n<p style=\"text-align: justify;\"><a href=\"http:\/\/naehchstenliebe.de\/wp-content\/uploads\/2014\/06\/einsendung_zwei.jpeg\"><img loading=\"lazy\" decoding=\"async\" class=\"wp-image-244 alignleft\" title=\"Einsendung Zwei\" src=\"http:\/\/naehchstenliebe.de\/wp-content\/uploads\/2014\/06\/einsendung_zwei.jpeg\" alt=\"einsendung_zwei\" width=\"246\" height=\"255\" \/><\/a><\/p>\n<p style=\"text-align: justify;\"><strong>Einsendung Zwei<\/strong><\/p>\n<p style=\"text-align: justify;\">Das Lieblingskissen der Einsenderin bzw. des Einsenders, ein Patchwork-Kissen mit einem applizierten schwarzen Bambi.<\/p>\n<\/div>\n<div style=\"display: table;\">\n<p style=\"text-align: justify;\"><a href=\"http:\/\/naehchstenliebe.de\/wp-content\/uploads\/2014\/06\/einsendung_sechs.jpeg\"><img loading=\"lazy\" decoding=\"async\" class=\"wp-image-244 alignleft\" title=\"Einsendung Sechs\" src=\"http:\/\/naehchstenliebe.de\/wp-content\/uploads\/2014\/06\/einsendung_sechs.jpeg\" alt=\"einsendung_sechs\" width=\"246\" height=\"255\" \/><\/a><\/p>\n<p style=\"text-align: justify;\"><strong>Einsendung Sechs<\/strong><\/p>\n<p style=\"text-align: justify;\">Ein gepatchtes Herzkissen als Valentinstagsgeschenk. Die erste Patcharbeit der einsendenden Person.<\/p>\n<\/div>\n<\/div>\n<hr \/>\n<div style=\"background-color: rgba(70, 70, 70, 0.22);\">\n<p style=\"text-align: justify;\">\nBis gestern konntet ihr mir noch eure Kissen zusenden. Insgesamt sind es sieben Teilnehmer, die ihre Werke hier bewerten lassen m\u00f6chten. \ud83d\ude42<\/p>\n<p>Ab heute k\u00f6nnen diese sieben Teilnehmer ihre Stimme abgeben. <strong>Jeder<\/strong> hat <strong>zwei<\/strong> Stimmen, die er vergeben kann, nat\u00fcrlich <b>nicht<\/b> f\u00fcr sein <strong>eigenes<\/strong> Werk. \ud83d\ude42<\/p>\n<p>Voten k\u00f6nnt ihr bis einschlie\u00dflich dem <strong>15. Juni 2014<\/strong>. Wer die meisten Stimmen erh\u00e4lt, bekommt einen <strong>tollen Preis<\/strong> von mir.<\/p>\n<p>Klickt einfach auf &quot;per Mail abstimmen&quot;, dann \u00f6ffnet sich euer Mailprogramm mit einer vorbereiteten Mail, die Ihr dann direkt versenden k\u00f6nnt. Der Link gilt f\u00fcr das Kissen links neben ihm bzw. auf Smartphones meist \u00fcber ihm. Da ihr zwei Stimmen zu vergeben habt, sucht euch ein weiteres Kissen aus und verfahrt ebenso.<\/p>\n<p>Ich werte diese dann am 16. Juni aus.<\/p>\n<p>Ich w\u00fcnsche euch allen viel Gl\u00fcck und Erfolg und dr\u00fccke jedem von Euch fest die Daumen \ud83d\ude42\n<\/p>\n<p style=\"text-align: justify;color:#FF0000\"><strong>HINWEIS:<\/strong> Da es jetzt h&auml;ufiger vorgekommen ist, hier nochmal der Hinweis: Ich finde es toll, dass durch den Wettbewerb auch viele N&auml;hinteressierte meine kleine Seite besuchen, aber nur <strong>Teilnehmer des Wettbewerbs<\/strong> d&uuml;rfen abstimmen. <br \/> Warum ist das so: Ich m&ouml;chte vermeiden, dass einzelne Einsendungen k&uuml;nstlich &quot;hochgevotet&quot; werden, weil ich das schon oft bei solchen Abstimmungen gesehen habe und ich es schade fand, dass so die &quot;echten&quot; Stimmen in den Hintergrund traten.<\/p>\n<div style=\"display: table;\">\n<p style=\"text-align: justify;\"><a href=\"http:\/\/naehchstenliebe.de\/wp-content\/uploads\/2014\/06\/einsendung_eins.jpg\"><img loading=\"lazy\" decoding=\"async\" class=\"wp-image-244 alignleft\" title=\"Einsendung Eins\" src=\"http:\/\/naehchstenliebe.de\/wp-content\/uploads\/2014\/06\/einsendung_eins.jpg\" alt=\"einsendung_eins\" width=\"246\" height=\"255\" \/><\/a><\/p>\n<p style=\"text-align: justify;\"><strong>Einsendung Eins<\/strong><\/p>\n<p style=\"text-align: justify;\">Ein Zirbenholz\/Lavendel-Kissen und die pers\u00f6nliche Traumwolke des Einsenders\/der Einsenderin.<\/p>\n<\/div>\n<div style=\"display: table;\">\n<p style=\"text-align: justify;\"><a href=\"http:\/\/naehchstenliebe.de\/wp-content\/uploads\/2014\/06\/einsendung_zwei.jpeg\"><img loading=\"lazy\" decoding=\"async\" class=\"wp-image-244 alignleft\" title=\"Einsendung Zwei\" src=\"http:\/\/naehchstenliebe.de\/wp-content\/uploads\/2014\/06\/einsendung_zwei.jpeg\" alt=\"einsendung_zwei\" width=\"246\" height=\"255\" \/><\/a><\/p>\n<p style=\"text-align: justify;\"><strong>Einsendung Zwei<\/strong><\/p>\n<p style=\"text-align: justify;\">Das Lieblingskissen der Einsenderin bzw. des Einsenders, ein Patchwork-Kissen mit einem applizierten schwarzen Bambi.<\/p>\n<\/div>\n<div style=\"display: table;\">\n<p style=\"text-align: justify;\"><a href=\"http:\/\/naehchstenliebe.de\/wp-content\/uploads\/2014\/06\/einsendung_drei.jpeg\"><img loading=\"lazy\" decoding=\"async\" class=\"wp-image-244 alignleft\" title=\"Einsendung Drei\" src=\"http:\/\/naehchstenliebe.de\/wp-content\/uploads\/2014\/06\/einsendung_drei.jpeg\" alt=\"einsendung_drei\" width=\"246\" height=\"255\" \/><\/a><\/p>\n<p style=\"text-align: justify;\"><strong>Einsendung Drei<\/strong><\/p>\n<p style=\"text-align: justify;\">Doppelkissen, welches der Einsender\/die Einsenderin zur Hochzeit eines befreundeten Paares gen&auml;ht hat.<\/p>\n<\/div>\n<div style=\"display: table;\">\n<p style=\"text-align: justify;\"><a href=\"http:\/\/naehchstenliebe.de\/wp-content\/uploads\/2014\/06\/einsendung_vier_cut.jpeg\"><img decoding=\"async\" class=\"wp-image-244 alignleft\" title=\"Einsendung Vier\" src=\"http:\/\/naehchstenliebe.de\/wp-content\/uploads\/2014\/06\/einsendung_vier_cut.jpeg\" alt=\"einsendung_vier\" width=\"244\" \/><\/a><\/p>\n<p style=\"text-align: justify;\"><strong>Einsendung Vier<\/strong><\/p>\n<p style=\"text-align: justify;\">Das Kissen-Erstlingswerk der einsendenden Person, ein Patchworkkissen mit ein Fleece-Streifen.<\/p>\n<\/div>\n<div style=\"display: table;\">\n<p style=\"text-align: justify;\"><a href=\"http:\/\/naehchstenliebe.de\/wp-content\/uploads\/2014\/06\/einsendung_fuenf.jpeg\"><img loading=\"lazy\" decoding=\"async\" class=\"wp-image-244 alignleft\" title=\"Einsendung F&uuml;nf\" src=\"http:\/\/naehchstenliebe.de\/wp-content\/uploads\/2014\/06\/einsendung_fuenf.jpeg\" alt=\"einsendung_fuenf\" width=\"246\" height=\"255\" \/><\/a><\/p>\n<p style=\"text-align: justify;\"><strong>Einsendung F&uuml;nf<\/strong><\/p>\n<p style=\"text-align: justify;\">Ein Geschenk des Einsenders\/der Einsenderin f\u00fcr die Eltern, die sich zu Weihnachten eine Kreuzfahrt w\u00fcnschten und dieses Kissen als Dreingabe erhielten.<\/p>\n<\/div>\n<div style=\"display: table;\">\n<p style=\"text-align: justify;\"><a href=\"http:\/\/naehchstenliebe.de\/wp-content\/uploads\/2014\/06\/einsendung_sechs.jpeg\"><img loading=\"lazy\" decoding=\"async\" class=\"wp-image-244 alignleft\" title=\"Einsendung Sechs\" src=\"http:\/\/naehchstenliebe.de\/wp-content\/uploads\/2014\/06\/einsendung_sechs.jpeg\" alt=\"einsendung_sechs\" width=\"246\" height=\"255\" \/><\/a><\/p>\n<p style=\"text-align: justify;\"><strong>Einsendung Sechs<\/strong><\/p>\n<p style=\"text-align: justify;\">Ein gepatchtes Herzkissen als Valentinstagsgeschenk. Die erste Patcharbeit der einsendenden Person.<\/p>\n<\/div>\n<div style=\"display: table;\">\n<p style=\"text-align: justify;\"><a href=\"http:\/\/naehchstenliebe.de\/wp-content\/uploads\/2014\/06\/einsendung_sieben.jpeg\"><img loading=\"lazy\" decoding=\"async\" class=\"wp-image-244 alignleft\" title=\"Einsendung Sieben\" src=\"http:\/\/naehchstenliebe.de\/wp-content\/uploads\/2014\/06\/einsendung_sieben.jpeg\" alt=\"einsendung_sieben\" width=\"246\" height=\"255\" \/><\/a><\/p>\n<p style=\"text-align: justify;\"><strong>Einsendung Sieben<\/strong><\/p>\n<p style=\"text-align: justify;\">Ein R\u00fcschenkissen, welches das erste N&auml;hwerk des Einsenders\/der Einsenderin war.<\/p>\n<\/div>\n<\/div>\n","protected":false},"excerpt":{"rendered":"<p>Die Gewinner stehen fest! Auch, wenn offiziell noch eine Stimme fehlt, &auml;ndert diese nichts mehr am Ergebnis. Einsendung Nr. 2 belegt den ersten Platz. Herzlichen Gl&uuml;ckwunsch. Hier das Siegertreppchen: Platz 1: Einsendung 2: Patchworkkissen mit Bambi. Platz 2: Einsendung 6: &hellip; <a href=\"http:\/\/naehchstenliebe.de\/?page_id=693\">Weiterlesen <span class=\"meta-nav\">&rarr;<\/span><\/a><\/p>\n","protected":false},"author":1,"featured_media":0,"parent":0,"menu_order":0,"comment_status":"open","ping_status":"open","template":"","meta":{"footnotes":""},"class_list":["post-693","page","type-page","status-publish","hentry"],"_links":{"self":[{"href":"http:\/\/naehchstenliebe.de\/index.php?rest_route=\/wp\/v2\/pages\/693","targetHints":{"allow":["GET"]}}],"collection":[{"href":"http:\/\/naehchstenliebe.de\/index.php?rest_route=\/wp\/v2\/pages"}],"about":[{"href":"http:\/\/naehchstenliebe.de\/index.php?rest_route=\/wp\/v2\/types\/page"}],"author":[{"embeddable":true,"href":"http:\/\/naehchstenliebe.de\/index.php?rest_route=\/wp\/v2\/users\/1"}],"replies":[{"embeddable":true,"href":"http:\/\/naehchstenliebe.de\/index.php?rest_route=%2Fwp%2Fv2%2Fcomments&post=693"}],"version-history":[{"count":39,"href":"http:\/\/naehchstenliebe.de\/index.php?rest_route=\/wp\/v2\/pages\/693\/revisions"}],"predecessor-version":[{"id":773,"href":"http:\/\/naehchstenliebe.de\/index.php?rest_route=\/wp\/v2\/pages\/693\/revisions\/773"}],"wp:attachment":[{"href":"http:\/\/naehchstenliebe.de\/index.php?rest_route=%2Fwp%2Fv2%2Fmedia&parent=693"}],"curies":[{"name":"wp","href":"https:\/\/api.w.org\/{rel}","templated":true}]}}