{"id":645,"date":"2014-05-19T09:16:54","date_gmt":"2014-05-19T09:16:54","guid":{"rendered":"http:\/\/naehchstenliebe.de\/?page_id=645"},"modified":"2014-05-20T19:22:19","modified_gmt":"2014-05-20T19:22:19","slug":"baby-collection","status":"publish","type":"page","link":"http:\/\/naehchstenliebe.de\/?page_id=645","title":{"rendered":"Baby Collection"},"content":{"rendered":"<div class=\"fcbkbttn_buttons_block\" id=\"fcbkbttn_left\"><div class=\"fcbkbttn_like \"><fb:like href=\"http:\/\/naehchstenliebe.de\/?page_id=645\" action=\"like\" colorscheme=\"light\" layout=\"button_count\"  size=\"small\"><\/fb:like><\/div><\/div><p style=\"text-align: justify;\">Endlich kann ich euch meine Projekte der letzten Zeit zeigen. Ich durfte sie noch nicht ver\u00f6ffentlichen, weil es Geschenke f\u00fcr ein befreundetes P\u00e4rchen waren, die frisch Eltern geworden sind. Gestern durften wir den kleinen Mann kennenlernen und somit auch die Geschenke dem jungen Elternpaar \u00fcbergeben. Das hei\u00dft auch gleichzeitig, dass ich euch diese gen\u00e4hten Dinge zeigen kann \ud83d\ude42<\/p>\n<p style=\"text-align: justify;\">Ich denke, dass sie sich unsere Freunde sehr dar\u00fcber gefreut haben, auch wenn sie anfangs nicht davon ausgegangen sind, dass die Decke selbst gen\u00e4ht ist \ud83d\ude09<\/p>\n<p style=\"text-align: justify;\">Was ist bei meiner Arbeit herausgekommen?!<\/p>\n<ul>\n<li style=\"text-align: justify;\">Eine kleine <strong><em>Patchworkdecke<\/em><\/strong>, die sich hervorragend f\u00fcrs Bettchen eignet, aber auch als Krabbeldecke, da sie warm h\u00e4lt (R\u00fcckseite ist aus Fleece) und auch gepolstert ist.<\/li>\n<\/ul>\n<p style=\"text-align: center;\"><a href=\"http:\/\/naehchstenliebe.de\/wp-content\/uploads\/2014\/05\/Collage-Baby-Decke-Green-Batagur-Blog.png\"><img loading=\"lazy\" decoding=\"async\" class=\"size-medium wp-image-646 aligncenter\" src=\"http:\/\/naehchstenliebe.de\/wp-content\/uploads\/2014\/05\/Collage-Baby-Decke-Green-Batagur-Blog-300x212.png\" alt=\"Collage Baby-Decke Green Batagur\" width=\"300\" height=\"212\" srcset=\"http:\/\/naehchstenliebe.de\/wp-content\/uploads\/2014\/05\/Collage-Baby-Decke-Green-Batagur-Blog-300x212.png 300w, http:\/\/naehchstenliebe.de\/wp-content\/uploads\/2014\/05\/Collage-Baby-Decke-Green-Batagur-Blog-424x300.png 424w, http:\/\/naehchstenliebe.de\/wp-content\/uploads\/2014\/05\/Collage-Baby-Decke-Green-Batagur-Blog.png 901w\" sizes=\"auto, (max-width: 300px) 100vw, 300px\" \/><\/a><a title=\"Patchworkdecke\" href=\"http:\/\/naehchstenliebe.de\/wp-content\/uploads\/2014\/05\/Naehchstenliebe_BabyKind_Patchworkdecke.pdf\" target=\"_blank\"><em> hier gehts zur Anleitung<\/em><\/a><\/p>\n<p>&nbsp;<\/p>\n<ul>\n<li>Ein <strong><em>Body<\/em> <\/strong>mit passender <em><strong>Beanie-M\u00fctze,<\/strong><\/em> aus einem Yersey mit niedlichem Schildkr\u00f6tenmotiv, die auch ein Innenfutter besitzt, ebenfalls Yersey.<\/li>\n<\/ul>\n<p><a href=\"http:\/\/naehchstenliebe.de\/wp-content\/uploads\/2014\/05\/La-petite-tortue-Beanie-blog.jpg\"><img loading=\"lazy\" decoding=\"async\" class=\"alignnone size-medium wp-image-647\" src=\"http:\/\/naehchstenliebe.de\/wp-content\/uploads\/2014\/05\/La-petite-tortue-Beanie-blog-211x300.jpg\" alt=\"La petite tortue Beanie\" width=\"211\" height=\"300\" srcset=\"http:\/\/naehchstenliebe.de\/wp-content\/uploads\/2014\/05\/La-petite-tortue-Beanie-blog-211x300.jpg 211w, http:\/\/naehchstenliebe.de\/wp-content\/uploads\/2014\/05\/La-petite-tortue-Beanie-blog-722x1024.jpg 722w, http:\/\/naehchstenliebe.de\/wp-content\/uploads\/2014\/05\/La-petite-tortue-Beanie-blog.jpg 1681w\" sizes=\"auto, (max-width: 211px) 100vw, 211px\" \/><\/a><a href=\"http:\/\/naehchstenliebe.de\/wp-content\/uploads\/2014\/05\/Babybody-La-petite-tortue-blog.jpg\"><img loading=\"lazy\" decoding=\"async\" class=\"alignnone  wp-image-648\" src=\"http:\/\/naehchstenliebe.de\/wp-content\/uploads\/2014\/05\/Babybody-La-petite-tortue-blog-300x188.jpg\" alt=\"Babybody la petite tortue\" width=\"314\" height=\"201\" \/><\/a><\/p>\n<ul>\n<li>Eine <em><strong>Beanie<\/strong> <\/em>mit<strong><em> passendem Halstuch. <\/em><\/strong>Der Au\u00dfenstoff ist ein Baumwollstoff mit kleinen Igelchen drauf und der Innenstoff ist aus Fleece, damit der Hals und das K\u00f6pfchen auch sch\u00f6n warm gehalten werden.<\/li>\n<\/ul>\n<p style=\"text-align: justify;\"><a href=\"http:\/\/naehchstenliebe.de\/wp-content\/uploads\/2014\/05\/Hedgepig-Halstuch-blog.jpg\"><img loading=\"lazy\" decoding=\"async\" class=\" wp-image-649\" src=\"http:\/\/naehchstenliebe.de\/wp-content\/uploads\/2014\/05\/Hedgepig-Halstuch-blog-300x191.jpg\" alt=\"Hedgepig Halstuch \" width=\"272\" height=\"177\" \/><\/a><img loading=\"lazy\" decoding=\"async\" class=\"alignnone  wp-image-650\" src=\"http:\/\/naehchstenliebe.de\/wp-content\/uploads\/2014\/05\/Beanie-Hedgepig-300x126.jpg\" alt=\"Beanie hedgepig\" width=\"251\" height=\"111\" \/><\/p>\n<ul>\n<li>Ein <strong><em>Schnullerband<\/em><\/strong>, das aus Baumwolle besteht und am Ende ein Holzklipp zum Befestigen an hat und am anderen Ende einen Drucknopf, damit man den Schnuller auch mal auswechseln kann.<\/li>\n<\/ul>\n<p style=\"text-align: justify;\"><a href=\"http:\/\/naehchstenliebe.de\/wp-content\/uploads\/2014\/05\/Schnullerband-Boyfriend-blog.jpg\"><img loading=\"lazy\" decoding=\"async\" class=\"alignnone size-medium wp-image-651\" src=\"http:\/\/naehchstenliebe.de\/wp-content\/uploads\/2014\/05\/Schnullerband-Boyfriend-blog-300x192.jpg\" alt=\"Schnullerband Boyfriend\" width=\"300\" height=\"192\" srcset=\"http:\/\/naehchstenliebe.de\/wp-content\/uploads\/2014\/05\/Schnullerband-Boyfriend-blog-300x192.jpg 300w, http:\/\/naehchstenliebe.de\/wp-content\/uploads\/2014\/05\/Schnullerband-Boyfriend-blog-1024x657.jpg 1024w, http:\/\/naehchstenliebe.de\/wp-content\/uploads\/2014\/05\/Schnullerband-Boyfriend-blog-467x300.jpg 467w, http:\/\/naehchstenliebe.de\/wp-content\/uploads\/2014\/05\/Schnullerband-Boyfriend-blog.jpg 1988w\" sizes=\"auto, (max-width: 300px) 100vw, 300px\" \/><\/a><\/p>\n<p style=\"text-align: justify;\">Bis auf das Schnullerband habe ich versucht die Farben neutral zu halten, weil sich die jungen Eltern \u00fcberraschen lassen wollten, ob es ein M\u00e4nnlein oder Fr\u00e4ulein wird. Das Schnullerband habe ich dann erst nach der Geburt gen\u00e4ht \ud83d\ude42<\/p>\n<p><a href=\"http:\/\/naehchstenliebe.de\/wp-content\/uploads\/2014\/05\/Geschenkset.jpg\"><img loading=\"lazy\" decoding=\"async\" class=\"size-medium wp-image-652 aligncenter\" src=\"http:\/\/naehchstenliebe.de\/wp-content\/uploads\/2014\/05\/Geschenkset-300x225.jpg\" alt=\"Geschenk\" width=\"300\" height=\"225\" srcset=\"http:\/\/naehchstenliebe.de\/wp-content\/uploads\/2014\/05\/Geschenkset-300x225.jpg 300w, http:\/\/naehchstenliebe.de\/wp-content\/uploads\/2014\/05\/Geschenkset-1024x768.jpg 1024w, http:\/\/naehchstenliebe.de\/wp-content\/uploads\/2014\/05\/Geschenkset-399x300.jpg 399w, http:\/\/naehchstenliebe.de\/wp-content\/uploads\/2014\/05\/Geschenkset.jpg 1958w\" sizes=\"auto, (max-width: 300px) 100vw, 300px\" \/><\/a><\/p>\n<p style=\"text-align: justify;\">\n","protected":false},"excerpt":{"rendered":"<p>Endlich kann ich euch meine Projekte der letzten Zeit zeigen. Ich durfte sie noch nicht ver\u00f6ffentlichen, weil es Geschenke f\u00fcr ein befreundetes P\u00e4rchen waren, die frisch Eltern geworden sind. Gestern durften wir den kleinen Mann kennenlernen und somit auch die &hellip; <a href=\"http:\/\/naehchstenliebe.de\/?page_id=645\">Weiterlesen <span class=\"meta-nav\">&rarr;<\/span><\/a><\/p>\n","protected":false},"author":2,"featured_media":0,"parent":0,"menu_order":0,"comment_status":"open","ping_status":"open","template":"","meta":{"footnotes":""},"class_list":["post-645","page","type-page","status-publish","hentry"],"_links":{"self":[{"href":"http:\/\/naehchstenliebe.de\/index.php?rest_route=\/wp\/v2\/pages\/645","targetHints":{"allow":["GET"]}}],"collection":[{"href":"http:\/\/naehchstenliebe.de\/index.php?rest_route=\/wp\/v2\/pages"}],"about":[{"href":"http:\/\/naehchstenliebe.de\/index.php?rest_route=\/wp\/v2\/types\/page"}],"author":[{"embeddable":true,"href":"http:\/\/naehchstenliebe.de\/index.php?rest_route=\/wp\/v2\/users\/2"}],"replies":[{"embeddable":true,"href":"http:\/\/naehchstenliebe.de\/index.php?rest_route=%2Fwp%2Fv2%2Fcomments&post=645"}],"version-history":[{"count":4,"href":"http:\/\/naehchstenliebe.de\/index.php?rest_route=\/wp\/v2\/pages\/645\/revisions"}],"predecessor-version":[{"id":680,"href":"http:\/\/naehchstenliebe.de\/index.php?rest_route=\/wp\/v2\/pages\/645\/revisions\/680"}],"wp:attachment":[{"href":"http:\/\/naehchstenliebe.de\/index.php?rest_route=%2Fwp%2Fv2%2Fmedia&parent=645"}],"curies":[{"name":"wp","href":"https:\/\/api.w.org\/{rel}","templated":true}]}}