{"id":507,"date":"2014-03-23T09:26:36","date_gmt":"2014-03-23T09:26:36","guid":{"rendered":"http:\/\/naehchstenliebe.de\/?page_id=507"},"modified":"2014-03-23T09:26:36","modified_gmt":"2014-03-23T09:26:36","slug":"roecke","status":"publish","type":"page","link":"http:\/\/naehchstenliebe.de\/?page_id=507","title":{"rendered":"R\u00f6cke"},"content":{"rendered":"<div class=\"fcbkbttn_buttons_block\" id=\"fcbkbttn_left\"><div class=\"fcbkbttn_like \"><fb:like href=\"http:\/\/naehchstenliebe.de\/?page_id=507\" action=\"like\" colorscheme=\"light\" layout=\"button_count\"  size=\"small\"><\/fb:like><\/div><\/div><p><a href=\"http:\/\/naehchstenliebe.de\/wp-content\/uploads\/2014\/02\/Rock.jpg\"><img loading=\"lazy\" decoding=\"async\" class=\"size-medium wp-image-505 alignleft\" title=\"Rock mit Jerseybund\" alt=\"Rock mit Jerseybund\" src=\"http:\/\/naehchstenliebe.de\/wp-content\/uploads\/2014\/02\/Rock-202x300.jpg\" width=\"202\" height=\"300\" srcset=\"http:\/\/naehchstenliebe.de\/wp-content\/uploads\/2014\/02\/Rock-202x300.jpg 202w, http:\/\/naehchstenliebe.de\/wp-content\/uploads\/2014\/02\/Rock-691x1024.jpg 691w, http:\/\/naehchstenliebe.de\/wp-content\/uploads\/2014\/02\/Rock.jpg 2009w\" sizes=\"auto, (max-width: 202px) 100vw, 202px\" \/><\/a><strong><em><\/em><\/strong><\/p>\n<p>&nbsp;<\/p>\n<p><strong><em>Rock mit Jerseybund<\/em><\/strong><\/p>\n<p style=\"text-align: justify;\">Dieser Rock hat ein B\u00fcndchen aus Jersey und passt sich daher super der Taille an. Ich habe mich f\u00fcr einen schlichten Schnitt entschieden, da der Stoff auch sehr elegant wirkt.<\/p>\n<p>&nbsp;<\/p>\n<p>&nbsp;<\/p>\n<p>&nbsp;<\/p>\n<p><a href=\"http:\/\/naehchstenliebe.de\/wp-content\/uploads\/2014\/03\/verkleinert.jpg\"><img loading=\"lazy\" decoding=\"async\" class=\"size-medium wp-image-474 alignleft\" title=\"Rock mit RV\" alt=\"Rock mit RV\" src=\"http:\/\/naehchstenliebe.de\/wp-content\/uploads\/2014\/03\/verkleinert-300x235.jpg\" width=\"300\" height=\"235\" srcset=\"http:\/\/naehchstenliebe.de\/wp-content\/uploads\/2014\/03\/verkleinert-300x235.jpg 300w, http:\/\/naehchstenliebe.de\/wp-content\/uploads\/2014\/03\/verkleinert-1024x802.jpg 1024w, http:\/\/naehchstenliebe.de\/wp-content\/uploads\/2014\/03\/verkleinert-382x300.jpg 382w\" sizes=\"auto, (max-width: 300px) 100vw, 300px\" \/><\/a><strong><em><\/em><\/strong><\/p>\n<p>&nbsp;<\/p>\n<p><strong><em>Rock mit Rei\u00dfverschluss<\/em><\/strong><\/p>\n<p style=\"text-align: justify;\">Ich wollte unbedingt mal einen Rock mit Rei\u00dfverschluss ausprobieren. Und siehe da, es hat geklappt. Es ist ein leichter Stoff f\u00fcr den Sommer, der beim Tragen super f\u00e4llt \ud83d\ude42<\/p>\n","protected":false},"excerpt":{"rendered":"<p>&nbsp; Rock mit Jerseybund Dieser Rock hat ein B\u00fcndchen aus Jersey und passt sich daher super der Taille an. Ich habe mich f\u00fcr einen schlichten Schnitt entschieden, da der Stoff auch sehr elegant wirkt. &nbsp; &nbsp; &nbsp; &nbsp; Rock mit &hellip; <a href=\"http:\/\/naehchstenliebe.de\/?page_id=507\">Weiterlesen <span class=\"meta-nav\">&rarr;<\/span><\/a><\/p>\n","protected":false},"author":2,"featured_media":0,"parent":0,"menu_order":0,"comment_status":"open","ping_status":"open","template":"","meta":{"footnotes":""},"class_list":["post-507","page","type-page","status-publish","hentry"],"_links":{"self":[{"href":"http:\/\/naehchstenliebe.de\/index.php?rest_route=\/wp\/v2\/pages\/507","targetHints":{"allow":["GET"]}}],"collection":[{"href":"http:\/\/naehchstenliebe.de\/index.php?rest_route=\/wp\/v2\/pages"}],"about":[{"href":"http:\/\/naehchstenliebe.de\/index.php?rest_route=\/wp\/v2\/types\/page"}],"author":[{"embeddable":true,"href":"http:\/\/naehchstenliebe.de\/index.php?rest_route=\/wp\/v2\/users\/2"}],"replies":[{"embeddable":true,"href":"http:\/\/naehchstenliebe.de\/index.php?rest_route=%2Fwp%2Fv2%2Fcomments&post=507"}],"version-history":[{"count":2,"href":"http:\/\/naehchstenliebe.de\/index.php?rest_route=\/wp\/v2\/pages\/507\/revisions"}],"predecessor-version":[{"id":509,"href":"http:\/\/naehchstenliebe.de\/index.php?rest_route=\/wp\/v2\/pages\/507\/revisions\/509"}],"wp:attachment":[{"href":"http:\/\/naehchstenliebe.de\/index.php?rest_route=%2Fwp%2Fv2%2Fmedia&parent=507"}],"curies":[{"name":"wp","href":"https:\/\/api.w.org\/{rel}","templated":true}]}}