{"id":413,"date":"2014-03-05T21:33:21","date_gmt":"2014-03-05T21:33:21","guid":{"rendered":"http:\/\/naehchstenliebe.de\/?page_id=413"},"modified":"2016-06-23T20:21:46","modified_gmt":"2016-06-23T20:21:46","slug":"babykleidung","status":"publish","type":"page","link":"http:\/\/naehchstenliebe.de\/?page_id=413","title":{"rendered":"Babykleidung"},"content":{"rendered":"<div class=\"fcbkbttn_buttons_block\" id=\"fcbkbttn_left\"><div class=\"fcbkbttn_like \"><fb:like href=\"http:\/\/naehchstenliebe.de\/?page_id=413\" action=\"like\" colorscheme=\"light\" layout=\"button_count\"  size=\"small\"><\/fb:like><\/div><\/div><p>&nbsp;<\/p>\n<div style=\"display: table;\">\n<p><a href=\"http:\/\/naehchstenliebe.de\/wp-content\/uploads\/2014\/03\/Kittelkleid-Elefanten.jpg\"><img loading=\"lazy\" decoding=\"async\" class=\"size-medium wp-image-414 alignleft\" title=\"Kittelkleid Elefanten\" src=\"http:\/\/naehchstenliebe.de\/wp-content\/uploads\/2014\/03\/Kittelkleid-Elefanten-224x300.jpg\" alt=\"Kittelkleid Elefanten\" width=\"224\" height=\"300\" srcset=\"http:\/\/naehchstenliebe.de\/wp-content\/uploads\/2014\/03\/Kittelkleid-Elefanten-224x300.jpg 224w, http:\/\/naehchstenliebe.de\/wp-content\/uploads\/2014\/03\/Kittelkleid-Elefanten-767x1024.jpg 767w, http:\/\/naehchstenliebe.de\/wp-content\/uploads\/2014\/03\/Kittelkleid-Elefanten.jpg 1958w\" sizes=\"auto, (max-width: 224px) 100vw, 224px\" \/><\/a><\/p>\n<p style=\"text-align: justify;\"><em><strong>Kittelkleid Elefanten<\/strong><\/em><\/p>\n<p style=\"text-align: justify;\">Dieses schicke Kittelkleid ist in Gr\u00f6\u00dfe 98\/104 entstanden. Vorne sind zwei kleine Taschen aufgen\u00e4ht und machen das Kleid besonders.<\/p>\n<\/div>\n<div style=\"display: table;\">\n<p><a href=\"http:\/\/naehchstenliebe.de\/wp-content\/uploads\/2014\/03\/2013-05-27-16.01.36.jpg\"><img loading=\"lazy\" decoding=\"async\" class=\"size-medium wp-image-420 alignleft\" title=\"Sommerkleidchen\" src=\"http:\/\/naehchstenliebe.de\/wp-content\/uploads\/2014\/03\/2013-05-27-16.01.36-225x300.jpg\" alt=\"Sommerkleidchen\" width=\"225\" height=\"300\" srcset=\"http:\/\/naehchstenliebe.de\/wp-content\/uploads\/2014\/03\/2013-05-27-16.01.36-225x300.jpg 225w, http:\/\/naehchstenliebe.de\/wp-content\/uploads\/2014\/03\/2013-05-27-16.01.36-768x1024.jpg 768w, http:\/\/naehchstenliebe.de\/wp-content\/uploads\/2014\/03\/2013-05-27-16.01.36.jpg 1920w\" sizes=\"auto, (max-width: 225px) 100vw, 225px\" \/><\/a><\/p>\n<p style=\"text-align: justify;\"><em><strong>Summer-robe<\/strong><\/em><\/p>\n<p style=\"text-align: justify;\">Dieses Kittelkleid war mein erstes selbstgen\u00e4htes. Ein s\u00fc\u00dfes Sommerkleidchen Gr. 74\/80, sp\u00e4ter auch als Tunika (Oberteil) zu verwenden<\/p>\n<\/div>\n<div style=\"display: table;\">\n<p><a href=\"http:\/\/naehchstenliebe.de\/wp-content\/uploads\/2014\/02\/Body_Rosa.jpg\"><img loading=\"lazy\" decoding=\"async\" class=\"size-medium wp-image-518 alignleft\" title=\"Flower-Body\" src=\"http:\/\/naehchstenliebe.de\/wp-content\/uploads\/2014\/02\/Body_Rosa-224x300.jpg\" alt=\"Flower-Body\" width=\"224\" height=\"300\" srcset=\"http:\/\/naehchstenliebe.de\/wp-content\/uploads\/2014\/02\/Body_Rosa-224x300.jpg 224w, http:\/\/naehchstenliebe.de\/wp-content\/uploads\/2014\/02\/Body_Rosa-767x1024.jpg 767w, http:\/\/naehchstenliebe.de\/wp-content\/uploads\/2014\/02\/Body_Rosa.jpg 1958w\" sizes=\"auto, (max-width: 224px) 100vw, 224px\" \/><\/a><\/p>\n<p style=\"text-align: justify;\"><em><strong>Flower-Body<\/strong><\/em><\/p>\n<p style=\"text-align: justify;\">Dieser Baby-Body basiert auf dem Schnitt von <a title=\"Regenbogenbody\" href=\"http:\/\/schnabelina.blogspot.de\/p\/regenbogenbody-365.html\" target=\"_blank\">Schnabelinas Regenbogenbody<\/a>. Dieser hat unterschiedliche Halsausschnitte. Ich habe mich f\u00fcr die amerikanische Variante entschieden.<\/p>\n<\/div>\n<div style=\"display: table;\">\n<p><a href=\"http:\/\/naehchstenliebe.de\/wp-content\/uploads\/2014\/08\/Babybody-Car-Service-Blog.jpg\"><img loading=\"lazy\" decoding=\"async\" class=\"alignleft wp-image-832 size-medium\" src=\"http:\/\/naehchstenliebe.de\/wp-content\/uploads\/2014\/08\/Babybody-Car-Service-Blog-300x229.jpg\" alt=\"Babybody Car-Service Blog\" width=\"300\" height=\"229\" srcset=\"http:\/\/naehchstenliebe.de\/wp-content\/uploads\/2014\/08\/Babybody-Car-Service-Blog-300x229.jpg 300w, http:\/\/naehchstenliebe.de\/wp-content\/uploads\/2014\/08\/Babybody-Car-Service-Blog-1024x784.jpg 1024w, http:\/\/naehchstenliebe.de\/wp-content\/uploads\/2014\/08\/Babybody-Car-Service-Blog-391x300.jpg 391w\" sizes=\"auto, (max-width: 300px) 100vw, 300px\" \/><\/a><\/p>\n<p style=\"text-align: justify;\"><em><strong>Babybody &#8222;Car-Service&#8220;<\/strong><\/em><\/p>\n<p style=\"text-align: justify;\">Dieser s\u00fc\u00dfe Body ist anfangs f\u00fcr einen kleinen s\u00fc\u00dfen Jungen entstanden und war ein Geschenk f\u00fcr Freunde. (<a title=\"Schnabelina\" href=\"http:\/\/schnabelina.blogspot.de\/p\/regenbogenbody-365.html\" target=\"_blank\">SM nach Schnabelina<\/a>)<\/p>\n<\/div>\n<div style=\"display: table;\">\n<p><a href=\"http:\/\/naehchstenliebe.de\/wp-content\/uploads\/2014\/05\/Babybody-La-petite-tortue-blog.jpg\"><img loading=\"lazy\" decoding=\"async\" class=\"wp-image-648 size-medium alignleft\" src=\"http:\/\/naehchstenliebe.de\/wp-content\/uploads\/2014\/05\/Babybody-La-petite-tortue-blog-300x188.jpg\" alt=\"Babybody la petite tortue\" width=\"300\" height=\"188\" srcset=\"http:\/\/naehchstenliebe.de\/wp-content\/uploads\/2014\/05\/Babybody-La-petite-tortue-blog-300x188.jpg 300w, http:\/\/naehchstenliebe.de\/wp-content\/uploads\/2014\/05\/Babybody-La-petite-tortue-blog-1024x641.jpg 1024w, http:\/\/naehchstenliebe.de\/wp-content\/uploads\/2014\/05\/Babybody-La-petite-tortue-blog-478x300.jpg 478w\" sizes=\"auto, (max-width: 300px) 100vw, 300px\" \/><\/a><\/p>\n<p style=\"text-align: justify;\"><em><strong>Babybody &#8222;La petite tortue&#8220;<\/strong><\/em><\/p>\n<p style=\"text-align: justify;\">Auch dieser Body ist f\u00fcr ein befreundetes P\u00e4rchen enstanden. Sie haben ihr erstes Kind bekommen und zur Geburt sollte es ein besonderes Geschenk sein. (<a title=\"Schnabelina\" href=\"http:\/\/schnabelina.blogspot.de\/p\/regenbogenbody-365.html\" target=\"_blank\">SM nach Schnabelina<\/a>)<\/p>\n<\/div>\n<div style=\"display: table;\">\n<p><a href=\"http:\/\/naehchstenliebe.de\/wp-content\/uploads\/2014\/03\/Body-Building-Site.jpg\"><img loading=\"lazy\" decoding=\"async\" class=\"alignleft wp-image-1134 size-medium\" src=\"http:\/\/naehchstenliebe.de\/wp-content\/uploads\/2014\/03\/Body-Building-Site-300x240.jpg\" alt=\"Body Building Site\" width=\"300\" height=\"240\" srcset=\"http:\/\/naehchstenliebe.de\/wp-content\/uploads\/2014\/03\/Body-Building-Site-300x240.jpg 300w, http:\/\/naehchstenliebe.de\/wp-content\/uploads\/2014\/03\/Body-Building-Site-1024x820.jpg 1024w, http:\/\/naehchstenliebe.de\/wp-content\/uploads\/2014\/03\/Body-Building-Site-375x300.jpg 375w\" sizes=\"auto, (max-width: 300px) 100vw, 300px\" \/><\/a><\/p>\n<p style=\"text-align: justify;\"><em><strong>Babybody &#8222;<span class=\"upload-filename\">Building Site&#8220;<\/span><\/strong><\/em><\/p>\n<p style=\"text-align: justify;\">F\u00fcr die k\u00e4ltere Jahreszeit sind lange \u00c4rmel ganz praktisch. Daher hier ein Lang-Arm-Body mit amerikanischen Ausschnitt. (<a title=\"Schnabelina\" href=\"http:\/\/schnabelina.blogspot.de\/p\/regenbogenbody-365.html\" target=\"_blank\">SM nach Schnabelina<\/a>)<\/p>\n<\/div>\n<div style=\"display: table;\">\n<p style=\"text-align: justify;\"><a href=\"http:\/\/naehchstenliebe.de\/wp-content\/uploads\/2014\/03\/to-be-on-cloud-nine.jpg\"><img loading=\"lazy\" decoding=\"async\" class=\"alignleft wp-image-1136 size-medium\" src=\"http:\/\/naehchstenliebe.de\/wp-content\/uploads\/2014\/03\/to-be-on-cloud-nine-300x203.jpg\" alt=\"Body to be on cloud nine\" width=\"300\" height=\"203\" srcset=\"http:\/\/naehchstenliebe.de\/wp-content\/uploads\/2014\/03\/to-be-on-cloud-nine-300x203.jpg 300w, http:\/\/naehchstenliebe.de\/wp-content\/uploads\/2014\/03\/to-be-on-cloud-nine-1024x693.jpg 1024w, http:\/\/naehchstenliebe.de\/wp-content\/uploads\/2014\/03\/to-be-on-cloud-nine-443x300.jpg 443w\" sizes=\"auto, (max-width: 300px) 100vw, 300px\" \/><\/a><\/p>\n<p style=\"text-align: justify;\"><em><strong>Babybody &#8222;To be on cloud nine&#8220;<\/strong><\/em><\/p>\n<p style=\"text-align: justify;\"><span data-ft=\"{&quot;tn&quot;:&quot;K&quot;}\" data-reactid=\".5d.1:3:1:$comment414474482062644_414475105395915:0.0.$right.0.$left.0.0.1:$comment-body\"><span class=\"UFICommentBody\" data-reactid=\".5d.1:3:1:$comment414474482062644_414475105395915:0.0.$right.0.$left.0.0.1:$comment-body.0\"><span data-reactid=\".5d.1:3:1:$comment414474482062644_414475105395915:0.0.$right.0.$left.0.0.1:$comment-body.0.$end:0:$0:0\"> Diesmal sollte es ein h\u00fcbscher Body f\u00fcr die kleine Lady sein. Lang-Arm-Body mit amerikanischen Ausschnitt. (<a title=\"Schnabelina\" href=\"http:\/\/schnabelina.blogspot.de\/p\/regenbogenbody-365.html\" target=\"_blank\">SM nach Schnabelina<\/a>)<\/span><\/span><\/span><\/p>\n<\/div>\n<div style=\"display: table;\">\n<p style=\"text-align: justify;\"><a href=\"http:\/\/naehchstenliebe.de\/wp-content\/uploads\/2014\/03\/Car-Service.jpg\"><img loading=\"lazy\" decoding=\"async\" class=\"alignleft wp-image-1138 size-medium\" src=\"http:\/\/naehchstenliebe.de\/wp-content\/uploads\/2014\/03\/Car-Service-293x300.jpg\" alt=\"Pumphose Car Service\" width=\"293\" height=\"300\" srcset=\"http:\/\/naehchstenliebe.de\/wp-content\/uploads\/2014\/03\/Car-Service-293x300.jpg 293w, http:\/\/naehchstenliebe.de\/wp-content\/uploads\/2014\/03\/Car-Service-1001x1024.jpg 1001w\" sizes=\"auto, (max-width: 293px) 100vw, 293px\" \/><\/a><em><strong>Pumphose &#8222;Car Service&#8220;<\/strong><\/em><\/p>\n<p style=\"text-align: justify;\"><span data-ft=\"{&quot;tn&quot;:&quot;K&quot;}\" data-reactid=\".5i.1:3:1:$comment413965432113549_413965848780174:0.0.$right.0.$left.0.0.1:$comment-body\"><span class=\"UFICommentBody\" data-reactid=\".5i.1:3:1:$comment413965432113549_413965848780174:0.0.$right.0.$left.0.0.1:$comment-body.0\"><span data-reactid=\".5i.1:3:1:$comment413965432113549_413965848780174:0.0.$right.0.$left.0.0.1:$comment-body.0.$end:0:$0:0\">Eine passende Hose zum Body und zur M\u00fctze. Die Hose ist perfekt zum krabbeln, toben, spielen und nat\u00fcrlich auch zum strampeln. Damit haben\u00a0 Kinder immer genug Beinfreiheit und f\u00fchlen sich wohl.<\/span><\/span><\/span><\/p>\n<\/div>\n<div style=\"display: table;\">\n<p style=\"text-align: justify;\"><a href=\"http:\/\/naehchstenliebe.de\/wp-content\/uploads\/2014\/03\/To-chase-a-rainbow.jpg\"><img loading=\"lazy\" decoding=\"async\" class=\"alignleft wp-image-1157 size-medium\" src=\"http:\/\/naehchstenliebe.de\/wp-content\/uploads\/2014\/03\/To-chase-a-rainbow-300x220.jpg\" alt=\"To chase a rainbow\" width=\"300\" height=\"220\" srcset=\"http:\/\/naehchstenliebe.de\/wp-content\/uploads\/2014\/03\/To-chase-a-rainbow-300x220.jpg 300w, http:\/\/naehchstenliebe.de\/wp-content\/uploads\/2014\/03\/To-chase-a-rainbow-1024x752.jpg 1024w, http:\/\/naehchstenliebe.de\/wp-content\/uploads\/2014\/03\/To-chase-a-rainbow-408x300.jpg 408w\" sizes=\"auto, (max-width: 300px) 100vw, 300px\" \/><\/a><strong><em>Babybody &#8222;To chase a rainbow&#8220;<\/em><\/strong><\/p>\n<p style=\"text-align: justify;\"><span data-ft=\"{&quot;tn&quot;:&quot;K&quot;}\" data-reactid=\".5d.1:3:1:$comment414474482062644_414475105395915:0.0.$right.0.$left.0.0.1:$comment-body\"><span class=\"UFICommentBody\" data-reactid=\".5d.1:3:1:$comment414474482062644_414475105395915:0.0.$right.0.$left.0.0.1:$comment-body.0\"><span data-reactid=\".5d.1:3:1:$comment414474482062644_414475105395915:0.0.$right.0.$left.0.0.1:$comment-body.0.$end:0:$0:0\">Lang-Arm-Body mit amerikanischen Ausschnitt. <span data-ft=\"{&quot;tn&quot;:&quot;K&quot;}\" data-reactid=\".1h7.1:3:1:$comment426615517515207_426616634181762:0.0.$right.0.$left.0.0.1:$comment-body\"><span class=\"UFICommentBody\" data-reactid=\".1h7.1:3:1:$comment426615517515207_426616634181762:0.0.$right.0.$left.0.0.1:$comment-body.0\"><span data-reactid=\".1h7.1:3:1:$comment426615517515207_426616634181762:0.0.$right.0.$left.0.0.1:$comment-body.0.$end:0:$0:0\">Ein Jerseystoff zum Tr\u00e4umen. Da schl\u00e4ft die &#8222;Kr\u00f6te&#8220; doch sicherlich gut drin. \ud83d\ude09<br \/>\n<\/span><\/span><\/span><br \/>\n<\/span><\/span><\/span><\/p>\n<\/div>\n<p style=\"text-align: justify;\"><a href=\"http:\/\/naehchstenliebe.de\/wp-content\/uploads\/2016\/06\/PhotoGrid_1466113174902.jpg\"><img loading=\"lazy\" decoding=\"async\" class=\"alignleft wp-image-1524 size-medium\" src=\"http:\/\/naehchstenliebe.de\/wp-content\/uploads\/2016\/06\/PhotoGrid_1466113174902-250x300.jpg\" alt=\"Body Florantine\" width=\"250\" height=\"300\" srcset=\"http:\/\/naehchstenliebe.de\/wp-content\/uploads\/2016\/06\/PhotoGrid_1466113174902-250x300.jpg 250w, http:\/\/naehchstenliebe.de\/wp-content\/uploads\/2016\/06\/PhotoGrid_1466113174902.jpg 720w\" sizes=\"auto, (max-width: 250px) 100vw, 250px\" \/><\/a><\/p>\n<div style=\"display: table;\">\n<p style=\"text-align: justify;\"><em><strong>Babybody &#8222;Florantine&#8220;<\/strong><\/em><\/p>\n<p style=\"text-align: justify;\">Auch dieser Body ist f\u00fcr ein befreundetes P\u00e4rchen enstanden. Sie haben ihr zweites Kind bekommen und auch zur zweiten Geburt sollte es ein besonderes Geschenk sein. (<a title=\"Schnabelina\" href=\"http:\/\/schnabelina.blogspot.de\/p\/regenbogenbody-365.html\" target=\"_blank\">SM nach Schnabelina<\/a>)<\/p>\n<\/div>\n","protected":false},"excerpt":{"rendered":"<p>&nbsp; Kittelkleid Elefanten Dieses schicke Kittelkleid ist in Gr\u00f6\u00dfe 98\/104 entstanden. Vorne sind zwei kleine Taschen aufgen\u00e4ht und machen das Kleid besonders. Summer-robe Dieses Kittelkleid war mein erstes selbstgen\u00e4htes. Ein s\u00fc\u00dfes Sommerkleidchen Gr. 74\/80, sp\u00e4ter auch als Tunika (Oberteil) zu &hellip; <a href=\"http:\/\/naehchstenliebe.de\/?page_id=413\">Weiterlesen <span class=\"meta-nav\">&rarr;<\/span><\/a><\/p>\n","protected":false},"author":2,"featured_media":0,"parent":0,"menu_order":0,"comment_status":"open","ping_status":"closed","template":"","meta":{"footnotes":""},"class_list":["post-413","page","type-page","status-publish","hentry"],"_links":{"self":[{"href":"http:\/\/naehchstenliebe.de\/index.php?rest_route=\/wp\/v2\/pages\/413","targetHints":{"allow":["GET"]}}],"collection":[{"href":"http:\/\/naehchstenliebe.de\/index.php?rest_route=\/wp\/v2\/pages"}],"about":[{"href":"http:\/\/naehchstenliebe.de\/index.php?rest_route=\/wp\/v2\/types\/page"}],"author":[{"embeddable":true,"href":"http:\/\/naehchstenliebe.de\/index.php?rest_route=\/wp\/v2\/users\/2"}],"replies":[{"embeddable":true,"href":"http:\/\/naehchstenliebe.de\/index.php?rest_route=%2Fwp%2Fv2%2Fcomments&post=413"}],"version-history":[{"count":19,"href":"http:\/\/naehchstenliebe.de\/index.php?rest_route=\/wp\/v2\/pages\/413\/revisions"}],"predecessor-version":[{"id":419,"href":"http:\/\/naehchstenliebe.de\/index.php?rest_route=\/wp\/v2\/pages\/413\/revisions\/419"}],"wp:attachment":[{"href":"http:\/\/naehchstenliebe.de\/index.php?rest_route=%2Fwp%2Fv2%2Fmedia&parent=413"}],"curies":[{"name":"wp","href":"https:\/\/api.w.org\/{rel}","templated":true}]}}