{"id":377,"date":"2014-02-27T23:14:39","date_gmt":"2014-02-27T23:14:39","guid":{"rendered":"http:\/\/naehchstenliebe.de\/?page_id=377"},"modified":"2016-07-12T12:22:52","modified_gmt":"2016-07-12T12:22:52","slug":"umhaengetasche","status":"publish","type":"page","link":"http:\/\/naehchstenliebe.de\/?page_id=377","title":{"rendered":"Umh\u00e4ngetasche"},"content":{"rendered":"<div class=\"fcbkbttn_buttons_block\" id=\"fcbkbttn_left\"><div class=\"fcbkbttn_like \"><fb:like href=\"http:\/\/naehchstenliebe.de\/?page_id=377\" action=\"like\" colorscheme=\"light\" layout=\"button_count\"  size=\"small\"><\/fb:like><\/div><\/div><p><a href=\"http:\/\/naehchstenliebe.de\/wp-content\/uploads\/2014\/09\/PicsArt_1431510696415.jpg\"><img loading=\"lazy\" decoding=\"async\" class=\"size-medium wp-image-1286 alignleft\" src=\"http:\/\/naehchstenliebe.de\/wp-content\/uploads\/2014\/09\/PicsArt_1431510696415-225x300.jpg\" alt=\"PicsArt_1431510696415\" width=\"225\" height=\"300\" srcset=\"http:\/\/naehchstenliebe.de\/wp-content\/uploads\/2014\/09\/PicsArt_1431510696415-225x300.jpg 225w, http:\/\/naehchstenliebe.de\/wp-content\/uploads\/2014\/09\/PicsArt_1431510696415-768x1024.jpg 768w\" sizes=\"auto, (max-width: 225px) 100vw, 225px\" \/><\/a><\/p>\n<p>&nbsp;<\/p>\n<p style=\"text-align: justify;\"><strong><em>Hobo-Taschen<\/em><\/strong><br \/>\nDiese Tasche ist der perfekte Begleiter f\u00fcr alle Lebenslagen<\/p>\n<p style=\"text-align: justify;\"><a href=\"http:\/\/naehchstenliebe.de\/?page_id=1548\">Hier geht&#8217;s zu den Hobo-Taschen<\/a><\/p>\n<p>&nbsp;<\/p>\n<p style=\"text-align: justify;\"><a href=\"http:\/\/naehchstenliebe.de\/wp-content\/uploads\/2014\/02\/Fashion-Bag.jpg\"><img loading=\"lazy\" decoding=\"async\" class=\"alignleft wp-image-443 size-medium\" src=\"http:\/\/naehchstenliebe.de\/wp-content\/uploads\/2014\/02\/Fashion-Bag-300x260.jpg\" alt=\"Fashion-Bag\" width=\"300\" height=\"260\" srcset=\"http:\/\/naehchstenliebe.de\/wp-content\/uploads\/2014\/02\/Fashion-Bag-300x260.jpg 300w, http:\/\/naehchstenliebe.de\/wp-content\/uploads\/2014\/02\/Fashion-Bag-1024x888.jpg 1024w, http:\/\/naehchstenliebe.de\/wp-content\/uploads\/2014\/02\/Fashion-Bag-345x300.jpg 345w\" sizes=\"auto, (max-width: 300px) 100vw, 300px\" \/><\/a><\/p>\n<p style=\"text-align: justify;\"><em><strong>Fashion-Bag<\/strong><\/em><\/p>\n<p style=\"text-align: justify;\">Diese Tasche ist nach meinem eigenen Schnittmuster gen\u00e4ht. Au\u00dfen habe ich eine kleine Tasche aufgesetzt und innen ist eine Rei\u00dfverschlusstasche zu finden.<\/p>\n<p style=\"text-align: justify;\"><a href=\"http:\/\/naehchstenliebe.de\/?page_id=1539\">Hier geht&#8217;s zu den Fashion-Bags<\/a><\/p>\n<p>&nbsp;<\/p>\n<p style=\"text-align: justify;\"><a href=\"http:\/\/naehchstenliebe.de\/wp-content\/uploads\/2014\/02\/Schultertasche-flying-circles.jpg\"><img loading=\"lazy\" decoding=\"async\" class=\"size-medium wp-image-1566 alignleft\" src=\"http:\/\/naehchstenliebe.de\/wp-content\/uploads\/2014\/02\/Schultertasche-flying-circles-250x300.jpg\" alt=\"Schultertasche flying circles\" width=\"250\" height=\"300\" srcset=\"http:\/\/naehchstenliebe.de\/wp-content\/uploads\/2014\/02\/Schultertasche-flying-circles-250x300.jpg 250w, http:\/\/naehchstenliebe.de\/wp-content\/uploads\/2014\/02\/Schultertasche-flying-circles.jpg 329w\" sizes=\"auto, (max-width: 250px) 100vw, 250px\" \/><\/a><em><strong>Schultertaschen<\/strong><\/em><\/p>\n<p style=\"text-align: justify;\">Hier findet Ihr unz\u00e4hlige Schultertaschen, in unterschiedlichen Designs und Formen.<\/p>\n<p style=\"text-align: justify;\"><a href=\"http:\/\/naehchstenliebe.de\/?page_id=1565\">Hier geht&#8217;s zu den Schultertaschen<\/a><\/p>\n","protected":false},"excerpt":{"rendered":"<p>&nbsp; Hobo-Taschen Diese Tasche ist der perfekte Begleiter f\u00fcr alle Lebenslagen Hier geht&#8217;s zu den Hobo-Taschen &nbsp; Fashion-Bag Diese Tasche ist nach meinem eigenen Schnittmuster gen\u00e4ht. Au\u00dfen habe ich eine kleine Tasche aufgesetzt und innen ist eine Rei\u00dfverschlusstasche zu finden. &hellip; <a href=\"http:\/\/naehchstenliebe.de\/?page_id=377\">Weiterlesen <span class=\"meta-nav\">&rarr;<\/span><\/a><\/p>\n","protected":false},"author":2,"featured_media":0,"parent":0,"menu_order":0,"comment_status":"closed","ping_status":"open","template":"","meta":{"footnotes":""},"class_list":["post-377","page","type-page","status-publish","hentry"],"_links":{"self":[{"href":"http:\/\/naehchstenliebe.de\/index.php?rest_route=\/wp\/v2\/pages\/377","targetHints":{"allow":["GET"]}}],"collection":[{"href":"http:\/\/naehchstenliebe.de\/index.php?rest_route=\/wp\/v2\/pages"}],"about":[{"href":"http:\/\/naehchstenliebe.de\/index.php?rest_route=\/wp\/v2\/types\/page"}],"author":[{"embeddable":true,"href":"http:\/\/naehchstenliebe.de\/index.php?rest_route=\/wp\/v2\/users\/2"}],"replies":[{"embeddable":true,"href":"http:\/\/naehchstenliebe.de\/index.php?rest_route=%2Fwp%2Fv2%2Fcomments&post=377"}],"version-history":[{"count":20,"href":"http:\/\/naehchstenliebe.de\/index.php?rest_route=\/wp\/v2\/pages\/377\/revisions"}],"predecessor-version":[{"id":1580,"href":"http:\/\/naehchstenliebe.de\/index.php?rest_route=\/wp\/v2\/pages\/377\/revisions\/1580"}],"wp:attachment":[{"href":"http:\/\/naehchstenliebe.de\/index.php?rest_route=%2Fwp%2Fv2%2Fmedia&parent=377"}],"curies":[{"name":"wp","href":"https:\/\/api.w.org\/{rel}","templated":true}]}}