{"id":348,"date":"2014-02-27T12:28:20","date_gmt":"2014-02-27T12:28:20","guid":{"rendered":"http:\/\/naehchstenliebe.de\/?page_id=348"},"modified":"2014-02-27T12:42:36","modified_gmt":"2014-02-27T12:42:36","slug":"naehvideo-dinkelkissen","status":"publish","type":"page","link":"http:\/\/naehchstenliebe.de\/?page_id=348","title":{"rendered":"N\u00e4hvideo: Dinkelkissen"},"content":{"rendered":"<div class=\"fcbkbttn_buttons_block\" id=\"fcbkbttn_left\"><div class=\"fcbkbttn_like \"><fb:like href=\"http:\/\/naehchstenliebe.de\/?page_id=348\" action=\"like\" colorscheme=\"light\" layout=\"button_count\"  size=\"small\"><\/fb:like><\/div><\/div><p style=\"text-align: justify;\">Es ist wieder soweit &#8211; ein neues N\u00e4hvideo ist online!<br \/>\nMein erstes Dinkelkissen ist so gut angekommen, dass ich gleich noch andere machen &#8222;musste&#8220;.<br \/>\nDa habe ich doch gleich die Gelegenheit genutzt und ein kleines Video f\u00fcr euch gemacht, in dem ich euch zeige, wie ihr so ein Kissen selbst n\u00e4hen k\u00f6nnt.<br \/>\nJeder kennt die kleinen quadratischen Dinkel- oder Kirschkernkissen, wo meist nicht einmal 500 g K\u00f6rner enthalten sind. Da ist das Selbermachen eine gute Alternative, denn da k\u00f6nnt ihr selbst bestimmen, wie gro\u00df euer Kissen werden soll. Ich habe mich f\u00fcr eine l\u00e4ngliche Form entschieden.<br \/>\nMit auff\u00e4lligen Stoffmustern k\u00f6nnt ihr dieses Kissen zu einem Highlight machen und ganz individuell gestalten.<\/p>\n<p style=\"text-align: justify;\"><iframe loading=\"lazy\" src=\"\/\/www.youtube.com\/embed\/D0lqh6iHZPo?feature=player_detailpage\" height=\"360\" width=\"640\" allowfullscreen=\"\" frameborder=\"0\"><\/iframe><\/p>\n<p style=\"text-align: justify;\">F\u00fcr das Kissen ben\u00f6tigt ihr:<\/p>\n<ul style=\"text-align: justify;\">\n<li>eine Stoffbahn mit den Ma\u00dfen 62 cm x 38 cm. Nat\u00fcrlich k\u00f6nnt ihr die Ma\u00dfe auch ver\u00e4ndern. Vielleicht ist es euch zu gro\u00df oder doch noch zu klein<\/li>\n<li>1 kg Dinkel (ich hole meinen immer bei DM von Alnatura f\u00fcr 2,19 \u20ac)<\/li>\n<li>eine Waage und ein Messbecher<\/li>\n<\/ul>\n<p style=\"text-align: justify;\">Das ganze Kissen ben\u00f6tigt nur vier Au\u00dfenn\u00e4hte und jeweils die N\u00e4hte zwischen den Dinkelkammern. Nat\u00fcrlich k\u00f6nnt ihr auch mehrere unterschiedliche Stoffe verwenden, dann m\u00fcsst ihr diese einfach vorher passend zu den Ma\u00dfen zusammenn\u00e4hen.<\/p>\n<p style=\"text-align: justify;\">Die Stoffbahn wird einfach der L\u00e4nge nach rechts auf rechts gelegt und an den Kanten zusammengen\u00e4ht. Wie genau das geht und wie ihr das Kissen bef\u00fcllt, sehr ihr im Video.<\/p>\n<p style=\"text-align: justify;\">Euch erst einmal frohes N\u00e4hen!<\/p>\n<p style=\"text-align: justify;\">\u00dcber Fotos von euren Projekten w\u00fcrde ich mich sehr freuen.<\/p>\n<p style=\"text-align: justify;\">Eure<br \/>\nNicky<\/p>\n","protected":false},"excerpt":{"rendered":"<p>Es ist wieder soweit &#8211; ein neues N\u00e4hvideo ist online! Mein erstes Dinkelkissen ist so gut angekommen, dass ich gleich noch andere machen &#8222;musste&#8220;. Da habe ich doch gleich die Gelegenheit genutzt und ein kleines Video f\u00fcr euch gemacht, in &hellip; <a href=\"http:\/\/naehchstenliebe.de\/?page_id=348\">Weiterlesen <span class=\"meta-nav\">&rarr;<\/span><\/a><\/p>\n","protected":false},"author":2,"featured_media":0,"parent":0,"menu_order":0,"comment_status":"open","ping_status":"open","template":"","meta":{"footnotes":""},"class_list":["post-348","page","type-page","status-publish","hentry"],"_links":{"self":[{"href":"http:\/\/naehchstenliebe.de\/index.php?rest_route=\/wp\/v2\/pages\/348","targetHints":{"allow":["GET"]}}],"collection":[{"href":"http:\/\/naehchstenliebe.de\/index.php?rest_route=\/wp\/v2\/pages"}],"about":[{"href":"http:\/\/naehchstenliebe.de\/index.php?rest_route=\/wp\/v2\/types\/page"}],"author":[{"embeddable":true,"href":"http:\/\/naehchstenliebe.de\/index.php?rest_route=\/wp\/v2\/users\/2"}],"replies":[{"embeddable":true,"href":"http:\/\/naehchstenliebe.de\/index.php?rest_route=%2Fwp%2Fv2%2Fcomments&post=348"}],"version-history":[{"count":3,"href":"http:\/\/naehchstenliebe.de\/index.php?rest_route=\/wp\/v2\/pages\/348\/revisions"}],"predecessor-version":[{"id":359,"href":"http:\/\/naehchstenliebe.de\/index.php?rest_route=\/wp\/v2\/pages\/348\/revisions\/359"}],"wp:attachment":[{"href":"http:\/\/naehchstenliebe.de\/index.php?rest_route=%2Fwp%2Fv2%2Fmedia&parent=348"}],"curies":[{"name":"wp","href":"https:\/\/api.w.org\/{rel}","templated":true}]}}