{"id":265,"date":"2014-02-23T00:08:41","date_gmt":"2014-02-23T00:08:41","guid":{"rendered":"http:\/\/naehchstenliebe.de\/?page_id=265"},"modified":"2014-10-10T07:05:46","modified_gmt":"2014-10-10T07:05:46","slug":"baby-kopfbedeckung","status":"publish","type":"page","link":"http:\/\/naehchstenliebe.de\/?page_id=265","title":{"rendered":"Baby-Kopfbedeckung"},"content":{"rendered":"<div class=\"fcbkbttn_buttons_block\" id=\"fcbkbttn_left\"><div class=\"fcbkbttn_like \"><fb:like href=\"http:\/\/naehchstenliebe.de\/?page_id=265\" action=\"like\" colorscheme=\"light\" layout=\"button_count\"  size=\"small\"><\/fb:like><\/div><\/div><p><a href=\"http:\/\/naehchstenliebe.de\/wp-content\/uploads\/2014\/02\/2013-05-26-23.05.55.jpg\"><img loading=\"lazy\" decoding=\"async\" class=\"size-medium wp-image-264 alignleft\" title=\"Zwei-Knotenm\u00fctze gestreift\" src=\"http:\/\/naehchstenliebe.de\/wp-content\/uploads\/2014\/02\/2013-05-26-23.05.55-225x300.jpg\" alt=\"Zwei-Knotenm\u00fctze gestreift\" width=\"225\" height=\"300\" srcset=\"http:\/\/naehchstenliebe.de\/wp-content\/uploads\/2014\/02\/2013-05-26-23.05.55-225x300.jpg 225w, http:\/\/naehchstenliebe.de\/wp-content\/uploads\/2014\/02\/2013-05-26-23.05.55-768x1024.jpg 768w, http:\/\/naehchstenliebe.de\/wp-content\/uploads\/2014\/02\/2013-05-26-23.05.55.jpg 1920w\" sizes=\"auto, (max-width: 225px) 100vw, 225px\" \/><\/a><\/p>\n<p>&nbsp;<\/p>\n<p><em><strong>Zwei-Knotenm\u00fctze gestreift<\/strong><\/em><\/p>\n<p>Diese kleine M\u00fctze ist aus einem schlichten gestreiften Yersey-Stoff und passt sich ideal dem Kopf an. Allerdings eher etwas f\u00fcr den Fr\u00fchling oder den Herbst.<\/p>\n<p>&nbsp;<\/p>\n<p>&nbsp;<\/p>\n<p>&nbsp;<\/p>\n<p><a href=\"http:\/\/naehchstenliebe.de\/wp-content\/uploads\/2014\/02\/2013-05-27-23.41.08.jpg\"><img loading=\"lazy\" decoding=\"async\" class=\"size-medium wp-image-266 alignleft\" title=\"Zwei-Knotenm\u00fctze mit Eulen\" src=\"http:\/\/naehchstenliebe.de\/wp-content\/uploads\/2014\/02\/2013-05-27-23.41.08-225x300.jpg\" alt=\"Zwei-Knotenm\u00fctze mit Eulen\" width=\"225\" height=\"300\" srcset=\"http:\/\/naehchstenliebe.de\/wp-content\/uploads\/2014\/02\/2013-05-27-23.41.08-225x300.jpg 225w, http:\/\/naehchstenliebe.de\/wp-content\/uploads\/2014\/02\/2013-05-27-23.41.08-768x1024.jpg 768w, http:\/\/naehchstenliebe.de\/wp-content\/uploads\/2014\/02\/2013-05-27-23.41.08.jpg 1920w\" sizes=\"auto, (max-width: 225px) 100vw, 225px\" \/><\/a><\/p>\n<p>&nbsp;<\/p>\n<p><strong><em>Zwei-Knotenm\u00fctze mit Eulen<\/em><\/strong><\/p>\n<p>Diese kleine M\u00fctze ist aus einem Yersey-Stoff mit verspieltem Eulenmotiv und passt sich ideal dem Kopf an. Allerdings eher etwas f\u00fcr den Fr\u00fchling oder den Herbst.<\/p>\n<p>&nbsp;<\/p>\n<p>&nbsp;<\/p>\n<p>&nbsp;<\/p>\n<p><a href=\"http:\/\/naehchstenliebe.de\/wp-content\/uploads\/2014\/02\/Sommer-Hut.jpg\"><img loading=\"lazy\" decoding=\"async\" class=\"size-medium wp-image-271 alignleft\" title=\"Sommer-Hut\" src=\"http:\/\/naehchstenliebe.de\/wp-content\/uploads\/2014\/02\/Sommer-Hut-300x252.jpg\" alt=\"Sommer-Hut\" width=\"300\" height=\"252\" srcset=\"http:\/\/naehchstenliebe.de\/wp-content\/uploads\/2014\/02\/Sommer-Hut-300x252.jpg 300w, http:\/\/naehchstenliebe.de\/wp-content\/uploads\/2014\/02\/Sommer-Hut-1024x863.jpg 1024w\" sizes=\"auto, (max-width: 300px) 100vw, 300px\" \/><\/a><\/p>\n<p>&nbsp;<\/p>\n<p><em><strong>Sommer-Hut<\/strong><\/em><\/p>\n<p>Dieser kleine Hut ist f\u00fcr die kleine Lady gedacht. Gerade im Sommer gegen die Sonner sehr hilfreich.<\/p>\n<p>&nbsp;<\/p>\n<p>&nbsp;<\/p>\n<p><a href=\"http:\/\/naehchstenliebe.de\/wp-content\/uploads\/2014\/05\/Beanie-Hedgepig.jpg\"><img loading=\"lazy\" decoding=\"async\" class=\"alignleft wp-image-650 size-medium\" src=\"http:\/\/naehchstenliebe.de\/wp-content\/uploads\/2014\/05\/Beanie-Hedgepig-300x126.jpg\" alt=\"Beanie hedgepig\" width=\"300\" height=\"126\" srcset=\"http:\/\/naehchstenliebe.de\/wp-content\/uploads\/2014\/05\/Beanie-Hedgepig-300x126.jpg 300w, http:\/\/naehchstenliebe.de\/wp-content\/uploads\/2014\/05\/Beanie-Hedgepig-1024x431.jpg 1024w, http:\/\/naehchstenliebe.de\/wp-content\/uploads\/2014\/05\/Beanie-Hedgepig-500x210.jpg 500w\" sizes=\"auto, (max-width: 300px) 100vw, 300px\" \/><\/a><\/p>\n<p><em><strong>Beanie hedgepig<\/strong><\/em><\/p>\n<p>Passend zum <em><strong>Hedgepig Halstuch<\/strong><\/em> gibt es auch diese kleine Beanie.<\/p>\n<p>&nbsp;<\/p>\n<p>&nbsp;<\/p>\n<p><a href=\"http:\/\/naehchstenliebe.de\/wp-content\/uploads\/2014\/05\/La-petite-tortue-Beanie-blog.jpg\"><img loading=\"lazy\" decoding=\"async\" class=\"alignleft wp-image-647 size-medium\" src=\"http:\/\/naehchstenliebe.de\/wp-content\/uploads\/2014\/05\/La-petite-tortue-Beanie-blog-211x300.jpg\" alt=\"La petite tortue Beanie\" width=\"211\" height=\"300\" srcset=\"http:\/\/naehchstenliebe.de\/wp-content\/uploads\/2014\/05\/La-petite-tortue-Beanie-blog-211x300.jpg 211w, http:\/\/naehchstenliebe.de\/wp-content\/uploads\/2014\/05\/La-petite-tortue-Beanie-blog-722x1024.jpg 722w, http:\/\/naehchstenliebe.de\/wp-content\/uploads\/2014\/05\/La-petite-tortue-Beanie-blog.jpg 1681w\" sizes=\"auto, (max-width: 211px) 100vw, 211px\" \/><\/a><\/p>\n<p>&nbsp;<\/p>\n<p>&nbsp;<\/p>\n<p><em><strong>\u00a0La petite tortue Beanie<\/strong><\/em><\/p>\n<p>Diese Beanie ziert bald mit dem passenden Body einen kleinen und s\u00fc\u00dfen Jungen. \ud83d\ude42<\/p>\n<p>&nbsp;<\/p>\n<p>&nbsp;<\/p>\n<p><a href=\"http:\/\/naehchstenliebe.de\/wp-content\/uploads\/2014\/02\/Beanie-Car-Service.jpg\"><img loading=\"lazy\" decoding=\"async\" class=\"alignleft wp-image-919 size-medium\" src=\"http:\/\/naehchstenliebe.de\/wp-content\/uploads\/2014\/02\/Beanie-Car-Service-300x224.jpg\" alt=\"Beanie Car Service\" width=\"300\" height=\"224\" srcset=\"http:\/\/naehchstenliebe.de\/wp-content\/uploads\/2014\/02\/Beanie-Car-Service-300x224.jpg 300w, http:\/\/naehchstenliebe.de\/wp-content\/uploads\/2014\/02\/Beanie-Car-Service-1024x767.jpg 1024w, http:\/\/naehchstenliebe.de\/wp-content\/uploads\/2014\/02\/Beanie-Car-Service-400x300.jpg 400w, http:\/\/naehchstenliebe.de\/wp-content\/uploads\/2014\/02\/Beanie-Car-Service.jpg 1795w\" sizes=\"auto, (max-width: 300px) 100vw, 300px\" \/><\/a><\/p>\n<p>&nbsp;<\/p>\n<p>&nbsp;<\/p>\n<p><em><strong>Beanie &#8222;Car-Service&#8220;<\/strong><\/em><\/p>\n<p>Auch zu dieser kleinen Beanie gibt es ein passenden Body.<\/p>\n","protected":false},"excerpt":{"rendered":"<p>&nbsp; Zwei-Knotenm\u00fctze gestreift Diese kleine M\u00fctze ist aus einem schlichten gestreiften Yersey-Stoff und passt sich ideal dem Kopf an. Allerdings eher etwas f\u00fcr den Fr\u00fchling oder den Herbst. &nbsp; &nbsp; &nbsp; &nbsp; Zwei-Knotenm\u00fctze mit Eulen Diese kleine M\u00fctze ist aus &hellip; <a href=\"http:\/\/naehchstenliebe.de\/?page_id=265\">Weiterlesen <span class=\"meta-nav\">&rarr;<\/span><\/a><\/p>\n","protected":false},"author":2,"featured_media":0,"parent":0,"menu_order":0,"comment_status":"closed","ping_status":"closed","template":"","meta":{"footnotes":""},"class_list":["post-265","page","type-page","status-publish","hentry"],"_links":{"self":[{"href":"http:\/\/naehchstenliebe.de\/index.php?rest_route=\/wp\/v2\/pages\/265","targetHints":{"allow":["GET"]}}],"collection":[{"href":"http:\/\/naehchstenliebe.de\/index.php?rest_route=\/wp\/v2\/pages"}],"about":[{"href":"http:\/\/naehchstenliebe.de\/index.php?rest_route=\/wp\/v2\/types\/page"}],"author":[{"embeddable":true,"href":"http:\/\/naehchstenliebe.de\/index.php?rest_route=\/wp\/v2\/users\/2"}],"replies":[{"embeddable":true,"href":"http:\/\/naehchstenliebe.de\/index.php?rest_route=%2Fwp%2Fv2%2Fcomments&post=265"}],"version-history":[{"count":10,"href":"http:\/\/naehchstenliebe.de\/index.php?rest_route=\/wp\/v2\/pages\/265\/revisions"}],"predecessor-version":[{"id":920,"href":"http:\/\/naehchstenliebe.de\/index.php?rest_route=\/wp\/v2\/pages\/265\/revisions\/920"}],"wp:attachment":[{"href":"http:\/\/naehchstenliebe.de\/index.php?rest_route=%2Fwp%2Fv2%2Fmedia&parent=265"}],"curies":[{"name":"wp","href":"https:\/\/api.w.org\/{rel}","templated":true}]}}