{"id":246,"date":"2014-02-21T23:04:45","date_gmt":"2014-02-21T23:04:45","guid":{"rendered":"http:\/\/naehchstenliebe.de\/?page_id=246"},"modified":"2014-05-19T14:11:28","modified_gmt":"2014-05-19T14:11:28","slug":"halstuecher","status":"publish","type":"page","link":"http:\/\/naehchstenliebe.de\/?page_id=246","title":{"rendered":"Halst\u00fccher"},"content":{"rendered":"<div class=\"fcbkbttn_buttons_block\" id=\"fcbkbttn_left\"><div class=\"fcbkbttn_like \"><fb:like href=\"http:\/\/naehchstenliebe.de\/?page_id=246\" action=\"like\" colorscheme=\"light\" layout=\"button_count\"  size=\"small\"><\/fb:like><\/div><\/div><p style=\"text-align: justify;\"><a href=\"http:\/\/naehchstenliebe.de\/wp-content\/uploads\/2014\/02\/Boyscout-blue.jpg\"><img loading=\"lazy\" decoding=\"async\" class=\"wp-image-244 alignleft\" title=\"Boyscout-blue\" src=\"http:\/\/naehchstenliebe.de\/wp-content\/uploads\/2014\/02\/Boyscout-blue-288x300.jpg\" alt=\"Boyscout-blue\" width=\"261\" height=\"272\" srcset=\"http:\/\/naehchstenliebe.de\/wp-content\/uploads\/2014\/02\/Boyscout-blue-288x300.jpg 288w, http:\/\/naehchstenliebe.de\/wp-content\/uploads\/2014\/02\/Boyscout-blue-983x1024.jpg 983w\" sizes=\"auto, (max-width: 261px) 100vw, 261px\" \/><\/a><\/p>\n<p style=\"text-align: justify;\"><em><strong>Boyscout-Blue<\/strong><\/em><\/p>\n<p style=\"text-align: justify;\">Dieses schicke Halstuch k\u00f6nnen auch die kleinen Gentlemen tragen. Von innen mit Fleece, damit der Hals auch sch\u00f6n warm bleibt. Als Verschluss ein KAM-Snap im passenden Blau.<\/p>\n<p>&nbsp;<\/p>\n<p>&nbsp;<\/p>\n<p>&nbsp;<\/p>\n<p><a href=\"http:\/\/naehchstenliebe.de\/wp-content\/uploads\/2014\/02\/2013-05-21-20.07.40.jpg\"><img loading=\"lazy\" decoding=\"async\" class=\"size-medium wp-image-250 alignleft\" title=\"Lady-Rose\" src=\"http:\/\/naehchstenliebe.de\/wp-content\/uploads\/2014\/02\/2013-05-21-20.07.40-300x225.jpg\" alt=\"Lady-Rose\" width=\"300\" height=\"225\" srcset=\"http:\/\/naehchstenliebe.de\/wp-content\/uploads\/2014\/02\/2013-05-21-20.07.40-300x225.jpg 300w, http:\/\/naehchstenliebe.de\/wp-content\/uploads\/2014\/02\/2013-05-21-20.07.40-1024x768.jpg 1024w, http:\/\/naehchstenliebe.de\/wp-content\/uploads\/2014\/02\/2013-05-21-20.07.40-400x300.jpg 400w\" sizes=\"auto, (max-width: 300px) 100vw, 300px\" \/><\/a><\/p>\n<p><strong><em>Lady-Rose<\/em><\/strong><\/p>\n<p>Auch f\u00fcr die M\u00e4dchen gibt es ein sch\u00f6nes Accessoire um den Hals. Mit dem Traum in Rosa \ud83d\ude42<\/p>\n<p>&nbsp;<\/p>\n<p>&nbsp;<\/p>\n<p><a href=\"http:\/\/naehchstenliebe.de\/wp-content\/uploads\/2014\/03\/Bandana-Elephant-Collage.jpg\"><img loading=\"lazy\" decoding=\"async\" class=\"size-medium wp-image-489 alignleft\" title=\"Bandana Elephant\" src=\"http:\/\/naehchstenliebe.de\/wp-content\/uploads\/2014\/03\/Bandana-Elephant-Collage-300x267.jpg\" alt=\"Bandana Elephant\" width=\"300\" height=\"267\" srcset=\"http:\/\/naehchstenliebe.de\/wp-content\/uploads\/2014\/03\/Bandana-Elephant-Collage-300x267.jpg 300w, http:\/\/naehchstenliebe.de\/wp-content\/uploads\/2014\/03\/Bandana-Elephant-Collage-1024x911.jpg 1024w, http:\/\/naehchstenliebe.de\/wp-content\/uploads\/2014\/03\/Bandana-Elephant-Collage-336x300.jpg 336w\" sizes=\"auto, (max-width: 300px) 100vw, 300px\" \/><\/a><\/p>\n<p>&nbsp;<\/p>\n<p><em><strong>Bandana Elephant<\/strong><\/em><\/p>\n<p style=\"text-align: justify;\">Dieses Halstuch ist f\u00fcr die kleinen Ladies unter uns. Von innen mit Fleece-Stoff, damit es am Hals sch\u00f6n weich und kuschelig ist. Verschlie\u00dfbar mit einem Druckknopf.<\/p>\n<p>&nbsp;<\/p>\n<p>&nbsp;<\/p>\n<p><a href=\"http:\/\/naehchstenliebe.de\/wp-content\/uploads\/2014\/05\/Hedgepig-Halstuch-blog.jpg\"><img loading=\"lazy\" decoding=\"async\" class=\"alignleft wp-image-649 size-medium\" src=\"http:\/\/naehchstenliebe.de\/wp-content\/uploads\/2014\/05\/Hedgepig-Halstuch-blog-300x191.jpg\" alt=\"Hedgepig Halstuch\" width=\"300\" height=\"191\" srcset=\"http:\/\/naehchstenliebe.de\/wp-content\/uploads\/2014\/05\/Hedgepig-Halstuch-blog-300x191.jpg 300w, http:\/\/naehchstenliebe.de\/wp-content\/uploads\/2014\/05\/Hedgepig-Halstuch-blog-1024x653.jpg 1024w, http:\/\/naehchstenliebe.de\/wp-content\/uploads\/2014\/05\/Hedgepig-Halstuch-blog-470x300.jpg 470w, http:\/\/naehchstenliebe.de\/wp-content\/uploads\/2014\/05\/Hedgepig-Halstuch-blog.jpg 1844w\" sizes=\"auto, (max-width: 300px) 100vw, 300px\" \/><\/a><em><strong>Hedgepig Halstuch<\/strong><\/em><\/p>\n<p style=\"text-align: justify;\">Dieses Halstuch kann jedes Geschlecht tragen \ud83d\ude09 Nun allerdings geh\u00f6rt es einem kleinen Jungen. Innen sch\u00f6n kuschlig warm durch den Fleece und von au\u00dfen ein s\u00fc\u00dfes Igelmotiv.<\/p>\n<p style=\"text-align: justify;\">\n<p style=\"text-align: justify;\">\n<p style=\"text-align: justify;\">\n","protected":false},"excerpt":{"rendered":"<p>Boyscout-Blue Dieses schicke Halstuch k\u00f6nnen auch die kleinen Gentlemen tragen. Von innen mit Fleece, damit der Hals auch sch\u00f6n warm bleibt. Als Verschluss ein KAM-Snap im passenden Blau. &nbsp; &nbsp; &nbsp; Lady-Rose Auch f\u00fcr die M\u00e4dchen gibt es ein sch\u00f6nes &hellip; <a href=\"http:\/\/naehchstenliebe.de\/?page_id=246\">Weiterlesen <span class=\"meta-nav\">&rarr;<\/span><\/a><\/p>\n","protected":false},"author":2,"featured_media":0,"parent":0,"menu_order":0,"comment_status":"closed","ping_status":"closed","template":"","meta":{"footnotes":""},"class_list":["post-246","page","type-page","status-publish","hentry"],"_links":{"self":[{"href":"http:\/\/naehchstenliebe.de\/index.php?rest_route=\/wp\/v2\/pages\/246","targetHints":{"allow":["GET"]}}],"collection":[{"href":"http:\/\/naehchstenliebe.de\/index.php?rest_route=\/wp\/v2\/pages"}],"about":[{"href":"http:\/\/naehchstenliebe.de\/index.php?rest_route=\/wp\/v2\/types\/page"}],"author":[{"embeddable":true,"href":"http:\/\/naehchstenliebe.de\/index.php?rest_route=\/wp\/v2\/users\/2"}],"replies":[{"embeddable":true,"href":"http:\/\/naehchstenliebe.de\/index.php?rest_route=%2Fwp%2Fv2%2Fcomments&post=246"}],"version-history":[{"count":11,"href":"http:\/\/naehchstenliebe.de\/index.php?rest_route=\/wp\/v2\/pages\/246\/revisions"}],"predecessor-version":[{"id":658,"href":"http:\/\/naehchstenliebe.de\/index.php?rest_route=\/wp\/v2\/pages\/246\/revisions\/658"}],"wp:attachment":[{"href":"http:\/\/naehchstenliebe.de\/index.php?rest_route=%2Fwp%2Fv2%2Fmedia&parent=246"}],"curies":[{"name":"wp","href":"https:\/\/api.w.org\/{rel}","templated":true}]}}