{"id":239,"date":"2014-02-21T22:49:38","date_gmt":"2014-02-21T22:49:38","guid":{"rendered":"http:\/\/naehchstenliebe.de\/?page_id=239"},"modified":"2014-02-23T20:55:00","modified_gmt":"2014-02-23T20:55:00","slug":"vorhaenge","status":"publish","type":"page","link":"http:\/\/naehchstenliebe.de\/?page_id=239","title":{"rendered":"Vorh\u00e4nge"},"content":{"rendered":"<div class=\"fcbkbttn_buttons_block\" id=\"fcbkbttn_left\"><div class=\"fcbkbttn_like \"><fb:like href=\"http:\/\/naehchstenliebe.de\/?page_id=239\" action=\"like\" colorscheme=\"light\" layout=\"button_count\"  size=\"small\"><\/fb:like><\/div><\/div><p><a href=\"http:\/\/naehchstenliebe.de\/wp-content\/uploads\/2014\/02\/Vorhang.jpg\"><img loading=\"lazy\" decoding=\"async\" class=\"size-medium wp-image-237 alignleft\" title=\"Vorhang f\u00fcr K\u00fcche\" alt=\"Vorhang f\u00fcr K\u00fcche\" src=\"http:\/\/naehchstenliebe.de\/wp-content\/uploads\/2014\/02\/Vorhang-225x300.jpg\" width=\"225\" height=\"300\" srcset=\"http:\/\/naehchstenliebe.de\/wp-content\/uploads\/2014\/02\/Vorhang-225x300.jpg 225w, http:\/\/naehchstenliebe.de\/wp-content\/uploads\/2014\/02\/Vorhang-768x1024.jpg 768w\" sizes=\"auto, (max-width: 225px) 100vw, 225px\" \/><\/a><\/p>\n<p style=\"text-align: justify;\"><strong><em>Vorhang f\u00fcr K\u00fcche<\/em><\/strong><\/p>\n<p style=\"text-align: justify;\">Meine Eltern wollten f\u00fcr ihre K\u00fcche einen neuen Vorhang haben. So ist dieser rote Vorhang entstanden. Meine Eltern haben sich gefreut.<\/p>\n<p>&nbsp;<\/p>\n<p>&nbsp;<\/p>\n<p>&nbsp;<\/p>\n<p>&nbsp;<\/p>\n<p style=\"text-align: justify;\"><a href=\"http:\/\/naehchstenliebe.de\/wp-content\/uploads\/2014\/02\/Vorhang-Bad-f\u00fcr-Blog.jpg\"><img loading=\"lazy\" decoding=\"async\" class=\"size-medium wp-image-240 alignleft\" title=\"Vorhang Bad\" alt=\"Vorhang Bad\" src=\"http:\/\/naehchstenliebe.de\/wp-content\/uploads\/2014\/02\/Vorhang-Bad-f\u00fcr-Blog-282x300.jpg\" width=\"282\" height=\"300\" srcset=\"http:\/\/naehchstenliebe.de\/wp-content\/uploads\/2014\/02\/Vorhang-Bad-f\u00fcr-Blog-282x300.jpg 282w, http:\/\/naehchstenliebe.de\/wp-content\/uploads\/2014\/02\/Vorhang-Bad-f\u00fcr-Blog-965x1024.jpg 965w\" sizes=\"auto, (max-width: 282px) 100vw, 282px\" \/><\/a><strong><em>Vorhang f\u00fcrs Bad<\/em><\/strong><\/p>\n<p style=\"text-align: justify;\">Auch im Badezimmer m\u00f6chte man es gem\u00fctlich haben. Also musste auch ein neuer Vorhang f\u00fcrs Bad meiner Eltern her \ud83d\ude09<\/p>\n","protected":false},"excerpt":{"rendered":"<p>Vorhang f\u00fcr K\u00fcche Meine Eltern wollten f\u00fcr ihre K\u00fcche einen neuen Vorhang haben. So ist dieser rote Vorhang entstanden. Meine Eltern haben sich gefreut. &nbsp; &nbsp; &nbsp; &nbsp; Vorhang f\u00fcrs Bad Auch im Badezimmer m\u00f6chte man es gem\u00fctlich haben. Also &hellip; <a href=\"http:\/\/naehchstenliebe.de\/?page_id=239\">Weiterlesen <span class=\"meta-nav\">&rarr;<\/span><\/a><\/p>\n","protected":false},"author":2,"featured_media":0,"parent":0,"menu_order":0,"comment_status":"closed","ping_status":"closed","template":"","meta":{"footnotes":""},"class_list":["post-239","page","type-page","status-publish","hentry"],"_links":{"self":[{"href":"http:\/\/naehchstenliebe.de\/index.php?rest_route=\/wp\/v2\/pages\/239","targetHints":{"allow":["GET"]}}],"collection":[{"href":"http:\/\/naehchstenliebe.de\/index.php?rest_route=\/wp\/v2\/pages"}],"about":[{"href":"http:\/\/naehchstenliebe.de\/index.php?rest_route=\/wp\/v2\/types\/page"}],"author":[{"embeddable":true,"href":"http:\/\/naehchstenliebe.de\/index.php?rest_route=\/wp\/v2\/users\/2"}],"replies":[{"embeddable":true,"href":"http:\/\/naehchstenliebe.de\/index.php?rest_route=%2Fwp%2Fv2%2Fcomments&post=239"}],"version-history":[{"count":1,"href":"http:\/\/naehchstenliebe.de\/index.php?rest_route=\/wp\/v2\/pages\/239\/revisions"}],"predecessor-version":[{"id":242,"href":"http:\/\/naehchstenliebe.de\/index.php?rest_route=\/wp\/v2\/pages\/239\/revisions\/242"}],"wp:attachment":[{"href":"http:\/\/naehchstenliebe.de\/index.php?rest_route=%2Fwp%2Fv2%2Fmedia&parent=239"}],"curies":[{"name":"wp","href":"https:\/\/api.w.org\/{rel}","templated":true}]}}