{"id":22,"date":"2014-02-17T20:38:53","date_gmt":"2014-02-17T20:38:53","guid":{"rendered":"http:\/\/naehchstenliebe.de\/?page_id=22"},"modified":"2016-02-19T11:18:21","modified_gmt":"2016-02-19T11:18:21","slug":"ueber-mich","status":"publish","type":"page","link":"http:\/\/naehchstenliebe.de\/?page_id=22","title":{"rendered":"\u00dcber mich"},"content":{"rendered":"<div class=\"fcbkbttn_buttons_block\" id=\"fcbkbttn_left\"><div class=\"fcbkbttn_like \"><fb:like href=\"http:\/\/naehchstenliebe.de\/?page_id=22\" action=\"like\" colorscheme=\"light\" layout=\"button_count\"  size=\"small\"><\/fb:like><\/div><\/div><p><a href=\"http:\/\/naehchstenliebe.de\/wp-content\/uploads\/2014\/02\/Ich.jpg\"><img loading=\"lazy\" decoding=\"async\" class=\"nl-about-me-picture wp-image-1440 size-medium alignright\" src=\"http:\/\/naehchstenliebe.de\/wp-content\/uploads\/2014\/02\/Ich-195x300.jpg\" alt=\"\" width=\"195\" height=\"300\" srcset=\"http:\/\/naehchstenliebe.de\/wp-content\/uploads\/2014\/02\/Ich-195x300.jpg 195w, http:\/\/naehchstenliebe.de\/wp-content\/uploads\/2014\/02\/Ich.jpg 585w\" sizes=\"auto, (max-width: 195px) 100vw, 195px\" \/><\/a>Hier ein paar Infos zu meiner Person und meiner Leidenschaft, dem N\u00c4HEN:<\/p>\n<p style=\"text-align: justify;\">Fr\u00fcher habe ich mir nie vorstellen k\u00f6nnen, irgendeine Handarbeit auszu\u00fcben. Dann kam ich zum H\u00e4keln und Stricken. Habe dort meine F\u00e4higkeiten entdeckt, doch im Sommer ist das nicht wirklich etwas f\u00fcr mich. Also\u2026 eine Alternative musste her.<\/p>\n<p style=\"text-align: justify;\">Ich bekam die alte N\u00e4hmaschine meiner Gro\u00dfmutter. Darum wollte ich jetzt unbedingt N\u00e4hen lernen. Doch leider hat es ein wenig gedauert, bis ich endlich damit angefangen habe. Ich setzte mich an die Maschine und probierte ein wenig mit einer alten Jeanshose herum. Meine Nerven wurden stark strapaziert, weil die N\u00e4hmaschine nicht mehr die Beste war. So kam es dazu, dass ich zu meinem 30. Geburtstag eine N\u00e4hmaschine geschenkt bekam.<\/p>\n<p style=\"text-align: justify;\">Mein Gl\u00fcck war es, dass eine Arbeitskollegin gelernte Schneiderin ist und sich einen Tag f\u00fcr mich Zeit genommen hat. Sie hat mir zwei Kleinigkeiten beigebracht zu n\u00e4hen, und zwar ein Utensilo und eine Kosmetiktasche. Somit hatte ich schonmal ein paar Grundkenntnisse. Da dies super geklappt und mir sehr viel Spa\u00df gemacht hat, habe ich mich im Anschluss daran direkt an meinen Laptop gesetzt und mir einiges angeschaut und durchgelesen. Somit sind meine ersten eigenen Projekte entstanden und ich lernte immer mehr hinzu, bis ich \u201en\u00e4hs\u00fcchtig\u201c wurde.<\/p>\n<p style=\"text-align: justify;\">Es hat dann auch nicht lange gedauert, bis ich Freundinnen von mir angesteckt habe ;-), mit denen ich mich jetzt auch immer wieder \u00fcber Sachen austauschen kann.<\/p>\n<p style=\"text-align: justify;\">Aber auch wenn ich alleine in meiner N\u00e4hecke sitze, bereitet es mir sehr viel Spa\u00df. Beim N\u00e4hen schalte ich wirklich mein Umfeld aus\u2026. Ich konzentriere mich dann wirklich voll und ganz auf meine Stoffe und meine Maschine. Da gehen auch zwei Stunden ganz schnell mal vorbei, ohne dass ich es merke. F\u00fcr mich ist diese Art des Hobbys einfach total entspannend und zus\u00e4tzlich kommt etwas sinnvolles heraus, wor\u00fcber man sich freut.<\/p>\n<p style=\"margin-bottom: 0px;\">Viel Vergn\u00fcgen auf meinen Seiten w\u00fcnscht<\/p>\n<p style=\"font-size: 22pt; font-family: Script; color: #6a0a0a;\">Eure Nicole<\/p>\n","protected":false},"excerpt":{"rendered":"<p>Hier ein paar Infos zu meiner Person und meiner Leidenschaft, dem N\u00c4HEN: Fr\u00fcher habe ich mir nie vorstellen k\u00f6nnen, irgendeine Handarbeit auszu\u00fcben. Dann kam ich zum H\u00e4keln und Stricken. Habe dort meine F\u00e4higkeiten entdeckt, doch im Sommer ist das nicht &hellip; <a href=\"http:\/\/naehchstenliebe.de\/?page_id=22\">Weiterlesen <span class=\"meta-nav\">&rarr;<\/span><\/a><\/p>\n","protected":false},"author":1,"featured_media":0,"parent":0,"menu_order":0,"comment_status":"closed","ping_status":"closed","template":"","meta":{"footnotes":""},"class_list":["post-22","page","type-page","status-publish","hentry"],"_links":{"self":[{"href":"http:\/\/naehchstenliebe.de\/index.php?rest_route=\/wp\/v2\/pages\/22","targetHints":{"allow":["GET"]}}],"collection":[{"href":"http:\/\/naehchstenliebe.de\/index.php?rest_route=\/wp\/v2\/pages"}],"about":[{"href":"http:\/\/naehchstenliebe.de\/index.php?rest_route=\/wp\/v2\/types\/page"}],"author":[{"embeddable":true,"href":"http:\/\/naehchstenliebe.de\/index.php?rest_route=\/wp\/v2\/users\/1"}],"replies":[{"embeddable":true,"href":"http:\/\/naehchstenliebe.de\/index.php?rest_route=%2Fwp%2Fv2%2Fcomments&post=22"}],"version-history":[{"count":17,"href":"http:\/\/naehchstenliebe.de\/index.php?rest_route=\/wp\/v2\/pages\/22\/revisions"}],"predecessor-version":[{"id":1442,"href":"http:\/\/naehchstenliebe.de\/index.php?rest_route=\/wp\/v2\/pages\/22\/revisions\/1442"}],"wp:attachment":[{"href":"http:\/\/naehchstenliebe.de\/index.php?rest_route=%2Fwp%2Fv2%2Fmedia&parent=22"}],"curies":[{"name":"wp","href":"https:\/\/api.w.org\/{rel}","templated":true}]}}