{"id":202,"date":"2014-02-21T21:18:26","date_gmt":"2014-02-21T21:18:26","guid":{"rendered":"http:\/\/naehchstenliebe.de\/?page_id=202"},"modified":"2014-02-23T22:54:18","modified_gmt":"2014-02-23T22:54:18","slug":"schluesselbaender","status":"publish","type":"page","link":"http:\/\/naehchstenliebe.de\/?page_id=202","title":{"rendered":"Schl\u00fcsselb\u00e4nder"},"content":{"rendered":"<div class=\"fcbkbttn_buttons_block\" id=\"fcbkbttn_left\"><div class=\"fcbkbttn_like \"><fb:like href=\"http:\/\/naehchstenliebe.de\/?page_id=202\" action=\"like\" colorscheme=\"light\" layout=\"button_count\"  size=\"small\"><\/fb:like><\/div><\/div><p><a href=\"http:\/\/naehchstenliebe.de\/wp-content\/uploads\/2014\/02\/Anh\u00e4nger1.jpg\"><img loading=\"lazy\" decoding=\"async\" class=\"size-medium wp-image-195 alignleft\" alt=\"Schl\u00fcsselband\" src=\"http:\/\/naehchstenliebe.de\/wp-content\/uploads\/2014\/02\/Anh\u00e4nger1-224x300.jpg\" width=\"224\" height=\"300\" srcset=\"http:\/\/naehchstenliebe.de\/wp-content\/uploads\/2014\/02\/Anh\u00e4nger1-224x300.jpg 224w, http:\/\/naehchstenliebe.de\/wp-content\/uploads\/2014\/02\/Anh\u00e4nger1-767x1024.jpg 767w, http:\/\/naehchstenliebe.de\/wp-content\/uploads\/2014\/02\/Anh\u00e4nger1.jpg 1958w\" sizes=\"auto, (max-width: 224px) 100vw, 224px\" \/><\/a><\/p>\n<p><strong><em>Schl\u00fcsselband f\u00fcr PC-Freunde<\/em><\/strong><\/p>\n<p style=\"text-align: justify;\">Durch meinen Mann, der Dipl. Informatiker ist, bin ich auf die Idee f\u00fcr dieses Schl\u00fcsselband gekommen. Auf diesem Baumwollstoff befinden sich lauter kleiner PC-Symbole \ud83d\ude42<\/p>\n<p>&nbsp;<\/p>\n<p>&nbsp;<\/p>\n<p>&nbsp;<\/p>\n<p><a href=\"http:\/\/naehchstenliebe.de\/wp-content\/uploads\/2014\/02\/Anh\u00e4nger2.jpg\"><img loading=\"lazy\" decoding=\"async\" class=\"size-medium wp-image-203 alignleft\" alt=\"Schl\u00fcsselband Oranje\" src=\"http:\/\/naehchstenliebe.de\/wp-content\/uploads\/2014\/02\/Anh\u00e4nger2-300x224.jpg\" width=\"300\" height=\"224\" srcset=\"http:\/\/naehchstenliebe.de\/wp-content\/uploads\/2014\/02\/Anh\u00e4nger2-300x224.jpg 300w, http:\/\/naehchstenliebe.de\/wp-content\/uploads\/2014\/02\/Anh\u00e4nger2-1024x767.jpg 1024w, http:\/\/naehchstenliebe.de\/wp-content\/uploads\/2014\/02\/Anh\u00e4nger2-400x300.jpg 400w\" sizes=\"auto, (max-width: 300px) 100vw, 300px\" \/><\/a><strong><em><\/em><\/strong><\/p>\n<p>&nbsp;<\/p>\n<p style=\"text-align: justify;\"><strong><em>Schl\u00fcsselband Oranje<\/em><\/strong><\/p>\n<p style=\"text-align: justify;\">Wie ich wohl auf diesen Titel gekommen bin?!<\/p>\n","protected":false},"excerpt":{"rendered":"<p>Schl\u00fcsselband f\u00fcr PC-Freunde Durch meinen Mann, der Dipl. Informatiker ist, bin ich auf die Idee f\u00fcr dieses Schl\u00fcsselband gekommen. Auf diesem Baumwollstoff befinden sich lauter kleiner PC-Symbole \ud83d\ude42 &nbsp; &nbsp; &nbsp; &nbsp; Schl\u00fcsselband Oranje Wie ich wohl auf diesen Titel &hellip; <a href=\"http:\/\/naehchstenliebe.de\/?page_id=202\">Weiterlesen <span class=\"meta-nav\">&rarr;<\/span><\/a><\/p>\n","protected":false},"author":2,"featured_media":0,"parent":0,"menu_order":0,"comment_status":"closed","ping_status":"closed","template":"","meta":{"footnotes":""},"class_list":["post-202","page","type-page","status-publish","hentry"],"_links":{"self":[{"href":"http:\/\/naehchstenliebe.de\/index.php?rest_route=\/wp\/v2\/pages\/202","targetHints":{"allow":["GET"]}}],"collection":[{"href":"http:\/\/naehchstenliebe.de\/index.php?rest_route=\/wp\/v2\/pages"}],"about":[{"href":"http:\/\/naehchstenliebe.de\/index.php?rest_route=\/wp\/v2\/types\/page"}],"author":[{"embeddable":true,"href":"http:\/\/naehchstenliebe.de\/index.php?rest_route=\/wp\/v2\/users\/2"}],"replies":[{"embeddable":true,"href":"http:\/\/naehchstenliebe.de\/index.php?rest_route=%2Fwp%2Fv2%2Fcomments&post=202"}],"version-history":[{"count":2,"href":"http:\/\/naehchstenliebe.de\/index.php?rest_route=\/wp\/v2\/pages\/202\/revisions"}],"predecessor-version":[{"id":234,"href":"http:\/\/naehchstenliebe.de\/index.php?rest_route=\/wp\/v2\/pages\/202\/revisions\/234"}],"wp:attachment":[{"href":"http:\/\/naehchstenliebe.de\/index.php?rest_route=%2Fwp%2Fv2%2Fmedia&parent=202"}],"curies":[{"name":"wp","href":"https:\/\/api.w.org\/{rel}","templated":true}]}}