{"id":183,"date":"2014-02-21T20:13:13","date_gmt":"2014-02-21T20:13:13","guid":{"rendered":"http:\/\/naehchstenliebe.de\/?page_id=183"},"modified":"2014-11-09T20:49:07","modified_gmt":"2014-11-09T20:49:07","slug":"kleidung-3","status":"publish","type":"page","link":"http:\/\/naehchstenliebe.de\/?page_id=183","title":{"rendered":"Kleidung"},"content":{"rendered":"<div class=\"fcbkbttn_buttons_block\" id=\"fcbkbttn_left\"><div class=\"fcbkbttn_like \"><fb:like href=\"http:\/\/naehchstenliebe.de\/?page_id=183\" action=\"like\" colorscheme=\"light\" layout=\"button_count\"  size=\"small\"><\/fb:like><\/div><\/div><p><a href=\"http:\/\/naehchstenliebe.de\/wp-content\/uploads\/2014\/02\/Rock.jpg\"><img loading=\"lazy\" decoding=\"async\" class=\"size-medium wp-image-505 alignleft\" title=\"Rock mit Jerseybund\" src=\"http:\/\/naehchstenliebe.de\/wp-content\/uploads\/2014\/02\/Rock-202x300.jpg\" alt=\"Rock mit Jerseybund\" width=\"202\" height=\"300\" srcset=\"http:\/\/naehchstenliebe.de\/wp-content\/uploads\/2014\/02\/Rock-202x300.jpg 202w, http:\/\/naehchstenliebe.de\/wp-content\/uploads\/2014\/02\/Rock-691x1024.jpg 691w, http:\/\/naehchstenliebe.de\/wp-content\/uploads\/2014\/02\/Rock.jpg 2009w\" sizes=\"auto, (max-width: 202px) 100vw, 202px\" \/><\/a><\/p>\n<p><strong>R\u00f6cke<\/strong><\/p>\n<p>Ich trage sehr gerne R\u00f6cke und daher muss ich\u00a0 nat\u00fcrlich auch eigene R\u00f6cke n\u00e4hen. Diese werdet ihr in dieser Rubrik finden.<\/p>\n<p><a title=\"R\u00f6cke\" href=\"http:\/\/naehchstenliebe.de\/?page_id=507\">Hier geht&#8217;s zu den R\u00f6cken<\/a><\/p>\n<p>&nbsp;<\/p>\n<p>&nbsp;<\/p>\n<p>&nbsp;<\/p>\n<p><a href=\"http:\/\/naehchstenliebe.de\/wp-content\/uploads\/2014\/02\/Bluse.jpg\"><img loading=\"lazy\" decoding=\"async\" class=\"size-medium wp-image-511 alignleft\" title=\"&quot;Gossamer blouse&quot;\" src=\"http:\/\/naehchstenliebe.de\/wp-content\/uploads\/2014\/02\/Bluse-225x300.jpg\" alt=\"&quot;Gossamer blouse&quot;\" width=\"225\" height=\"300\" srcset=\"http:\/\/naehchstenliebe.de\/wp-content\/uploads\/2014\/02\/Bluse-225x300.jpg 225w, http:\/\/naehchstenliebe.de\/wp-content\/uploads\/2014\/02\/Bluse-768x1024.jpg 768w\" sizes=\"auto, (max-width: 225px) 100vw, 225px\" \/><\/a><\/p>\n<p>&nbsp;<\/p>\n<p><strong>Damen-Oberteile<\/strong><\/p>\n<p style=\"text-align: justify;\">In dieser Rubrik werdet ihr Oberteile f\u00fcr Damen finden, sei es ein Shirt, ein Top oder eine Bluse etc. Nach und nach wird auch hier eine Sammlung entstehen.<\/p>\n<p style=\"text-align: justify;\"><a title=\"Damen-Oberteile\" href=\"http:\/\/naehchstenliebe.de\/?page_id=512\">Hier geht&#8217;s zu den Oberteilen<\/a><\/p>\n<p>&nbsp;<\/p>\n<p>&nbsp;<\/p>\n<p style=\"text-align: justify;\"><a href=\"http:\/\/naehchstenliebe.de\/wp-content\/uploads\/2014\/02\/Loop_aus_Fell.jpg\"><img loading=\"lazy\" decoding=\"async\" class=\"alignleft wp-image-1011 size-medium\" src=\"http:\/\/naehchstenliebe.de\/wp-content\/uploads\/2014\/02\/Loop_aus_Fell-225x300.jpg\" alt=\"Loop aus Fell\" width=\"225\" height=\"300\" srcset=\"http:\/\/naehchstenliebe.de\/wp-content\/uploads\/2014\/02\/Loop_aus_Fell-225x300.jpg 225w, http:\/\/naehchstenliebe.de\/wp-content\/uploads\/2014\/02\/Loop_aus_Fell-768x1024.jpg 768w, http:\/\/naehchstenliebe.de\/wp-content\/uploads\/2014\/02\/Loop_aus_Fell.jpg 1224w\" sizes=\"auto, (max-width: 225px) 100vw, 225px\" \/><\/a><strong>Loop-Schals<\/strong><\/p>\n<p style=\"text-align: justify;\">Ob f\u00fcr Fr\u00fchjahr, Sommer, Herbst oder Winter, ein modisches Accessoire ist der Loop-Schal.<\/p>\n<p style=\"text-align: justify;\"><a href=\"http:\/\/naehchstenliebe.de\/?page_id=1012\">Hier geht&#8217;s zu den Loops<\/a><\/p>\n","protected":false},"excerpt":{"rendered":"<p>R\u00f6cke Ich trage sehr gerne R\u00f6cke und daher muss ich\u00a0 nat\u00fcrlich auch eigene R\u00f6cke n\u00e4hen. Diese werdet ihr in dieser Rubrik finden. Hier geht&#8217;s zu den R\u00f6cken &nbsp; &nbsp; &nbsp; &nbsp; Damen-Oberteile In dieser Rubrik werdet ihr Oberteile f\u00fcr Damen &hellip; <a href=\"http:\/\/naehchstenliebe.de\/?page_id=183\">Weiterlesen <span class=\"meta-nav\">&rarr;<\/span><\/a><\/p>\n","protected":false},"author":1,"featured_media":0,"parent":0,"menu_order":0,"comment_status":"closed","ping_status":"closed","template":"","meta":{"footnotes":""},"class_list":["post-183","page","type-page","status-publish","hentry"],"_links":{"self":[{"href":"http:\/\/naehchstenliebe.de\/index.php?rest_route=\/wp\/v2\/pages\/183","targetHints":{"allow":["GET"]}}],"collection":[{"href":"http:\/\/naehchstenliebe.de\/index.php?rest_route=\/wp\/v2\/pages"}],"about":[{"href":"http:\/\/naehchstenliebe.de\/index.php?rest_route=\/wp\/v2\/types\/page"}],"author":[{"embeddable":true,"href":"http:\/\/naehchstenliebe.de\/index.php?rest_route=\/wp\/v2\/users\/1"}],"replies":[{"embeddable":true,"href":"http:\/\/naehchstenliebe.de\/index.php?rest_route=%2Fwp%2Fv2%2Fcomments&post=183"}],"version-history":[{"count":9,"href":"http:\/\/naehchstenliebe.de\/index.php?rest_route=\/wp\/v2\/pages\/183\/revisions"}],"predecessor-version":[{"id":1023,"href":"http:\/\/naehchstenliebe.de\/index.php?rest_route=\/wp\/v2\/pages\/183\/revisions\/1023"}],"wp:attachment":[{"href":"http:\/\/naehchstenliebe.de\/index.php?rest_route=%2Fwp%2Fv2%2Fmedia&parent=183"}],"curies":[{"name":"wp","href":"https:\/\/api.w.org\/{rel}","templated":true}]}}