{"id":180,"date":"2014-02-21T20:12:55","date_gmt":"2014-02-21T20:12:55","guid":{"rendered":"http:\/\/naehchstenliebe.de\/?page_id=180"},"modified":"2015-03-30T20:03:52","modified_gmt":"2015-03-30T20:03:52","slug":"baby-kind","status":"publish","type":"page","link":"http:\/\/naehchstenliebe.de\/?page_id=180","title":{"rendered":"Baby &#038; Kind"},"content":{"rendered":"<div class=\"fcbkbttn_buttons_block\" id=\"fcbkbttn_left\"><div class=\"fcbkbttn_like \"><fb:like href=\"http:\/\/naehchstenliebe.de\/?page_id=180\" action=\"like\" colorscheme=\"light\" layout=\"button_count\"  size=\"small\"><\/fb:like><\/div><\/div><div style=\"display: table;\">\n<p style=\"text-align: justify;\"><a href=\"http:\/\/naehchstenliebe.de\/wp-content\/uploads\/2014\/02\/Boyscout-blue.jpg\"><img loading=\"lazy\" decoding=\"async\" class=\"wp-image-244 alignleft\" title=\"Boyscout-blue\" src=\"http:\/\/naehchstenliebe.de\/wp-content\/uploads\/2014\/02\/Boyscout-blue-288x300.jpg\" alt=\"Boyscout-blue\" width=\"246\" height=\"255\" srcset=\"http:\/\/naehchstenliebe.de\/wp-content\/uploads\/2014\/02\/Boyscout-blue-288x300.jpg 288w, http:\/\/naehchstenliebe.de\/wp-content\/uploads\/2014\/02\/Boyscout-blue-983x1024.jpg 983w\" sizes=\"auto, (max-width: 246px) 100vw, 246px\" \/><\/a><\/p>\n<p style=\"text-align: justify;\"><strong>Halstuch<\/strong><\/p>\n<p style=\"text-align: justify;\">Warum sollen denn nur die Frauen oder M\u00e4nner etwas Schickes um den Hals tragen? Auch f\u00fcr Babies oder Kinder gibt es schicke Sachen!<\/p>\n<p style=\"text-align: justify;\"><a title=\"Halst\u00fccher\" href=\"http:\/\/naehchstenliebe.de\/?page_id=246\">Hier geht&#8217;s zu den Halst\u00fcchern<\/a><\/p>\n<\/div>\n<div style=\"display: table;\">\n<p style=\"text-align: justify;\"><a href=\"http:\/\/naehchstenliebe.de\/wp-content\/uploads\/2014\/02\/2013-05-26-23.05.55.jpg\"><img loading=\"lazy\" decoding=\"async\" class=\"size-medium wp-image-264 alignleft\" src=\"http:\/\/naehchstenliebe.de\/wp-content\/uploads\/2014\/02\/2013-05-26-23.05.55-225x300.jpg\" alt=\"Babym\u00fctze - Knotenm\u00fctze gestreift\" width=\"225\" height=\"300\" srcset=\"http:\/\/naehchstenliebe.de\/wp-content\/uploads\/2014\/02\/2013-05-26-23.05.55-225x300.jpg 225w, http:\/\/naehchstenliebe.de\/wp-content\/uploads\/2014\/02\/2013-05-26-23.05.55-768x1024.jpg 768w, http:\/\/naehchstenliebe.de\/wp-content\/uploads\/2014\/02\/2013-05-26-23.05.55.jpg 1920w\" sizes=\"auto, (max-width: 225px) 100vw, 225px\" \/><\/a><\/p>\n<p style=\"text-align: justify;\"><strong>Kopfbedeckung<\/strong><\/p>\n<p style=\"text-align: justify;\">Babyk\u00f6pfe m\u00fcssen im Winter warmgehalten werden und im Sommer brauchen sie einen Sonnenschutz. Diese Accessoires m\u00fcssen nicht nur praktisch sein, sondern auch stylisch. Unter dieser Rubrik findet ihr einige.<\/p>\n<p style=\"text-align: justify;\"><a title=\"Baby-Kopfbedeckung\" href=\"http:\/\/naehchstenliebe.de\/?page_id=265\">Hier geht&#8217;s zu den Kopfbedeckungen<\/a><\/p>\n<\/div>\n<div style=\"display: table;\">\n<p style=\"text-align: justify;\"><a href=\"http:\/\/naehchstenliebe.de\/wp-content\/uploads\/2014\/03\/Kittelkleid-Elefanten.jpg\"><img loading=\"lazy\" decoding=\"async\" class=\"size-medium wp-image-414 alignleft\" title=\"Kittelkleid Elefanten\" src=\"http:\/\/naehchstenliebe.de\/wp-content\/uploads\/2014\/03\/Kittelkleid-Elefanten-224x300.jpg\" alt=\"Kittelkleid Elefanten\" width=\"224\" height=\"300\" srcset=\"http:\/\/naehchstenliebe.de\/wp-content\/uploads\/2014\/03\/Kittelkleid-Elefanten-224x300.jpg 224w, http:\/\/naehchstenliebe.de\/wp-content\/uploads\/2014\/03\/Kittelkleid-Elefanten-767x1024.jpg 767w, http:\/\/naehchstenliebe.de\/wp-content\/uploads\/2014\/03\/Kittelkleid-Elefanten.jpg 1958w\" sizes=\"auto, (max-width: 224px) 100vw, 224px\" \/><\/a><\/p>\n<p style=\"text-align: justify;\"><strong>Babykleidung<\/strong><\/p>\n<p style=\"text-align: justify;\">In dieser Rubrik bekommen die Babies\/ Kinder ein neues Outfit. Von Body bis Kleidchen. Hier ist alles zu finden.<\/p>\n<p style=\"text-align: justify;\"><a title=\"Babykleidung\" href=\"http:\/\/naehchstenliebe.de\/?page_id=413\">Hier geht&#8217;s zu der Babykleidung<\/a><\/p>\n<\/div>\n<div style=\"display: table;\">\n<p style=\"text-align: justify;\"><a href=\"http:\/\/naehchstenliebe.de\/wp-content\/uploads\/2014\/02\/IMG_20140512_114618.jpg\"><img loading=\"lazy\" decoding=\"async\" class=\"alignleft wp-image-663 \" src=\"http:\/\/naehchstenliebe.de\/wp-content\/uploads\/2014\/02\/IMG_20140512_114618-300x225.jpg\" alt=\"Patchworkdecke\" width=\"216\" height=\"164\" \/><\/a><strong><em>Baby-Decken<\/em><\/strong><\/p>\n<p style=\"text-align: justify;\">Decken sind vielseitig einsetzbar. Hier werdet ihr im Laufe der Zeit einige finden.<\/p>\n<p style=\"text-align: justify;\"><a title=\"Baby-Decken\" href=\"http:\/\/naehchstenliebe.de\/?page_id=664\">Hier geht&#8217;s zu den Baby-Decken<\/a><\/p>\n<\/div>\n<div style=\"display: table;\">\n<p style=\"text-align: justify;\"><a href=\"http:\/\/naehchstenliebe.de\/wp-content\/uploads\/2014\/09\/IMG_20140909_114326.jpg\"><img loading=\"lazy\" decoding=\"async\" class=\"alignleft wp-image-869 size-medium\" src=\"http:\/\/naehchstenliebe.de\/wp-content\/uploads\/2014\/09\/IMG_20140909_114326-244x300.jpg\" alt=\"Rucksack Front\" width=\"244\" height=\"300\" srcset=\"http:\/\/naehchstenliebe.de\/wp-content\/uploads\/2014\/09\/IMG_20140909_114326-244x300.jpg 244w, http:\/\/naehchstenliebe.de\/wp-content\/uploads\/2014\/09\/IMG_20140909_114326-836x1024.jpg 836w\" sizes=\"auto, (max-width: 244px) 100vw, 244px\" \/><\/a><\/p>\n<p style=\"text-align: justify;\"><em><strong>Kindertaschen<\/strong><\/em><\/p>\n<p style=\"text-align: justify;\">Auch die kleinen brauchen bereits Taschen. Schon im Kindergarten sieht man sie zuhauf.<\/p>\n<p style=\"text-align: justify;\"><a title=\"Kindertaschen\" href=\"http:\/\/naehchstenliebe.de\/?page_id=872\">Hier geht&#8217;s zu den Kindertaschen<\/a><\/p>\n<\/div>\n<div style=\"display: table;\">\n<p style=\"text-align: justify;\"><a href=\"http:\/\/naehchstenliebe.de\/wp-content\/uploads\/2015\/03\/Schnullerband-Pink-Butterfly.jpg\"><img loading=\"lazy\" decoding=\"async\" class=\"alignleft wp-image-1218\" src=\"http:\/\/naehchstenliebe.de\/wp-content\/uploads\/2015\/03\/Schnullerband-Pink-Butterfly-300x197.jpg\" alt=\"Schnullerband Pink Butterfly\" width=\"273\" height=\"183\" \/><\/a><strong><em>Schnullerb\u00e4nder<\/em><\/strong><\/p>\n<p style=\"text-align: justify;\">Der Schnuller wird mittels einem Druckknopf am Band befestigt.Das Band l\u00e4sst sich mit Hilfe eines Clips an der Kleidung befestigen, so dass nie wieder der Schnuller gesucht werden muss.<\/p>\n<p style=\"text-align: justify;\"><a title=\"Schnullerb\u00e4nder\" href=\"http:\/\/naehchstenliebe.de\/?page_id=1216\">hier geht&#8217;s zu den Schnullerb\u00e4ndern<\/a><\/p>\n<p style=\"text-align: justify;\">\n<\/div>\n","protected":false},"excerpt":{"rendered":"<p>Halstuch Warum sollen denn nur die Frauen oder M\u00e4nner etwas Schickes um den Hals tragen? Auch f\u00fcr Babies oder Kinder gibt es schicke Sachen! Hier geht&#8217;s zu den Halst\u00fcchern Kopfbedeckung Babyk\u00f6pfe m\u00fcssen im Winter warmgehalten werden und im Sommer brauchen &hellip; <a href=\"http:\/\/naehchstenliebe.de\/?page_id=180\">Weiterlesen <span class=\"meta-nav\">&rarr;<\/span><\/a><\/p>\n","protected":false},"author":1,"featured_media":0,"parent":0,"menu_order":0,"comment_status":"closed","ping_status":"closed","template":"","meta":{"footnotes":""},"class_list":["post-180","page","type-page","status-publish","hentry"],"_links":{"self":[{"href":"http:\/\/naehchstenliebe.de\/index.php?rest_route=\/wp\/v2\/pages\/180","targetHints":{"allow":["GET"]}}],"collection":[{"href":"http:\/\/naehchstenliebe.de\/index.php?rest_route=\/wp\/v2\/pages"}],"about":[{"href":"http:\/\/naehchstenliebe.de\/index.php?rest_route=\/wp\/v2\/types\/page"}],"author":[{"embeddable":true,"href":"http:\/\/naehchstenliebe.de\/index.php?rest_route=\/wp\/v2\/users\/1"}],"replies":[{"embeddable":true,"href":"http:\/\/naehchstenliebe.de\/index.php?rest_route=%2Fwp%2Fv2%2Fcomments&post=180"}],"version-history":[{"count":28,"href":"http:\/\/naehchstenliebe.de\/index.php?rest_route=\/wp\/v2\/pages\/180\/revisions"}],"predecessor-version":[{"id":1227,"href":"http:\/\/naehchstenliebe.de\/index.php?rest_route=\/wp\/v2\/pages\/180\/revisions\/1227"}],"wp:attachment":[{"href":"http:\/\/naehchstenliebe.de\/index.php?rest_route=%2Fwp%2Fv2%2Fmedia&parent=180"}],"curies":[{"name":"wp","href":"https:\/\/api.w.org\/{rel}","templated":true}]}}