{"id":177,"date":"2014-02-21T20:12:42","date_gmt":"2014-02-21T20:12:42","guid":{"rendered":"http:\/\/naehchstenliebe.de\/?page_id=177"},"modified":"2014-12-02T11:37:58","modified_gmt":"2014-12-02T11:37:58","slug":"wohnen-deko-2","status":"publish","type":"page","link":"http:\/\/naehchstenliebe.de\/?page_id=177","title":{"rendered":"Wohnen &#038; Deko"},"content":{"rendered":"<div class=\"fcbkbttn_buttons_block\" id=\"fcbkbttn_left\"><div class=\"fcbkbttn_like \"><fb:like href=\"http:\/\/naehchstenliebe.de\/?page_id=177\" action=\"like\" colorscheme=\"light\" layout=\"button_count\"  size=\"small\"><\/fb:like><\/div><\/div><p><a href=\"http:\/\/naehchstenliebe.de\/wp-content\/uploads\/2014\/02\/2013-04-24-23.50.59.jpg\"><img loading=\"lazy\" decoding=\"async\" class=\"size-medium wp-image-224 alignleft\" title=\"Kissen &quot;Sunflower&quot;\" src=\"http:\/\/naehchstenliebe.de\/wp-content\/uploads\/2014\/02\/2013-04-24-23.50.59-300x225.jpg\" alt=\"Kissen &quot;Sunflower&quot;\" width=\"300\" height=\"225\" srcset=\"http:\/\/naehchstenliebe.de\/wp-content\/uploads\/2014\/02\/2013-04-24-23.50.59-300x225.jpg 300w, http:\/\/naehchstenliebe.de\/wp-content\/uploads\/2014\/02\/2013-04-24-23.50.59-1024x768.jpg 1024w, http:\/\/naehchstenliebe.de\/wp-content\/uploads\/2014\/02\/2013-04-24-23.50.59-400x300.jpg 400w\" sizes=\"auto, (max-width: 300px) 100vw, 300px\" \/><\/a><\/p>\n<p style=\"text-align: justify;\"><strong>Kissen<\/strong><\/p>\n<p style=\"text-align: justify;\">Ob f\u00fcr die Couch, f\u00fcr das Bett oder einfach nur als Deko-Artikel. Kissen kann ich nie genug haben. Au\u00dferdem ein super Geschenk!<\/p>\n<p style=\"text-align: justify;\"><a title=\"Kissen\" href=\"http:\/\/naehchstenliebe.de\/?page_id=225\">Hier geht&#8217;s zu den Kissen<\/a><\/p>\n<p style=\"text-align: justify;\"><a href=\"http:\/\/naehchstenliebe.de\/wp-content\/uploads\/2014\/02\/Vorhang.jpg\"><img loading=\"lazy\" decoding=\"async\" class=\"size-medium wp-image-237 alignleft\" title=\"Vorhang f\u00fcr K\u00fcche\" src=\"http:\/\/naehchstenliebe.de\/wp-content\/uploads\/2014\/02\/Vorhang-225x300.jpg\" alt=\"Vorhang f\u00fcr K\u00fcche\" width=\"225\" height=\"300\" srcset=\"http:\/\/naehchstenliebe.de\/wp-content\/uploads\/2014\/02\/Vorhang-225x300.jpg 225w, http:\/\/naehchstenliebe.de\/wp-content\/uploads\/2014\/02\/Vorhang-768x1024.jpg 768w\" sizes=\"auto, (max-width: 225px) 100vw, 225px\" \/><\/a><\/p>\n<p>&nbsp;<\/p>\n<p style=\"text-align: justify;\"><strong>Vorh\u00e4nge<\/strong><\/p>\n<p style=\"text-align: justify;\">Jeder Raum m\u00f6chte sch\u00f6n geschm\u00fcckt sein, unter anderem kann man dies mit sch\u00f6nen Vorh\u00e4ngen machen.<\/p>\n<p style=\"text-align: justify;\"><a title=\"Vorh\u00e4nge\" href=\"http:\/\/naehchstenliebe.de\/?page_id=239\">Hier geht&#8217;s zu den Vorh\u00e4ngen<\/a><\/p>\n<p>&nbsp;<br \/>\n&nbsp;<br \/>\n&nbsp;<br \/>\n&nbsp;<br \/>\n&nbsp;<\/p>\n<p style=\"text-align: justify;\"><a href=\"http:\/\/naehchstenliebe.de\/wp-content\/uploads\/2014\/03\/Dinkelkissen-Leaf-and-lemon.jpg\"><img loading=\"lazy\" decoding=\"async\" class=\"size-medium wp-image-488 alignleft\" title=\"Dinkelkissen\" src=\"http:\/\/naehchstenliebe.de\/wp-content\/uploads\/2014\/03\/Dinkelkissen-Leaf-and-lemon-300x224.jpg\" alt=\"Dinkelkissen Leaf and lemon\" width=\"300\" height=\"224\" srcset=\"http:\/\/naehchstenliebe.de\/wp-content\/uploads\/2014\/03\/Dinkelkissen-Leaf-and-lemon-300x224.jpg 300w, http:\/\/naehchstenliebe.de\/wp-content\/uploads\/2014\/03\/Dinkelkissen-Leaf-and-lemon-1024x767.jpg 1024w, http:\/\/naehchstenliebe.de\/wp-content\/uploads\/2014\/03\/Dinkelkissen-Leaf-and-lemon-400x300.jpg 400w\" sizes=\"auto, (max-width: 300px) 100vw, 300px\" \/><\/a><\/p>\n<p style=\"text-align: justify;\"><strong>Dinkelkissen<\/strong><\/p>\n<p style=\"text-align: justify;\">F\u00fcr alle, die unter Nackenschmerzen leiden. Aber auch gegen Bauchschmerzen oder K\u00e4lte sehr hilfreich. Durch die vier Kammern passen sich diese Kissen hervorragend dem K\u00f6rper an.<\/p>\n<p style=\"text-align: justify;\"><a title=\"Dinkelkissen\" href=\"http:\/\/naehchstenliebe.de\/?page_id=493\">Hier geht&#8217;s zu den Dinkelkissen<\/a><\/p>\n<p>&nbsp;<\/p>\n<p style=\"text-align: justify;\"><a href=\"http:\/\/naehchstenliebe.de\/wp-content\/uploads\/2014\/04\/Nerdy-Handysack.jpg\"><img loading=\"lazy\" decoding=\"async\" class=\"alignleft wp-image-604 size-medium\" src=\"http:\/\/naehchstenliebe.de\/wp-content\/uploads\/2014\/04\/Nerdy-Handysack-300x229.jpg\" alt=\"Nerdy-Handysack\" width=\"300\" height=\"229\" srcset=\"http:\/\/naehchstenliebe.de\/wp-content\/uploads\/2014\/04\/Nerdy-Handysack-300x229.jpg 300w, http:\/\/naehchstenliebe.de\/wp-content\/uploads\/2014\/04\/Nerdy-Handysack-1024x782.jpg 1024w, http:\/\/naehchstenliebe.de\/wp-content\/uploads\/2014\/04\/Nerdy-Handysack-392x300.jpg 392w, http:\/\/naehchstenliebe.de\/wp-content\/uploads\/2014\/04\/Nerdy-Handysack.jpg 2026w\" sizes=\"auto, (max-width: 300px) 100vw, 300px\" \/><\/a><\/p>\n<p style=\"text-align: justify;\"><strong>Handysacks<\/strong><\/p>\n<p style=\"text-align: justify;\">Diese kleinen S\u00e4cke dienen als St\u00e4nder\/Handyhalter. Mit unterschiedlichen F\u00fcllungen m\u00f6glich.<\/p>\n<p style=\"text-align: justify;\"><a title=\"Handysacks\" href=\"http:\/\/naehchstenliebe.de\/?page_id=606\">Hier geht&#8217;s zu den Handysacks<\/a><\/p>\n<p>&nbsp;<br \/>\n&nbsp;<br \/>\n&nbsp;<br \/>\n&nbsp;<\/p>\n<p style=\"text-align: justify;\"><a href=\"http:\/\/naehchstenliebe.de\/wp-content\/uploads\/2014\/12\/2013-04-08-15.20.12.jpg\"><img loading=\"lazy\" decoding=\"async\" class=\"alignleft wp-image-1054 size-medium\" src=\"http:\/\/naehchstenliebe.de\/wp-content\/uploads\/2014\/12\/2013-04-08-15.20.12-225x300.jpg\" alt=\"Utensilo\" width=\"225\" height=\"300\" srcset=\"http:\/\/naehchstenliebe.de\/wp-content\/uploads\/2014\/12\/2013-04-08-15.20.12-225x300.jpg 225w, http:\/\/naehchstenliebe.de\/wp-content\/uploads\/2014\/12\/2013-04-08-15.20.12-768x1024.jpg 768w, http:\/\/naehchstenliebe.de\/wp-content\/uploads\/2014\/12\/2013-04-08-15.20.12.jpg 1920w\" sizes=\"auto, (max-width: 225px) 100vw, 225px\" \/><\/a><\/p>\n<p style=\"text-align: justify;\"><strong>Utensilos<\/strong><\/p>\n<p style=\"text-align: justify;\">Utensilos erh\u00e4lt man in allen Farben und Formen. Sie eignen sich f\u00fcr die unterschiedlichsten Sachen, Brotkorb, Kosmetikaufbewahrung, Ordnungssystem etc.<\/p>\n<p style=\"text-align: justify;\"><a title=\"Utensilo\" href=\"http:\/\/naehchstenliebe.de\/?page_id=1053\">Hier geht&#8217;s zu den Utensilos<\/a><\/p>\n<p>&nbsp;<br \/>\n&nbsp;<br \/>\n&nbsp;<br \/>\n&nbsp;<br \/>\n&nbsp;<\/p>\n<p style=\"text-align: justify;\"><a href=\"http:\/\/naehchstenliebe.de\/wp-content\/uploads\/2014\/05\/Mothers-day-Leseknochen.jpg\"><img loading=\"lazy\" decoding=\"async\" class=\"alignleft wp-image-641\" src=\"http:\/\/naehchstenliebe.de\/wp-content\/uploads\/2014\/05\/Mothers-day-Leseknochen-300x202.jpg\" alt=\"Mother's day Leseknochen\" width=\"307\" height=\"212\" \/><\/a><strong><em>Leseknochen<\/em><\/strong><\/p>\n<p style=\"text-align: justify;\">Diese Kissen sind eine sehr tolle Geschenkidee oder auch f\u00fcr die eigene Person! Sie sind sehr gem\u00fctlich und man will ihn nie mehr missen! Ob als Buchst\u00fctze, als Nackenkissen oder als Armst\u00fctze, diese Kissen sind einfach praktisch.<\/p>\n<p style=\"text-align: justify;\"><a title=\"Leseknochen\" href=\"http:\/\/naehchstenliebe.de\/?page_id=1065\">Hier geht&#8217;s zu den Leseknochen<\/a><\/p>\n<p style=\"text-align: justify;\">\n","protected":false},"excerpt":{"rendered":"<p>Kissen Ob f\u00fcr die Couch, f\u00fcr das Bett oder einfach nur als Deko-Artikel. Kissen kann ich nie genug haben. Au\u00dferdem ein super Geschenk! Hier geht&#8217;s zu den Kissen &nbsp; Vorh\u00e4nge Jeder Raum m\u00f6chte sch\u00f6n geschm\u00fcckt sein, unter anderem kann man &hellip; <a href=\"http:\/\/naehchstenliebe.de\/?page_id=177\">Weiterlesen <span class=\"meta-nav\">&rarr;<\/span><\/a><\/p>\n","protected":false},"author":1,"featured_media":0,"parent":0,"menu_order":0,"comment_status":"closed","ping_status":"closed","template":"","meta":{"footnotes":""},"class_list":["post-177","page","type-page","status-publish","hentry"],"_links":{"self":[{"href":"http:\/\/naehchstenliebe.de\/index.php?rest_route=\/wp\/v2\/pages\/177","targetHints":{"allow":["GET"]}}],"collection":[{"href":"http:\/\/naehchstenliebe.de\/index.php?rest_route=\/wp\/v2\/pages"}],"about":[{"href":"http:\/\/naehchstenliebe.de\/index.php?rest_route=\/wp\/v2\/types\/page"}],"author":[{"embeddable":true,"href":"http:\/\/naehchstenliebe.de\/index.php?rest_route=\/wp\/v2\/users\/1"}],"replies":[{"embeddable":true,"href":"http:\/\/naehchstenliebe.de\/index.php?rest_route=%2Fwp%2Fv2%2Fcomments&post=177"}],"version-history":[{"count":20,"href":"http:\/\/naehchstenliebe.de\/index.php?rest_route=\/wp\/v2\/pages\/177\/revisions"}],"predecessor-version":[{"id":1073,"href":"http:\/\/naehchstenliebe.de\/index.php?rest_route=\/wp\/v2\/pages\/177\/revisions\/1073"}],"wp:attachment":[{"href":"http:\/\/naehchstenliebe.de\/index.php?rest_route=%2Fwp%2Fv2%2Fmedia&parent=177"}],"curies":[{"name":"wp","href":"https:\/\/api.w.org\/{rel}","templated":true}]}}