{"id":174,"date":"2014-02-21T20:12:25","date_gmt":"2014-02-21T20:12:25","guid":{"rendered":"http:\/\/naehchstenliebe.de\/?page_id=174"},"modified":"2015-10-28T15:54:12","modified_gmt":"2015-10-28T15:54:12","slug":"accessoires-2","status":"publish","type":"page","link":"http:\/\/naehchstenliebe.de\/?page_id=174","title":{"rendered":"Accessoires"},"content":{"rendered":"<div class=\"fcbkbttn_buttons_block\" id=\"fcbkbttn_left\"><div class=\"fcbkbttn_like \"><fb:like href=\"http:\/\/naehchstenliebe.de\/?page_id=174\" action=\"like\" colorscheme=\"light\" layout=\"button_count\"  size=\"small\"><\/fb:like><\/div><\/div><p><a href=\"http:\/\/naehchstenliebe.de\/wp-content\/uploads\/2014\/02\/Anh\u00e4nger1.jpg\"><img loading=\"lazy\" decoding=\"async\" class=\"wp-image-195 alignleft\" title=\"Schl\u00fcsselband 1\" src=\"http:\/\/naehchstenliebe.de\/wp-content\/uploads\/2014\/02\/Anh\u00e4nger1-224x300.jpg\" alt=\"Schl\u00fcsselband - PC\" width=\"150\" height=\"198\" \/><\/a><\/p>\n<p style=\"text-align: justify;\"><strong>Schl\u00fcsselb\u00e4nder<\/strong><\/p>\n<p style=\"text-align: justify;\">Wer kennt nicht das Problem, dass der Schl\u00fcssel in der Handtasche verschwunden ist?! Mit so einem Schl\u00fcsselband findet man ihn auf jeden Fall wieder \ud83d\ude09<\/p>\n<p><a title=\"Schl\u00fcsselb\u00e4nder\" href=\"http:\/\/naehchstenliebe.de\/?page_id=202\">\u00a0hier geht&#8217;s zu den Schl\u00fcsselb\u00e4ndern<\/a><\/p>\n<p>&nbsp;<\/p>\n<p><a href=\"http:\/\/naehchstenliebe.de\/wp-content\/uploads\/2014\/02\/Stars-zipper-bracelet.jpg\"><img loading=\"lazy\" decoding=\"async\" class=\"alignleft wp-image-1249\" src=\"http:\/\/naehchstenliebe.de\/wp-content\/uploads\/2014\/02\/Stars-zipper-bracelet-300x265.jpg\" alt=\"Stars Zipper Bracelet\" width=\"171\" height=\"152\" srcset=\"http:\/\/naehchstenliebe.de\/wp-content\/uploads\/2014\/02\/Stars-zipper-bracelet-300x265.jpg 300w, http:\/\/naehchstenliebe.de\/wp-content\/uploads\/2014\/02\/Stars-zipper-bracelet-1024x904.jpg 1024w, http:\/\/naehchstenliebe.de\/wp-content\/uploads\/2014\/02\/Stars-zipper-bracelet-340x300.jpg 340w\" sizes=\"auto, (max-width: 171px) 100vw, 171px\" \/><\/a><strong>Armb\u00e4nder<\/strong><\/p>\n<p>Ob ausgefallen oder schlicht, ob rockig oder elegant&#8230; der Phantasie sind keine Grenzen gesetzt.<\/p>\n<p><a title=\"Armb\u00e4nder\" href=\"http:\/\/naehchstenliebe.de\/?page_id=1250\">Hier geht&#8217;s zu den Armb\u00e4ndern<\/a><\/p>\n<p>&nbsp;<\/p>\n<p><a href=\"http:\/\/naehchstenliebe.de\/wp-content\/uploads\/2014\/02\/IMG_20151027_202108.jpg\"><img loading=\"lazy\" decoding=\"async\" class=\"alignleft wp-image-1401\" src=\"http:\/\/naehchstenliebe.de\/wp-content\/uploads\/2014\/02\/IMG_20151027_202108-300x300.jpg\" alt=\"Geldb\u00f6rse\" width=\"183\" height=\"183\" srcset=\"http:\/\/naehchstenliebe.de\/wp-content\/uploads\/2014\/02\/IMG_20151027_202108-300x300.jpg 300w, http:\/\/naehchstenliebe.de\/wp-content\/uploads\/2014\/02\/IMG_20151027_202108-150x150.jpg 150w, http:\/\/naehchstenliebe.de\/wp-content\/uploads\/2014\/02\/IMG_20151027_202108-1024x1024.jpg 1024w\" sizes=\"auto, (max-width: 183px) 100vw, 183px\" \/><\/a><strong>Geldb\u00f6rsen \/ Schl\u00fcsseletuis<\/strong><\/p>\n<p style=\"text-align: justify;\">Diese kleinen Etuis eignen sich sowohl als kleine Geldb\u00f6rse mit Kartenfach als auch als Schl\u00fcsseletui. Es gibt sie in unterschiedlichen Gr\u00f6\u00dfen (Fach f\u00fcr den alten oder den neuen Personalausweis).<\/p>\n<p><a href=\"http:\/\/naehchstenliebe.de\/?page_id=1402\">Hier geht&#8217;s zu den Geldb\u00f6rsen \/ Schl\u00fcsseletuis<\/a><\/p>\n","protected":false},"excerpt":{"rendered":"<p>Schl\u00fcsselb\u00e4nder Wer kennt nicht das Problem, dass der Schl\u00fcssel in der Handtasche verschwunden ist?! Mit so einem Schl\u00fcsselband findet man ihn auf jeden Fall wieder \ud83d\ude09 \u00a0hier geht&#8217;s zu den Schl\u00fcsselb\u00e4ndern &nbsp; Armb\u00e4nder Ob ausgefallen oder schlicht, ob rockig oder &hellip; <a href=\"http:\/\/naehchstenliebe.de\/?page_id=174\">Weiterlesen <span class=\"meta-nav\">&rarr;<\/span><\/a><\/p>\n","protected":false},"author":1,"featured_media":0,"parent":0,"menu_order":0,"comment_status":"closed","ping_status":"closed","template":"","meta":{"footnotes":""},"class_list":["post-174","page","type-page","status-publish","hentry"],"_links":{"self":[{"href":"http:\/\/naehchstenliebe.de\/index.php?rest_route=\/wp\/v2\/pages\/174","targetHints":{"allow":["GET"]}}],"collection":[{"href":"http:\/\/naehchstenliebe.de\/index.php?rest_route=\/wp\/v2\/pages"}],"about":[{"href":"http:\/\/naehchstenliebe.de\/index.php?rest_route=\/wp\/v2\/types\/page"}],"author":[{"embeddable":true,"href":"http:\/\/naehchstenliebe.de\/index.php?rest_route=\/wp\/v2\/users\/1"}],"replies":[{"embeddable":true,"href":"http:\/\/naehchstenliebe.de\/index.php?rest_route=%2Fwp%2Fv2%2Fcomments&post=174"}],"version-history":[{"count":11,"href":"http:\/\/naehchstenliebe.de\/index.php?rest_route=\/wp\/v2\/pages\/174\/revisions"}],"predecessor-version":[{"id":1408,"href":"http:\/\/naehchstenliebe.de\/index.php?rest_route=\/wp\/v2\/pages\/174\/revisions\/1408"}],"wp:attachment":[{"href":"http:\/\/naehchstenliebe.de\/index.php?rest_route=%2Fwp%2Fv2%2Fmedia&parent=174"}],"curies":[{"name":"wp","href":"https:\/\/api.w.org\/{rel}","templated":true}]}}