{"id":1565,"date":"2016-07-12T12:01:51","date_gmt":"2016-07-12T12:01:51","guid":{"rendered":"http:\/\/naehchstenliebe.de\/?page_id=1565"},"modified":"2016-07-12T12:29:30","modified_gmt":"2016-07-12T12:29:30","slug":"schultertasche","status":"publish","type":"page","link":"http:\/\/naehchstenliebe.de\/?page_id=1565","title":{"rendered":"Schultertasche"},"content":{"rendered":"<div class=\"fcbkbttn_buttons_block\" id=\"fcbkbttn_left\"><div class=\"fcbkbttn_like \"><fb:like href=\"http:\/\/naehchstenliebe.de\/?page_id=1565\" action=\"like\" colorscheme=\"light\" layout=\"button_count\"  size=\"small\"><\/fb:like><\/div><\/div><p><a href=\"http:\/\/naehchstenliebe.de\/wp-content\/uploads\/2014\/02\/Schultertasche-flying-circles.jpg\"><img loading=\"lazy\" decoding=\"async\" class=\"size-medium wp-image-1566 alignleft\" src=\"http:\/\/naehchstenliebe.de\/wp-content\/uploads\/2014\/02\/Schultertasche-flying-circles-250x300.jpg\" alt=\"Schultertasche flying circles\" width=\"250\" height=\"300\" srcset=\"http:\/\/naehchstenliebe.de\/wp-content\/uploads\/2014\/02\/Schultertasche-flying-circles-250x300.jpg 250w, http:\/\/naehchstenliebe.de\/wp-content\/uploads\/2014\/02\/Schultertasche-flying-circles.jpg 329w\" sizes=\"auto, (max-width: 250px) 100vw, 250px\" \/><\/a><strong>Schultertasche &#8222;flying circles&#8220;<\/strong><\/p>\n<p style=\"text-align: justify;\"><span data-ft=\"{&quot;tn&quot;:&quot;K&quot;}\"><span class=\"UFICommentBody\">Diese Tasche ist perfekt f\u00fcr unterwegs. Au\u00dfen verf\u00fcgt sie \u00fcber einen Eingriff, innen \u00fcber zwei seperate F\u00e4cher und eine Rei\u00dfverschlusstasche.<\/span><\/span><\/p>\n<p>&nbsp;<\/p>\n<p>&nbsp;<\/p>\n<p>&nbsp;<\/p>\n<p>&nbsp;<\/p>\n<p><a href=\"http:\/\/naehchstenliebe.de\/wp-content\/uploads\/2016\/07\/Schultertasche-grey-stars.jpg\"><img loading=\"lazy\" decoding=\"async\" class=\"size-medium wp-image-1567 alignleft\" src=\"http:\/\/naehchstenliebe.de\/wp-content\/uploads\/2016\/07\/Schultertasche-grey-stars-250x300.jpg\" alt=\"Schultertasche grey stars\" width=\"250\" height=\"300\" srcset=\"http:\/\/naehchstenliebe.de\/wp-content\/uploads\/2016\/07\/Schultertasche-grey-stars-250x300.jpg 250w, http:\/\/naehchstenliebe.de\/wp-content\/uploads\/2016\/07\/Schultertasche-grey-stars.jpg 329w\" sizes=\"auto, (max-width: 250px) 100vw, 250px\" \/><\/a><strong>Schultertasche &#8222;grey stars&#8220;<\/strong><\/p>\n<p style=\"text-align: justify;\"><span data-ft=\"{&quot;tn&quot;:&quot;K&quot;}\"><span class=\"UFICommentBody\">Diese Tasche ist perfekt f\u00fcr unterwegs. Au\u00dfen verf\u00fcgt sie \u00fcber einen Eingriff, innen \u00fcber zwei seperate F\u00e4cher und eine Rei\u00dfverschlusstasche.<\/span><\/span><\/p>\n<p>&nbsp;<\/p>\n<p>&nbsp;<\/p>\n<p>&nbsp;<\/p>\n<p>&nbsp;<\/p>\n<p><a href=\"http:\/\/naehchstenliebe.de\/wp-content\/uploads\/2014\/09\/IMG_20160620_214716.jpg\"><img loading=\"lazy\" decoding=\"async\" class=\"size-medium wp-image-1558 alignleft\" src=\"http:\/\/naehchstenliebe.de\/wp-content\/uploads\/2014\/09\/IMG_20160620_214716-293x300.jpg\" alt=\"speak loudly\" width=\"293\" height=\"300\" srcset=\"http:\/\/naehchstenliebe.de\/wp-content\/uploads\/2014\/09\/IMG_20160620_214716-293x300.jpg 293w, http:\/\/naehchstenliebe.de\/wp-content\/uploads\/2014\/09\/IMG_20160620_214716.jpg 720w\" sizes=\"auto, (max-width: 293px) 100vw, 293px\" \/><\/a><strong>Umh\u00e4ngetasche &#8222;speak loudly&#8220;<\/strong><\/p>\n<p style=\"text-align: justify;\"><span data-ft=\"{&quot;tn&quot;:&quot;K&quot;}\"><span class=\"UFICommentBody\">Verf\u00fcgt \u00fcber zwei Au\u00dfentaschen und innen sind auch noch gen\u00fcgend Taschen. An den Seiten M\u00f6glichkeit f\u00fcr einen Schultergurt und wenn man mehr Platz ben\u00f6tigt, einfach den Rei\u00dfverschluss am Boden \u00f6ffnen und schon ist die Tasche breiter. Bei dieser Tasche ist alles m\u00f6glich. \ud83d\ude09 <\/span><\/span><\/p>\n<p>&nbsp;<\/p>\n<p>&nbsp;<\/p>\n<p>&nbsp;<\/p>\n<p>&nbsp;<\/p>\n<p style=\"text-align: justify;\"><a href=\"http:\/\/naehchstenliebe.de\/wp-content\/uploads\/2016\/07\/Fresh-summer.jpg\"><img loading=\"lazy\" decoding=\"async\" class=\"size-medium wp-image-1571 alignleft\" src=\"http:\/\/naehchstenliebe.de\/wp-content\/uploads\/2016\/07\/Fresh-summer-250x300.jpg\" alt=\"Fresh summer\" width=\"250\" height=\"300\" srcset=\"http:\/\/naehchstenliebe.de\/wp-content\/uploads\/2016\/07\/Fresh-summer-250x300.jpg 250w, http:\/\/naehchstenliebe.de\/wp-content\/uploads\/2016\/07\/Fresh-summer.jpg 329w\" sizes=\"auto, (max-width: 250px) 100vw, 250px\" \/><\/a><\/p>\n<p><strong>Tasche &#8222;fresh summer&#8220;<\/strong><\/p>\n<p>D<span data-ft=\"{&quot;tn&quot;:&quot;K&quot;}\"><span class=\"UFICommentBody\">iese Tasche verf\u00fcgt \u00fcber einen Boden, der stabilisiert ist. Man hat die M\u00f6glichkeit, die \u00d6ffnung individuell zuzuziehen. Innen verf\u00fcgt sie \u00fcber zwei seperate F\u00e4cher, um ein Handy o.\u00e4. zu verstauen.<\/span><\/span><br \/>\n&nbsp;<\/p>\n<p>&nbsp;<\/p>\n<p>&nbsp;<\/p>\n<p>&nbsp;<\/p>\n<p><strong><a href=\"http:\/\/naehchstenliebe.de\/wp-content\/uploads\/2016\/07\/grey-twines.jpg\"><img loading=\"lazy\" decoding=\"async\" class=\"size-medium wp-image-1581 alignleft\" src=\"http:\/\/naehchstenliebe.de\/wp-content\/uploads\/2016\/07\/grey-twines-250x300.jpg\" alt=\"grey twines\" width=\"250\" height=\"300\" srcset=\"http:\/\/naehchstenliebe.de\/wp-content\/uploads\/2016\/07\/grey-twines-250x300.jpg 250w, http:\/\/naehchstenliebe.de\/wp-content\/uploads\/2016\/07\/grey-twines.jpg 720w\" sizes=\"auto, (max-width: 250px) 100vw, 250px\" \/><\/a><\/strong><br \/>\n&nbsp;<\/p>\n<p><strong>Umh\u00e4ngetasche &#8222;grey stars&#8220;<\/strong><\/p>\n<p><span data-ft=\"{&quot;tn&quot;:&quot;K&quot;}\"><span class=\"UFICommentBody\">Diese Tasche ist schlicht &#8222;gestrickt&#8220;. Auf beiden Seiten befinden sich mittig zwei schicke Falten<\/span><\/span>.<\/p>\n","protected":false},"excerpt":{"rendered":"<p>Schultertasche &#8222;flying circles&#8220; Diese Tasche ist perfekt f\u00fcr unterwegs. Au\u00dfen verf\u00fcgt sie \u00fcber einen Eingriff, innen \u00fcber zwei seperate F\u00e4cher und eine Rei\u00dfverschlusstasche. &nbsp; &nbsp; &nbsp; &nbsp; Schultertasche &#8222;grey stars&#8220; Diese Tasche ist perfekt f\u00fcr unterwegs. Au\u00dfen verf\u00fcgt sie \u00fcber &hellip; <a href=\"http:\/\/naehchstenliebe.de\/?page_id=1565\">Weiterlesen <span class=\"meta-nav\">&rarr;<\/span><\/a><\/p>\n","protected":false},"author":2,"featured_media":0,"parent":0,"menu_order":0,"comment_status":"closed","ping_status":"closed","template":"","meta":{"footnotes":""},"class_list":["post-1565","page","type-page","status-publish","hentry"],"_links":{"self":[{"href":"http:\/\/naehchstenliebe.de\/index.php?rest_route=\/wp\/v2\/pages\/1565","targetHints":{"allow":["GET"]}}],"collection":[{"href":"http:\/\/naehchstenliebe.de\/index.php?rest_route=\/wp\/v2\/pages"}],"about":[{"href":"http:\/\/naehchstenliebe.de\/index.php?rest_route=\/wp\/v2\/types\/page"}],"author":[{"embeddable":true,"href":"http:\/\/naehchstenliebe.de\/index.php?rest_route=\/wp\/v2\/users\/2"}],"replies":[{"embeddable":true,"href":"http:\/\/naehchstenliebe.de\/index.php?rest_route=%2Fwp%2Fv2%2Fcomments&post=1565"}],"version-history":[{"count":5,"href":"http:\/\/naehchstenliebe.de\/index.php?rest_route=\/wp\/v2\/pages\/1565\/revisions"}],"predecessor-version":[{"id":1582,"href":"http:\/\/naehchstenliebe.de\/index.php?rest_route=\/wp\/v2\/pages\/1565\/revisions\/1582"}],"wp:attachment":[{"href":"http:\/\/naehchstenliebe.de\/index.php?rest_route=%2Fwp%2Fv2%2Fmedia&parent=1565"}],"curies":[{"name":"wp","href":"https:\/\/api.w.org\/{rel}","templated":true}]}}