{"id":1445,"date":"2016-02-23T20:26:34","date_gmt":"2016-02-23T20:26:34","guid":{"rendered":"http:\/\/naehchstenliebe.de\/?page_id=1445"},"modified":"2016-06-14T06:16:15","modified_gmt":"2016-06-14T06:16:15","slug":"preise-nach-kategorie","status":"publish","type":"page","link":"http:\/\/naehchstenliebe.de\/?page_id=1445","title":{"rendered":"Preise nach Kategorie"},"content":{"rendered":"<div class=\"fcbkbttn_buttons_block\" id=\"fcbkbttn_left\"><div class=\"fcbkbttn_like \"><fb:like href=\"http:\/\/naehchstenliebe.de\/?page_id=1445\" action=\"like\" colorscheme=\"light\" layout=\"button_count\"  size=\"small\"><\/fb:like><\/div><\/div><table style=\"border: 2px solid #950a0a\">\n<tbody>\n<tr style=\"color:#950a0a; background-color:rgba(242,219,219, 0.5)\">\n<td width=\"215\" style=\"padding-left: 10px\"><strong>Name<\/strong><\/td>\n<td width=\"189\"><strong>Beschreibung<\/strong><\/td>\n<td style=\"text-align: center;\" width=\"210\"><strong>Preis pro St\u00fcck<\/strong><\/td>\n<\/tr>\n<tr style=\"color:#950a0a; background-color:rgba(242,219,219, 0.5)\">\n<td width=\"215\"style=\"padding-left: 10px\"><strong>Taschen<\/strong><\/td>\n<td width=\"189\"><strong> <\/strong><\/td>\n<td width=\"210\"><strong> <\/strong><\/td>\n<\/tr>\n<tr style=\"color:#950a0a; background-color:rgba(242,219,219,0.5)\">\n<td width=\"215\"style=\"padding-left: 10px\"><strong>Kosmetiktaschen<\/strong><\/td>\n<td width=\"189\"><\/td>\n<td width=\"210\"><\/td>\n<\/tr>\n<tr style=\"color:#950a0a; background-color:rgba(242,219,219,0.5)\">\n<td width=\"215\" style=\"padding-left: 10px\">Kosmetiktasche Kellerfalten<\/td>\n<td width=\"189\">Dieses T\u00e4schchen ist ca. 19 cm x 15 cm gro\u00df und verf\u00fcgt \u00fcber Platz f\u00fcr viele Schminkutensilien.<\/td>\n<td style=\"text-align: center;\" width=\"210\">14,90 \u20ac<\/td>\n<\/tr>\n<tr style=\"color:#950a0a; background-color:rgba(242,219,219,0.5)\">\n<td width=\"215\"style=\"padding-left: 10px\">Kosmetikbox<\/td>\n<td width=\"189\">Dieses T\u00e4schchen eignet sich als kleiner Kulturbeutel oder als Kosmetiktasche. Es ist ca. 20 cm x 10 cm x 8 cm)<\/td>\n<td style=\"text-align: center;\" width=\"210\">16,90 \u20ac<\/td>\n<\/tr>\n<tr style=\"color:#950a0a; background-color:rgba(242,219,219,0.5)\">\n<td width=\"215\" style=\"padding-left: 10px\">Kulturbeutel<\/td>\n<td width=\"189\"><\/td>\n<td style=\"text-align: center;\" width=\"210\">19,90 \u20ac<\/td>\n<\/tr>\n<tr style=\"color:#950a0a; background-color:rgba(229,184,183, 0.5)\">\n<td width=\"215\" style=\"padding-left: 10px\"><strong>Umh\u00e4nge- und Einkaufstaschen<\/strong><\/td>\n<td width=\"189\"><\/td>\n<td width=\"210\"><\/td>\n<\/tr>\n<tr style=\"color:#950a0a; background-color:rgba(229,184,183, 0.5)\">\n<td width=\"215\" style=\"padding-left: 10px\">Hobo-Tasche<\/td>\n<td width=\"189\">Eine sch\u00f6ne Schultertasche mit einer Lasche und einem Rei\u00dfverschluss zum Verschlie\u00dfen. Innen verf\u00fcgt sie \u00fcber eine kleine Rei\u00dfverschlusstasche. Gr\u00f6\u00dfe ca. 31cm x 25 cm<\/td>\n<td style=\"text-align: center;\" width=\"210\">24,90 \u20ac<\/td>\n<\/tr>\n<tr style=\"color:#950a0a; background-color:rgba(229,184,183, 0.5)\">\n<td width=\"215\" style=\"padding-left: 10px\">Fashion-Bag<\/td>\n<td width=\"189\"><\/td>\n<td style=\"text-align: center;\" width=\"210\">Ab 14,90 \u20ac<\/td>\n<\/tr>\n<tr style=\"color:#950a0a; background-color:rgba(229,184,183, 0.5)\">\n<td width=\"215\" style=\"padding-left: 10px\">Tragetasche<\/td>\n<td width=\"189\"><\/td>\n<td style=\"text-align: center;\" width=\"210\">12,90 \u20ac<\/td>\n<\/tr>\n<tr style=\"color:#950a0a; background-color:rgba(229,184,183, 0.5)\">\n<td width=\"215\" style=\"padding-left: 10px\">Einkaufsbeutel<\/td>\n<td width=\"189\"><\/td>\n<td style=\"text-align: center;\" width=\"210\">9,90 \u20ac<\/td>\n<\/tr>\n<tr style=\"color:#950a0a; background-color:rgba(253,233,217, 0.5)\">\n<td width=\"215\" style=\"padding-left: 10px\"><strong>Baby &amp; Kind<\/strong><\/td>\n<td width=\"189\"><\/td>\n<td width=\"210\"><\/td>\n<\/tr>\n<tr style=\"color:#950a0a; background-color:rgba(253,233,217, 0.5)\">\n<td width=\"215\" style=\"padding-left: 10px\">Kinder-Kulturbeutel<\/td>\n<td width=\"189\">Dieses T\u00e4schchen kann als Kosmetiktasche oder als Kulturbeutel f\u00fcr die Kleinen genutzt werden. Die Ma\u00dfe betragen ca. 24 cm x 18cm.<\/td>\n<td style=\"text-align: center;\" width=\"210\">9,90 \u20ac<\/td>\n<\/tr>\n<tr style=\"color:#950a0a; background-color:rgba(253,233,217, 0.5)\">\n<td width=\"215\" style=\"padding-left: 10px\">Baby-Halstuch<\/td>\n<td width=\"189\"><\/td>\n<td style=\"text-align: center;\" width=\"210\">5,90 \u20ac<\/td>\n<\/tr>\n<tr style=\"color:#950a0a; background-color:rgba(253,233,217, 0.5)\">\n<td width=\"215\" style=\"padding-left: 10px\">Kinderrucksack<\/td>\n<td width=\"189\">Ideal f\u00fcr den Kindergarten und unterwegs.<\/td>\n<td style=\"text-align: center;\" width=\"210\">19,90 \u20ac<\/td>\n<\/tr>\n<tr style=\"color:#950a0a; background-color:rgba(253,233,217, 0.5)\">\n<td width=\"215\" style=\"padding-left: 10px\">Baby-Patchworkdecke<\/td>\n<td width=\"189\"><\/td>\n<td style=\"text-align: center;\" width=\"210\">Ab 39,90 \u20ac<\/td>\n<\/tr>\n<tr style=\"color:#950a0a; background-color:rgba(253,233,217, 0.5)\">\n<td width=\"215\" style=\"padding-left: 10px\">Knistertuch<\/td>\n<td width=\"189\">Kinder lieben es, wenn sie etwas zum greifen haben und wenn es dazu noch knistert\u2026 ein Traum. Die Vorderseite besteht Baumwolle und die R\u00fcckseite aus Frottier<br \/>\n(Ma\u00dfe ca. 16 cm x 16 cm)<\/td>\n<td style=\"text-align: center;\" width=\"210\">6,90 \u20ac<\/td>\n<\/tr>\n<tr style=\"color:#950a0a; background-color:rgba(253,233,217, 0.5)\">\n<td width=\"215\" style=\"padding-left: 10px\">Schnullerband<\/td>\n<td width=\"189\">Band ist aus Stoff, der Befestigungsclip aus Holz<\/td>\n<td style=\"text-align: center;\" width=\"210\">7,90 \u20ac<\/td>\n<\/tr>\n<tr style=\"color:#950a0a; background-color:rgba(253,233,217, 0.5)\">\n<td width=\"215\" style=\"padding-left: 10px\">Schnullertasche<\/td>\n<td width=\"189\">Praktische Schnullertasche zur Aufbewahrung des Schnullers oder der Schnullerkette. Kann nat\u00fcrlich auch zur Verstauung f\u00fcr andere Dinge wie Geld oder \u00e4hnliches verwendet werden.<\/td>\n<td style=\"text-align: center;\" width=\"210\">6,90 \u20ac<\/td>\n<\/tr>\n<tr style=\"color:#950a0a; background-color:rgba(234,241,221,0.5)\">\n<td width=\"215\" style=\"padding-left: 10px\"><strong>Wohnen und Deko<\/strong><\/td>\n<td width=\"189\"><\/td>\n<td width=\"210\"><\/td>\n<\/tr>\n<tr style=\"color:#950a0a; background-color:rgba(234,241,221,0.5)\">\n<td width=\"215\" style=\"padding-left: 10px\">Leseknochen (Knochen oder Peanut)<\/td>\n<td width=\"189\">Ob als Buchst\u00fctze oder als Nackenkissen\u2026 IDEAL f\u00fcr jede Lage!<\/td>\n<td style=\"text-align: center;\" width=\"210\">14,90 \u20ac<\/td>\n<\/tr>\n<tr style=\"color:#950a0a; background-color:rgba(234,241,221,0.5)\">\n<td width=\"215\" style=\"padding-left: 10px\">Handysack<\/td>\n<td width=\"189\">St\u00fctze f\u00fcr das Handy<\/td>\n<td style=\"text-align: center;\" width=\"210\">5,90 \u20ac<\/td>\n<\/tr>\n<tr style=\"color:#950a0a; background-color:rgba(234,241,221,0.5)\">\n<td width=\"215\" style=\"padding-left: 10px\">W\u00e4rmekissen<\/td>\n<td width=\"189\">Verschiedene Gr\u00f6\u00dfen m\u00f6glich (mit Dinkel\/Weizen gef\u00fcllt)<\/td>\n<td style=\"text-align: center;\" width=\"210\">Ab 7,90 \u20ac<\/td>\n<\/tr>\n<tr style=\"color:#950a0a; background-color:rgba(234,241,221,0.5)\">\n<td width=\"215\" style=\"padding-left: 10px\">Utensilo<\/td>\n<td width=\"189\">geeignet, um Kleinigkeiten aufzubewahren. Ob im Bad oder in der K\u00fcche oder im Spielzimmer \u2013 \u00fcberall einsetzbar. L\u00e4sst sich auch wenden.<br \/>\n(Ma\u00dfe ca. L\u00e4nge 20 cm x Breite 15 cm H\u00f6he je nach Umschlag)<\/td>\n<td style=\"text-align: center;\" width=\"210\">Ab 12,90 \u20ac<\/td>\n<\/tr>\n<tr style=\"color:#950a0a; background-color:rgba(234,241,221,0.5)\">\n<td width=\"215\" style=\"padding-left: 10px\">Kissenbezug (Hotelverschluss)<\/td>\n<td width=\"189\"><\/td>\n<td style=\"text-align: center;\" width=\"210\">Ab 8,90 \u20ac<\/td>\n<\/tr>\n<tr style=\"color:#950a0a; background-color:rgba(234,241,221,0.5)\">\n<td width=\"215\" style=\"padding-left: 10px\">Kissenbezug (Rei\u00dfverschluss)<\/td>\n<td width=\"189\"><\/td>\n<td style=\"text-align: center;\" width=\"210\">Ab 9,90 \u20ac<\/td>\n<\/tr>\n<tr style=\"color:#950a0a; background-color:rgba(234,241,221,0.5)\">\n<td width=\"215\" style=\"padding-left: 10px\">Tat\u00fcta<\/td>\n<td width=\"189\">Das kleine T\u00e4schchen ist eine h\u00fcbsche Verpackung f\u00fcr Deine Taschent\u00fccher und das ideale Geschenk f\u00fcr Erk\u00e4ltungs-Opfer, Heuschnupfen-Geplagte oder einfach nur so als kleine Aufmerksamkeit<\/td>\n<td style=\"text-align: center;\" width=\"210\">3,50 \u20ac<\/td>\n<\/tr>\n<tr style=\"color:#950a0a; background-color:rgba(229,223,236,0.5)\">\n<td width=\"215\" style=\"padding-left: 10px\"><strong>Accessoires<\/strong><\/td>\n<td width=\"189\"><\/td>\n<td width=\"210\"><\/td>\n<\/tr>\n<tr style=\"color:#950a0a; background-color:rgba(229,223,236,0.5)\">\n<td width=\"215\" style=\"padding-left: 10px\">Loop-Schal<\/td>\n<td width=\"189\"><\/td>\n<td style=\"text-align: center;\" width=\"210\">Ab 14,90 \u20ac<\/td>\n<\/tr>\n<tr style=\"color:#950a0a; background-color:rgba(229,223,236,0.5)\">\n<td width=\"215\" style=\"padding-left: 10px\">Handgelenktasche<\/td>\n<td width=\"189\"><\/td>\n<td style=\"text-align: center;\" width=\"210\">11,90 \u20ac<\/td>\n<\/tr>\n<tr style=\"color:#950a0a; background-color:rgba(229,223,236,0.5)\">\n<td width=\"215\" style=\"padding-left: 10px\">Rei\u00dfverschlussarmband<\/td>\n<td width=\"189\"><\/td>\n<td style=\"text-align: center;\" width=\"210\">7,90 \u20ac<\/td>\n<\/tr>\n<tr style=\"color:#950a0a; background-color:rgba(229,223,236,0.5)\">\n<td width=\"215\" style=\"padding-left: 10px\">Reiseunterlagen-Etui<\/td>\n<td width=\"189\"><\/td>\n<td style=\"text-align: center;\" width=\"210\">12,90 \u20ac<\/td>\n<\/tr>\n<tr style=\"color:#950a0a; background-color:rgba(229,223,236,0.5)\">\n<td width=\"215\" style=\"padding-left: 10px\">H\u00fcfttasche<\/td>\n<td width=\"189\">In diesem kleinen T\u00e4schchen lassen sich die n\u00f6tigsten Sachen wie ein Handy, Schl\u00fcssel und Geld verstauen. In der L\u00e4nge verstellbar<\/td>\n<td style=\"text-align: center;\" width=\"210\">ab 19,90 \u20ac (je nach Wunsch)<\/td>\n<\/tr>\n<tr style=\"color:#950a0a; background-color:rgba(229,223,236,0.5)\">\n<td width=\"215\" style=\"padding-left: 10px\">Geldb\u00f6rse<\/td>\n<td width=\"189\">kleines T\u00e4schchen f\u00fcr Kleingeld, ein paar Karten und dem alten oder neuen Personalausweis<\/td>\n<td style=\"text-align: center;\" width=\"210\">7,90 \u20ac<\/td>\n<\/tr>\n<tr style=\"color:#950a0a; background-color:rgba(229,223,236,0.5)\">\n<td width=\"215\" style=\"padding-left: 10px\">Wickelschal<\/td>\n<td width=\"189\"><\/td>\n<td style=\"text-align: center;\" width=\"210\">19,90 \u20ac<\/td>\n<\/tr>\n<tr style=\"color:#950a0a; background-color:rgba(229,223,236,0.5)\">\n<td width=\"215\" style=\"padding-left: 10px\">Kindle-H\u00fclle<\/td>\n<td width=\"189\"><\/td>\n<td style=\"text-align: center;\" width=\"210\">14,90 \u20ac<\/td>\n<\/tr>\n<\/tbody>\n<\/table>\n","protected":false},"excerpt":{"rendered":"<p>Name Beschreibung Preis pro St\u00fcck Taschen Kosmetiktaschen Kosmetiktasche Kellerfalten Dieses T\u00e4schchen ist ca. 19 cm x 15 cm gro\u00df und verf\u00fcgt \u00fcber Platz f\u00fcr viele Schminkutensilien. 14,90 \u20ac Kosmetikbox Dieses T\u00e4schchen eignet sich als kleiner Kulturbeutel oder als Kosmetiktasche. Es &hellip; <a href=\"http:\/\/naehchstenliebe.de\/?page_id=1445\">Weiterlesen <span class=\"meta-nav\">&rarr;<\/span><\/a><\/p>\n","protected":false},"author":1,"featured_media":0,"parent":0,"menu_order":0,"comment_status":"closed","ping_status":"closed","template":"","meta":{"footnotes":""},"class_list":["post-1445","page","type-page","status-publish","hentry"],"_links":{"self":[{"href":"http:\/\/naehchstenliebe.de\/index.php?rest_route=\/wp\/v2\/pages\/1445","targetHints":{"allow":["GET"]}}],"collection":[{"href":"http:\/\/naehchstenliebe.de\/index.php?rest_route=\/wp\/v2\/pages"}],"about":[{"href":"http:\/\/naehchstenliebe.de\/index.php?rest_route=\/wp\/v2\/types\/page"}],"author":[{"embeddable":true,"href":"http:\/\/naehchstenliebe.de\/index.php?rest_route=\/wp\/v2\/users\/1"}],"replies":[{"embeddable":true,"href":"http:\/\/naehchstenliebe.de\/index.php?rest_route=%2Fwp%2Fv2%2Fcomments&post=1445"}],"version-history":[{"count":24,"href":"http:\/\/naehchstenliebe.de\/index.php?rest_route=\/wp\/v2\/pages\/1445\/revisions"}],"predecessor-version":[{"id":1519,"href":"http:\/\/naehchstenliebe.de\/index.php?rest_route=\/wp\/v2\/pages\/1445\/revisions\/1519"}],"wp:attachment":[{"href":"http:\/\/naehchstenliebe.de\/index.php?rest_route=%2Fwp%2Fv2%2Fmedia&parent=1445"}],"curies":[{"name":"wp","href":"https:\/\/api.w.org\/{rel}","templated":true}]}}