{"id":1291,"date":"2015-06-01T20:17:32","date_gmt":"2015-06-01T20:17:32","guid":{"rendered":"http:\/\/naehchstenliebe.de\/?page_id=1291"},"modified":"2016-02-23T20:34:55","modified_gmt":"2016-02-23T20:34:55","slug":"naehchstenliebe-party","status":"publish","type":"page","link":"http:\/\/naehchstenliebe.de\/?page_id=1291","title":{"rendered":"N\u00c4Hchstenliebe-Party"},"content":{"rendered":"<div class=\"fcbkbttn_buttons_block\" id=\"fcbkbttn_left\"><div class=\"fcbkbttn_like \"><fb:like href=\"http:\/\/naehchstenliebe.de\/?page_id=1291\" action=\"like\" colorscheme=\"light\" layout=\"button_count\"  size=\"small\"><\/fb:like><\/div><\/div><p style=\"text-align: justify;\">Jeder kennt die typischen Parties f\u00fcr die Putzteufel, die Hobbyk\u00f6che und die Aufbewahrungs-Box-Experten ;). Mittlerweile gibt es f\u00fcr so Vieles eine Party. Warum dann nicht auch f\u00fcr selbstgen\u00e4hte Sachen?<\/p>\n<p style=\"text-align: justify;\">Ich m\u00f6chte Euch die M\u00f6glichkeit geben, meine selbstgen\u00e4hten Projekte live vorgef\u00fchrt zu bekommen und kennenzulernen. Wer Interesse hat, kann sich dann direkt bei mir etwas bestellen oder die vorgef\u00fchrten\/mitgebrachten Unikate vor Ort kaufen.<\/p>\n<p style=\"text-align: justify;\"><strong>So funktioniert es:<\/strong><\/p>\n<p style=\"text-align: justify;\">Du l\u00e4dst Freunde ein, und ich komme mit meinen selbstgen\u00e4hten Exemplaren und einer Stoffauswahl in Form von Proben zu Euch &#8211; dann kann die \u201eParty\u201c losgehen.<br \/>\nIhr k\u00f6nnt Euch ein Modell aussuchen, nach Lust und Laune nach Euren W\u00fcnschen gestalten und bei mir in Auftrag geben.<br \/>\nW\u00e4hrend der gesamten Party stehe ich Euch Rede und Antwort und mit Tipps zur Seite.<\/p>\n<p style=\"text-align: justify;\"><strong>Welche Vorteile habt Ihr von einer <em>N\u00c4Hchstenliebe-Party<\/em>?<\/strong><\/p>\n<ul style=\"text-align: justify;\">\n<li>Ihr erhaltet ein Gastgebergeschenk<\/li>\n<li>Ihr habt mal wieder einen netten Abend mit Euren Freundinnen, bei dem ihr ungest\u00f6rt \u00fcber Taschen, Loops und Accessoires plaudern k\u00f6nnt<\/li>\n<li>Ihr k\u00f6nnt alles bei mir bestellen individuell nach Euren W\u00fcnschen und Bed\u00fcrfnissen<\/li>\n<li>Ihr habt die M\u00f6glichkeit, alles live zu sehen und anzufassen und die Unikate, die ich f\u00fcr Euch dabei habe, direkt vor Ort zu erwerben<\/li>\n<\/ul>\n<p style=\"text-align: justify;\">Genau das ist es n\u00e4mlich, was mich von allen anderen Parties unterscheidet. Ihr k\u00f6nnt alles, was ich f\u00fcr Euch dabei habe, direkt vor Ort erstehen!<\/p>\n<p style=\"text-align: justify;\"><strong>Welche Voraussetzungen m\u00fcssen gegeben sein?<\/strong><\/p>\n<ul style=\"text-align: justify;\">\n<li>Vier bis sieben Freundinnen oder Freunde, die Spa\u00df an einem sch\u00f6nen Abend mit Taschen, Loops und Accessoires haben<\/li>\n<\/ul>\n<p style=\"text-align: justify;\">Wenn ich nun Euer Interesse geweckt habe und Ihr mehr erfahren wollt oder direkt einen Termin vereinbaren m\u00f6chtet, dann schreibt mir an:<strong> <a href=\"mailto:nicole@naehchstenliebe.de\">nicole@naehchstenliebe.de<\/a>.<br \/>\n<\/strong><\/p>\n<p style=\"text-align: justify;\"><em>Ich freue mich schon auf Euch!<\/em><\/p>\n","protected":false},"excerpt":{"rendered":"<p>Jeder kennt die typischen Parties f\u00fcr die Putzteufel, die Hobbyk\u00f6che und die Aufbewahrungs-Box-Experten ;). Mittlerweile gibt es f\u00fcr so Vieles eine Party. Warum dann nicht auch f\u00fcr selbstgen\u00e4hte Sachen? Ich m\u00f6chte Euch die M\u00f6glichkeit geben, meine selbstgen\u00e4hten Projekte live vorgef\u00fchrt &hellip; <a href=\"http:\/\/naehchstenliebe.de\/?page_id=1291\">Weiterlesen <span class=\"meta-nav\">&rarr;<\/span><\/a><\/p>\n","protected":false},"author":2,"featured_media":0,"parent":0,"menu_order":0,"comment_status":"closed","ping_status":"closed","template":"","meta":{"footnotes":""},"class_list":["post-1291","page","type-page","status-publish","hentry"],"_links":{"self":[{"href":"http:\/\/naehchstenliebe.de\/index.php?rest_route=\/wp\/v2\/pages\/1291","targetHints":{"allow":["GET"]}}],"collection":[{"href":"http:\/\/naehchstenliebe.de\/index.php?rest_route=\/wp\/v2\/pages"}],"about":[{"href":"http:\/\/naehchstenliebe.de\/index.php?rest_route=\/wp\/v2\/types\/page"}],"author":[{"embeddable":true,"href":"http:\/\/naehchstenliebe.de\/index.php?rest_route=\/wp\/v2\/users\/2"}],"replies":[{"embeddable":true,"href":"http:\/\/naehchstenliebe.de\/index.php?rest_route=%2Fwp%2Fv2%2Fcomments&post=1291"}],"version-history":[{"count":5,"href":"http:\/\/naehchstenliebe.de\/index.php?rest_route=\/wp\/v2\/pages\/1291\/revisions"}],"predecessor-version":[{"id":1475,"href":"http:\/\/naehchstenliebe.de\/index.php?rest_route=\/wp\/v2\/pages\/1291\/revisions\/1475"}],"wp:attachment":[{"href":"http:\/\/naehchstenliebe.de\/index.php?rest_route=%2Fwp%2Fv2%2Fmedia&parent=1291"}],"curies":[{"name":"wp","href":"https:\/\/api.w.org\/{rel}","templated":true}]}}