{"id":1250,"date":"2015-04-14T09:27:34","date_gmt":"2015-04-14T09:27:34","guid":{"rendered":"http:\/\/naehchstenliebe.de\/?page_id=1250"},"modified":"2015-04-14T09:30:52","modified_gmt":"2015-04-14T09:30:52","slug":"armbaender","status":"publish","type":"page","link":"http:\/\/naehchstenliebe.de\/?page_id=1250","title":{"rendered":"Armb\u00e4nder"},"content":{"rendered":"<div class=\"fcbkbttn_buttons_block\" id=\"fcbkbttn_left\"><div class=\"fcbkbttn_like \"><fb:like href=\"http:\/\/naehchstenliebe.de\/?page_id=1250\" action=\"like\" colorscheme=\"light\" layout=\"button_count\"  size=\"small\"><\/fb:like><\/div><\/div><p><a href=\"http:\/\/naehchstenliebe.de\/wp-content\/uploads\/2014\/02\/Stars-zipper-bracelet.jpg\"><img loading=\"lazy\" decoding=\"async\" class=\"alignleft wp-image-1249 size-medium\" src=\"http:\/\/naehchstenliebe.de\/wp-content\/uploads\/2014\/02\/Stars-zipper-bracelet-300x265.jpg\" alt=\"Stars Zipper Bracelet\" width=\"300\" height=\"265\" srcset=\"http:\/\/naehchstenliebe.de\/wp-content\/uploads\/2014\/02\/Stars-zipper-bracelet-300x265.jpg 300w, http:\/\/naehchstenliebe.de\/wp-content\/uploads\/2014\/02\/Stars-zipper-bracelet-1024x904.jpg 1024w, http:\/\/naehchstenliebe.de\/wp-content\/uploads\/2014\/02\/Stars-zipper-bracelet-340x300.jpg 340w\" sizes=\"auto, (max-width: 300px) 100vw, 300px\" \/><\/a><em><strong>Stars Zipper Bracelet<\/strong><\/em><\/p>\n<p style=\"text-align: justify;\">Dieses Armband besteht aus einem Rei\u00dfverschluss, der mit einem Webband aufgepeppt wurde. An den beiden Enden l\u00e4sst es sich mit Hilfe eines Kamsnap schlie\u00dfen und sitzt somit fest am Handgelenk.<\/p>\n","protected":false},"excerpt":{"rendered":"<p>Stars Zipper Bracelet Dieses Armband besteht aus einem Rei\u00dfverschluss, der mit einem Webband aufgepeppt wurde. An den beiden Enden l\u00e4sst es sich mit Hilfe eines Kamsnap schlie\u00dfen und sitzt somit fest am Handgelenk.<\/p>\n","protected":false},"author":2,"featured_media":0,"parent":0,"menu_order":0,"comment_status":"open","ping_status":"open","template":"","meta":{"footnotes":""},"class_list":["post-1250","page","type-page","status-publish","hentry"],"_links":{"self":[{"href":"http:\/\/naehchstenliebe.de\/index.php?rest_route=\/wp\/v2\/pages\/1250","targetHints":{"allow":["GET"]}}],"collection":[{"href":"http:\/\/naehchstenliebe.de\/index.php?rest_route=\/wp\/v2\/pages"}],"about":[{"href":"http:\/\/naehchstenliebe.de\/index.php?rest_route=\/wp\/v2\/types\/page"}],"author":[{"embeddable":true,"href":"http:\/\/naehchstenliebe.de\/index.php?rest_route=\/wp\/v2\/users\/2"}],"replies":[{"embeddable":true,"href":"http:\/\/naehchstenliebe.de\/index.php?rest_route=%2Fwp%2Fv2%2Fcomments&post=1250"}],"version-history":[{"count":3,"href":"http:\/\/naehchstenliebe.de\/index.php?rest_route=\/wp\/v2\/pages\/1250\/revisions"}],"predecessor-version":[{"id":1254,"href":"http:\/\/naehchstenliebe.de\/index.php?rest_route=\/wp\/v2\/pages\/1250\/revisions\/1254"}],"wp:attachment":[{"href":"http:\/\/naehchstenliebe.de\/index.php?rest_route=%2Fwp%2Fv2%2Fmedia&parent=1250"}],"curies":[{"name":"wp","href":"https:\/\/api.w.org\/{rel}","templated":true}]}}