{"id":1216,"date":"2015-03-30T20:02:37","date_gmt":"2015-03-30T20:02:37","guid":{"rendered":"http:\/\/naehchstenliebe.de\/?page_id=1216"},"modified":"2016-06-23T20:27:56","modified_gmt":"2016-06-23T20:27:56","slug":"schnullerbaender","status":"publish","type":"page","link":"http:\/\/naehchstenliebe.de\/?page_id=1216","title":{"rendered":"Schnullerb\u00e4nder"},"content":{"rendered":"<div class=\"fcbkbttn_buttons_block\" id=\"fcbkbttn_left\"><div class=\"fcbkbttn_like \"><fb:like href=\"http:\/\/naehchstenliebe.de\/?page_id=1216\" action=\"like\" colorscheme=\"light\" layout=\"button_count\"  size=\"small\"><\/fb:like><\/div><\/div><p style=\"text-align: justify;\">Der Schnuller wird mittels einem Druckknopf am Band befestigt. Mit Hilfe eines Silikonrings lassen sich auch b\u00fcgellose Schnuller befestigen. Das Band l\u00e4sst sich mit Hilfe eines Clips an der Kleidung befestigen, so dass nie wieder der Schnuller gesucht werden muss.<\/p>\n<div style=\"display: table;\">\n<p><a href=\"http:\/\/naehchstenliebe.de\/wp-content\/uploads\/2015\/03\/Schnullerband-Boyfriend-blog.jpg\"><img loading=\"lazy\" decoding=\"async\" class=\"alignleft wp-image-1217 size-medium\" src=\"http:\/\/naehchstenliebe.de\/wp-content\/uploads\/2015\/03\/Schnullerband-Boyfriend-blog-300x193.jpg\" alt=\"Schnullerband Boyfriend\" width=\"300\" height=\"193\" srcset=\"http:\/\/naehchstenliebe.de\/wp-content\/uploads\/2015\/03\/Schnullerband-Boyfriend-blog-300x193.jpg 300w, http:\/\/naehchstenliebe.de\/wp-content\/uploads\/2015\/03\/Schnullerband-Boyfriend-blog-1024x658.jpg 1024w, http:\/\/naehchstenliebe.de\/wp-content\/uploads\/2015\/03\/Schnullerband-Boyfriend-blog-467x300.jpg 467w, http:\/\/naehchstenliebe.de\/wp-content\/uploads\/2015\/03\/Schnullerband-Boyfriend-blog.jpg 1988w\" sizes=\"auto, (max-width: 300px) 100vw, 300px\" \/><\/a><\/p>\n<p><em><strong>Schnullerband &#8222;Boyfriend&#8220;<\/strong><\/em><\/p>\n<p>Dieses Band entstand f\u00fcr den Zwerg eines befreundeten P\u00e4rchens. Ganz in blau \ud83d\ude09<\/p>\n<\/div>\n<p>&nbsp;<\/p>\n<div style=\"display: table;\">\n<div style=\"display: table;\">\n<p style=\"text-align: justify;\"><a href=\"http:\/\/naehchstenliebe.de\/wp-content\/uploads\/2015\/03\/Schnullerband-Pink-Butterfly.jpg\"><img loading=\"lazy\" decoding=\"async\" class=\"alignleft wp-image-1218 size-medium\" src=\"http:\/\/naehchstenliebe.de\/wp-content\/uploads\/2015\/03\/Schnullerband-Pink-Butterfly-300x197.jpg\" alt=\"Schnullerband Pink Butterfly\" width=\"300\" height=\"197\" srcset=\"http:\/\/naehchstenliebe.de\/wp-content\/uploads\/2015\/03\/Schnullerband-Pink-Butterfly-300x197.jpg 300w, http:\/\/naehchstenliebe.de\/wp-content\/uploads\/2015\/03\/Schnullerband-Pink-Butterfly-1024x674.jpg 1024w, http:\/\/naehchstenliebe.de\/wp-content\/uploads\/2015\/03\/Schnullerband-Pink-Butterfly-456x300.jpg 456w\" sizes=\"auto, (max-width: 300px) 100vw, 300px\" \/><\/a><\/p>\n<p style=\"text-align: justify;\"><strong><em>Schnullerband Pink Butterfly<\/em><\/strong><\/p>\n<p style=\"text-align: justify;\">Dieses Band sollte f\u00fcr ein kleines M\u00e4dchen sein. Auftrag war es, dass das Band m\u00e4dchenhaft wird und der Name draufsteht. Auftrag erledigt? \ud83d\ude09<\/p>\n<p style=\"text-align: justify;\">\n<\/div>\n<div style=\"display: table;\">\n<p style=\"text-align: justify;\"><a href=\"http:\/\/naehchstenliebe.de\/wp-content\/uploads\/2016\/06\/PhotoGrid_1466114412028.jpg\"><img loading=\"lazy\" decoding=\"async\" class=\"size-medium wp-image-1522 alignleft\" src=\"http:\/\/naehchstenliebe.de\/wp-content\/uploads\/2016\/06\/PhotoGrid_1466114412028-250x300.jpg\" alt=\"Schnullerband Alena\" width=\"250\" height=\"300\" srcset=\"http:\/\/naehchstenliebe.de\/wp-content\/uploads\/2016\/06\/PhotoGrid_1466114412028-250x300.jpg 250w, http:\/\/naehchstenliebe.de\/wp-content\/uploads\/2016\/06\/PhotoGrid_1466114412028.jpg 720w\" sizes=\"auto, (max-width: 250px) 100vw, 250px\" \/><\/a><\/p>\n<p style=\"text-align: justify;\"><strong><em>Schnullerband Pink Elephant<\/em><\/strong><\/p>\n<p style=\"text-align: justify;\">Dieses Band entstand f\u00fcr das zweite Kind eines befreundeten P\u00e4rchens. F\u00fcr eine kleine Prinzessin \ud83d\ude09<\/p>\n<\/div>\n<\/div>\n","protected":false},"excerpt":{"rendered":"<p>Der Schnuller wird mittels einem Druckknopf am Band befestigt. Mit Hilfe eines Silikonrings lassen sich auch b\u00fcgellose Schnuller befestigen. Das Band l\u00e4sst sich mit Hilfe eines Clips an der Kleidung befestigen, so dass nie wieder der Schnuller gesucht werden muss. &hellip; <a href=\"http:\/\/naehchstenliebe.de\/?page_id=1216\">Weiterlesen <span class=\"meta-nav\">&rarr;<\/span><\/a><\/p>\n","protected":false},"author":2,"featured_media":0,"parent":0,"menu_order":0,"comment_status":"open","ping_status":"open","template":"","meta":{"footnotes":""},"class_list":["post-1216","page","type-page","status-publish","hentry"],"_links":{"self":[{"href":"http:\/\/naehchstenliebe.de\/index.php?rest_route=\/wp\/v2\/pages\/1216","targetHints":{"allow":["GET"]}}],"collection":[{"href":"http:\/\/naehchstenliebe.de\/index.php?rest_route=\/wp\/v2\/pages"}],"about":[{"href":"http:\/\/naehchstenliebe.de\/index.php?rest_route=\/wp\/v2\/types\/page"}],"author":[{"embeddable":true,"href":"http:\/\/naehchstenliebe.de\/index.php?rest_route=\/wp\/v2\/users\/2"}],"replies":[{"embeddable":true,"href":"http:\/\/naehchstenliebe.de\/index.php?rest_route=%2Fwp%2Fv2%2Fcomments&post=1216"}],"version-history":[{"count":7,"href":"http:\/\/naehchstenliebe.de\/index.php?rest_route=\/wp\/v2\/pages\/1216\/revisions"}],"predecessor-version":[{"id":1538,"href":"http:\/\/naehchstenliebe.de\/index.php?rest_route=\/wp\/v2\/pages\/1216\/revisions\/1538"}],"wp:attachment":[{"href":"http:\/\/naehchstenliebe.de\/index.php?rest_route=%2Fwp%2Fv2%2Fmedia&parent=1216"}],"curies":[{"name":"wp","href":"https:\/\/api.w.org\/{rel}","templated":true}]}}