{"id":1012,"date":"2014-11-09T20:27:58","date_gmt":"2014-11-09T20:27:58","guid":{"rendered":"http:\/\/naehchstenliebe.de\/?page_id=1012"},"modified":"2015-04-28T07:45:08","modified_gmt":"2015-04-28T07:45:08","slug":"loops","status":"publish","type":"page","link":"http:\/\/naehchstenliebe.de\/?page_id=1012","title":{"rendered":"Loops"},"content":{"rendered":"<div class=\"fcbkbttn_buttons_block\" id=\"fcbkbttn_left\"><div class=\"fcbkbttn_like \"><fb:like href=\"http:\/\/naehchstenliebe.de\/?page_id=1012\" action=\"like\" colorscheme=\"light\" layout=\"button_count\"  size=\"small\"><\/fb:like><\/div><\/div><div style=\"display: table;\">\n<p><a href=\"http:\/\/naehchstenliebe.de\/wp-content\/uploads\/2014\/02\/Loop_aus_Fell.jpg\"><img loading=\"lazy\" decoding=\"async\" class=\"alignleft wp-image-1011 size-medium\" src=\"http:\/\/naehchstenliebe.de\/wp-content\/uploads\/2014\/02\/Loop_aus_Fell-225x300.jpg\" alt=\"Loop aus Fell\" width=\"225\" height=\"300\" srcset=\"http:\/\/naehchstenliebe.de\/wp-content\/uploads\/2014\/02\/Loop_aus_Fell-225x300.jpg 225w, http:\/\/naehchstenliebe.de\/wp-content\/uploads\/2014\/02\/Loop_aus_Fell-768x1024.jpg 768w, http:\/\/naehchstenliebe.de\/wp-content\/uploads\/2014\/02\/Loop_aus_Fell.jpg 1224w\" sizes=\"auto, (max-width: 225px) 100vw, 225px\" \/><\/a><\/p>\n<p style=\"text-align: justify;\"><em><strong>Silky Fur &#8211; Loop<\/strong><\/em><\/p>\n<p style=\"text-align: justify;\">Dieser Loop besteht aus einem t\u00fcrkisfarbenen Soft-Fell-Imitat. Durch die L\u00e4nge von ca. 1,50 m l\u00e4sst er sich problemlos doppelt um den Hals wickeln und w\u00e4rmt somit noch besser. Streicheleinheiten garantiert \ud83d\ude42<\/p>\n<\/div>\n<div style=\"display: table;\">\n<p style=\"text-align: justify;\"><a href=\"http:\/\/naehchstenliebe.de\/wp-content\/uploads\/2014\/11\/Ros\u00e9-Loop.jpg\"><img loading=\"lazy\" decoding=\"async\" class=\"alignleft wp-image-1018 size-medium\" src=\"http:\/\/naehchstenliebe.de\/wp-content\/uploads\/2014\/11\/Ros\u00e9-Loop-225x300.jpg\" alt=\"Ros\u00e9 Loop\" width=\"225\" height=\"300\" srcset=\"http:\/\/naehchstenliebe.de\/wp-content\/uploads\/2014\/11\/Ros\u00e9-Loop-225x300.jpg 225w, http:\/\/naehchstenliebe.de\/wp-content\/uploads\/2014\/11\/Ros\u00e9-Loop-768x1024.jpg 768w, http:\/\/naehchstenliebe.de\/wp-content\/uploads\/2014\/11\/Ros\u00e9-Loop.jpg 1224w\" sizes=\"auto, (max-width: 225px) 100vw, 225px\" \/><\/a><\/p>\n<p><em><strong>Ros\u00e9 Loop<\/strong><\/em><\/p>\n<p style=\"text-align: justify;\">Ein sch\u00f6ner Loop f\u00fcr die Wintertage. Er f\u00e4llt geschmeidig um den Hals und w\u00e4rmt durch sein Fleece.<\/p>\n<\/div>\n<div style=\"display: table;\">\n<p style=\"text-align: justify;\"><a href=\"http:\/\/naehchstenliebe.de\/wp-content\/uploads\/2014\/09\/Loop-Verdancy.jpg\"><img loading=\"lazy\" decoding=\"async\" class=\"alignleft wp-image-1258 \" src=\"http:\/\/naehchstenliebe.de\/wp-content\/uploads\/2014\/09\/Loop-Verdancy-300x236.jpg\" alt=\"Loop Verdancy\" width=\"226\" height=\"180\" \/><\/a><\/p>\n<p><em><strong>Loop &#8222;Verdancy&#8220;<\/strong><\/em><\/p>\n<p style=\"text-align: justify;\">Durch das sch\u00f6ne Gr\u00fcn und dem leichten Jersey ideal f\u00fcr den Fr\u00fchling. (Ma\u00dfe: ca. 144cm x 31cm)<\/p>\n<\/div>\n<div style=\"display: table;\">\n<p style=\"text-align: justify;\"><a href=\"http:\/\/naehchstenliebe.de\/wp-content\/uploads\/2014\/11\/Loop-Schal-Pink-Lady-KLEIN.jpg\"><img loading=\"lazy\" decoding=\"async\" class=\"alignleft wp-image-1266 size-medium\" src=\"http:\/\/naehchstenliebe.de\/wp-content\/uploads\/2014\/11\/Loop-Schal-Pink-Lady-KLEIN-300x240.jpg\" alt=\"Loop Pink Lady\" width=\"300\" height=\"240\" srcset=\"http:\/\/naehchstenliebe.de\/wp-content\/uploads\/2014\/11\/Loop-Schal-Pink-Lady-KLEIN-300x240.jpg 300w, http:\/\/naehchstenliebe.de\/wp-content\/uploads\/2014\/11\/Loop-Schal-Pink-Lady-KLEIN-1024x819.jpg 1024w, http:\/\/naehchstenliebe.de\/wp-content\/uploads\/2014\/11\/Loop-Schal-Pink-Lady-KLEIN-375x300.jpg 375w\" sizes=\"auto, (max-width: 300px) 100vw, 300px\" \/><\/a><em><strong>Loop &#8222;Pink Lady&#8220;<\/strong><\/em><\/p>\n<p style=\"text-align: justify;\"><span data-reactid=\".3w.1:3:1:$comment448668735309885_448672171976208:0.0.$right.0.$left.0.0.1\"><span data-ft=\"{&quot;tn&quot;:&quot;K&quot;}\" data-reactid=\".3w.1:3:1:$comment448668735309885_448672171976208:0.0.$right.0.$left.0.0.1.$comment-body\"><span class=\"UFICommentBody\" data-reactid=\".3w.1:3:1:$comment448668735309885_448672171976208:0.0.$right.0.$left.0.0.1.$comment-body.0\"><span data-reactid=\".3w.1:3:1:$comment448668735309885_448672171976208:0.0.$right.0.$left.0.0.1.$comment-body.0.$end:0:$0:0\">Sehr sch\u00f6ner Loopschal, aus einem leichten und flie\u00dfenden Stoff, wodurch er ein vielseitig kombinierbares Accessoire ist.<\/span><br data-reactid=\".3w.1:3:1:$comment448668735309885_448672171976208:0.0.$right.0.$left.0.0.1.$comment-body.0.$end:0:$1:0\" \/><span data-reactid=\".3w.1:3:1:$comment448668735309885_448672171976208:0.0.$right.0.$left.0.0.1.$comment-body.0.$end:0:$2:0\">Auch geeignet f\u00fcr den Fr\u00fchling. <\/span><br data-reactid=\".3w.1:3:1:$comment448668735309885_448672171976208:0.0.$right.0.$left.0.0.1.$comment-body.0.$end:0:$3:0\" \/><span data-reactid=\".3w.1:3:1:$comment448668735309885_448672171976208:0.0.$right.0.$left.0.0.1.$comment-body.0.$end:0:$4:0\">Der Loopschal l\u00e4sst sich zweifach gewickelt um den Hals tragen.<\/span><\/span><\/span><\/span><\/p>\n<\/div>\n<div style=\"display: table;\"><\/div>\n","protected":false},"excerpt":{"rendered":"<p>Silky Fur &#8211; Loop Dieser Loop besteht aus einem t\u00fcrkisfarbenen Soft-Fell-Imitat. Durch die L\u00e4nge von ca. 1,50 m l\u00e4sst er sich problemlos doppelt um den Hals wickeln und w\u00e4rmt somit noch besser. Streicheleinheiten garantiert \ud83d\ude42 Ros\u00e9 Loop Ein sch\u00f6ner Loop &hellip; <a href=\"http:\/\/naehchstenliebe.de\/?page_id=1012\">Weiterlesen <span class=\"meta-nav\">&rarr;<\/span><\/a><\/p>\n","protected":false},"author":2,"featured_media":0,"parent":0,"menu_order":0,"comment_status":"open","ping_status":"open","template":"","meta":{"footnotes":""},"class_list":["post-1012","page","type-page","status-publish","hentry"],"_links":{"self":[{"href":"http:\/\/naehchstenliebe.de\/index.php?rest_route=\/wp\/v2\/pages\/1012","targetHints":{"allow":["GET"]}}],"collection":[{"href":"http:\/\/naehchstenliebe.de\/index.php?rest_route=\/wp\/v2\/pages"}],"about":[{"href":"http:\/\/naehchstenliebe.de\/index.php?rest_route=\/wp\/v2\/types\/page"}],"author":[{"embeddable":true,"href":"http:\/\/naehchstenliebe.de\/index.php?rest_route=\/wp\/v2\/users\/2"}],"replies":[{"embeddable":true,"href":"http:\/\/naehchstenliebe.de\/index.php?rest_route=%2Fwp%2Fv2%2Fcomments&post=1012"}],"version-history":[{"count":11,"href":"http:\/\/naehchstenliebe.de\/index.php?rest_route=\/wp\/v2\/pages\/1012\/revisions"}],"predecessor-version":[{"id":1267,"href":"http:\/\/naehchstenliebe.de\/index.php?rest_route=\/wp\/v2\/pages\/1012\/revisions\/1267"}],"wp:attachment":[{"href":"http:\/\/naehchstenliebe.de\/index.php?rest_route=%2Fwp%2Fv2%2Fmedia&parent=1012"}],"curies":[{"name":"wp","href":"https:\/\/api.w.org\/{rel}","templated":true}]}}